{"id":71,"date":"2025-03-17T14:29:55","date_gmt":"2025-03-17T13:29:55","guid":{"rendered":"https:\/\/mde.techdeco.fr\/2025groupe121\/?page_id=71"},"modified":"2026-01-19T10:08:54","modified_gmt":"2026-01-19T09:08:54","slug":"contact","status":"publish","type":"page","link":"https:\/\/mde.techdeco.fr\/2025groupe121\/contact\/","title":{"rendered":"Contact"},"content":{"rendered":"\t\t<div data-elementor-type=\"wp-page\" data-elementor-id=\"71\" class=\"elementor elementor-71\">\n\t\t\t\t<div class=\"elementor-element elementor-element-66b04fe e-grid e-con-boxed e-con e-parent\" data-id=\"66b04fe\" data-element_type=\"container\" data-e-type=\"container\">\n\t\t\t\t\t<div class=\"e-con-inner\">\n\t\t\t\t<div class=\"elementor-element elementor-element-4bd2c67 elementor-widget elementor-widget-heading\" data-id=\"4bd2c67\" data-element_type=\"widget\" data-e-type=\"widget\" data-settings=\"{&quot;htmega_fe&quot;:&quot;no&quot;}\" data-widget_type=\"heading.default\">\n\t\t\t\t<div class=\"elementor-widget-container\">\n\t\t\t\t\t<h1 class=\"elementor-heading-title elementor-size-default\"><b>Formulaire de contact<\/b><\/h1>\t\t\t\t<\/div>\n\t\t\t\t<\/div>\n\t\t\t\t<div class=\"elementor-element elementor-element-f4a46e3 elementor-widget elementor-widget-text-editor\" data-id=\"f4a46e3\" data-element_type=\"widget\" data-e-type=\"widget\" data-settings=\"{&quot;htmega_fe&quot;:&quot;no&quot;}\" data-widget_type=\"text-editor.default\">\n\t\t\t\t<div class=\"elementor-widget-container\">\n\t\t\t\t\t\t\t\t\t<p>Dans le but de r\u00e9pondre au mieux \u00e0 votre demande, nous vous prions de bien vouloir utiliser le formulaire ci-dessous. Veuillez nous faire part de vos questions, commentaires ou suggestions, et nous nous engageons \u00e0 vous r\u00e9pondre dans les plus brefs d\u00e9lais.<\/p>\t\t\t\t\t\t\t\t<\/div>\n\t\t\t\t<\/div>\n\t\t\t\t\t<\/div>\n\t\t\t\t<\/div>\n\t\t<div class=\"elementor-element elementor-element-6a35fc6 e-flex e-con-boxed e-con e-parent\" data-id=\"6a35fc6\" data-element_type=\"container\" data-e-type=\"container\">\n\t\t\t\t\t<div class=\"e-con-inner\">\n\t\t\t\t<div class=\"elementor-element elementor-element-7ae15e0 elementor-widget elementor-widget-shortcode\" data-id=\"7ae15e0\" data-element_type=\"widget\" data-e-type=\"widget\" data-settings=\"{&quot;htmega_fe&quot;:&quot;no&quot;}\" data-widget_type=\"shortcode.default\">\n\t\t\t\t<div class=\"elementor-widget-container\">\n\t\t\t\t\t\t\t<div class=\"elementor-shortcode\">\n<div class=\"wpcf7 no-js\" id=\"wpcf7-f80-o1\" lang=\"fr-FR\" dir=\"ltr\" data-wpcf7-id=\"80\">\n<div class=\"screen-reader-response\"><p role=\"status\" aria-live=\"polite\" aria-atomic=\"true\"><\/p> <ul><\/ul><\/div>\n<form action=\"\/2025groupe121\/wp-json\/wp\/v2\/pages\/71#wpcf7-f80-o1\" method=\"post\" class=\"wpcf7-form init\" aria-label=\"Formulaire de contact\" novalidate=\"novalidate\" data-status=\"init\">\n<fieldset class=\"hidden-fields-container\"><input type=\"hidden\" name=\"_wpcf7\" value=\"80\" \/><input type=\"hidden\" name=\"_wpcf7_version\" value=\"6.1.5\" \/><input type=\"hidden\" name=\"_wpcf7_locale\" value=\"fr_FR\" \/><input type=\"hidden\" name=\"_wpcf7_unit_tag\" value=\"wpcf7-f80-o1\" \/><input type=\"hidden\" name=\"_wpcf7_container_post\" value=\"0\" \/><input type=\"hidden\" name=\"_wpcf7_posted_data_hash\" value=\"\" \/>\n<\/fieldset>\n<p><label> Nom<br \/>\n<span class=\"wpcf7-form-control-wrap\" data-name=\"Nom\"><input size=\"40\" maxlength=\"400\" class=\"wpcf7-form-control wpcf7-text wpcf7-validates-as-required\" aria-required=\"true\" aria-invalid=\"false\" value=\"\" type=\"text\" name=\"Nom\" \/><\/span> <\/label>\n<\/p>\n<p><label> Pr\u00e9nom<br \/>\n<span class=\"wpcf7-form-control-wrap\" data-name=\"text-785\"><input size=\"40\" maxlength=\"13\" class=\"wpcf7-form-control wpcf7-text\" aria-invalid=\"false\" value=\"\" type=\"text\" name=\"text-785\" \/><\/span><br \/>\n<\/label><label> Adresse \u00e9lectronique<br \/>\n<span class=\"wpcf7-form-control-wrap\" data-name=\"email\"><input size=\"40\" maxlength=\"400\" class=\"wpcf7-form-control wpcf7-email wpcf7-validates-as-required wpcf7-text wpcf7-validates-as-email\" aria-required=\"true\" aria-invalid=\"false\" value=\"\" type=\"email\" name=\"email\" \/><\/span> <\/label>\n<\/p>\n<p><label> T\u00e9l\u00e9phone<br \/>\n<span class=\"wpcf7-form-control-wrap\" data-name=\"tel-481\"><input size=\"40\" maxlength=\"400\" class=\"wpcf7-form-control wpcf7-tel wpcf7-text wpcf7-validates-as-tel\" aria-invalid=\"false\" value=\"\" type=\"tel\" name=\"tel-481\" \/><\/span> <\/label>\n<\/p>\n<p><label> Code postal<br \/>\n<span class=\"wpcf7-form-control-wrap\" data-name=\"Code\"><input size=\"40\" maxlength=\"400\" class=\"wpcf7-form-control wpcf7-text wpcf7-validates-as-required\" aria-required=\"true\" aria-invalid=\"false\" value=\"\" type=\"text\" name=\"Code\" \/><\/span> <\/label>\n<\/p>\n<p><label> Ville<br \/>\n<span class=\"wpcf7-form-control-wrap\" data-name=\"Ville\"><input size=\"40\" maxlength=\"400\" class=\"wpcf7-form-control wpcf7-text wpcf7-validates-as-required\" aria-required=\"true\" aria-invalid=\"false\" value=\"\" type=\"text\" name=\"Ville\" \/><\/span> <\/label>\n<\/p>\n<p><label> Statut<br \/>\n<span class=\"wpcf7-form-control-wrap\" data-name=\"checkbox-551\"><span class=\"wpcf7-form-control wpcf7-checkbox Statut\"><span class=\"wpcf7-list-item first\"><label><input type=\"checkbox\" name=\"checkbox-551[]\" value=\"Particulier\" \/><span class=\"wpcf7-list-item-label\">Particulier<\/span><\/label><\/span><span class=\"wpcf7-list-item\"><label><input type=\"checkbox\" name=\"checkbox-551[]\" value=\"Entreprise\" \/><span class=\"wpcf7-list-item-label\">Entreprise<\/span><\/label><\/span><span class=\"wpcf7-list-item last\"><label><input type=\"checkbox\" name=\"checkbox-551[]\" value=\"Collectivit\u00e9\" \/><span class=\"wpcf7-list-item-label\">Collectivit\u00e9<\/span><\/label><\/span><\/span><\/span><br \/>\n<\/label><label> Votre demande concerne<br \/>\n<span class=\"wpcf7-form-control-wrap\" data-name=\"checkbox-309\"><span class=\"wpcf7-form-control wpcf7-checkbox Votre demande concerne\"><span class=\"wpcf7-list-item first\"><label><input type=\"checkbox\" name=\"checkbox-309[]\" value=\"Commercial\" \/><span class=\"wpcf7-list-item-label\">Commercial<\/span><\/label><\/span><span class=\"wpcf7-list-item last\"><label><input type=\"checkbox\" name=\"checkbox-309[]\" value=\"Sponsoring\/M\u00e9c\u00e9nat\" \/><span class=\"wpcf7-list-item-label\">Sponsoring\/M\u00e9c\u00e9nat<\/span><\/label><\/span><\/span><\/span><br \/>\n<\/label><label> Votre message (facultatif)<br \/>\n<span class=\"wpcf7-form-control-wrap\" data-name=\"your-message\"><textarea cols=\"40\" rows=\"10\" maxlength=\"2000\" class=\"wpcf7-form-control wpcf7-textarea\" aria-invalid=\"false\" name=\"your-message\"><\/textarea><\/span> <\/label>\n<\/p>\n<p><input class=\"wpcf7-form-control wpcf7-submit has-spinner\" type=\"submit\" value=\"Envoyer\" \/>\n<\/p><p style=\"display: none !important;\" class=\"akismet-fields-container\" data-prefix=\"_wpcf7_ak_\"><label>&#916;<textarea name=\"_wpcf7_ak_hp_textarea\" cols=\"45\" rows=\"8\" maxlength=\"100\"><\/textarea><\/label><input type=\"hidden\" id=\"ak_js_1\" name=\"_wpcf7_ak_js\" value=\"214\"\/><script>document.getElementById( \"ak_js_1\" ).setAttribute( \"value\", ( new Date() ).getTime() );<\/script><\/p><div class=\"wpcf7-response-output\" aria-hidden=\"true\"><\/div>\n<\/form>\n<\/div>\n<\/div>\n\t\t\t\t\t\t<\/div>\n\t\t\t\t<\/div>\n\t\t\t\t\t<\/div>\n\t\t\t\t<\/div>\n\t\t\t\t<\/div>\n\t\t","protected":false},"excerpt":{"rendered":"<p>Formulaire de contact Dans le but de r\u00e9pondre au mieux \u00e0 votre demande, nous vous prions de bien vouloir utiliser le formulaire ci-dessous. Veuillez nous faire part de vos questions, commentaires ou suggestions, et nous nous engageons \u00e0 vous r\u00e9pondre dans les plus brefs d\u00e9lais.<\/p>\n","protected":false},"author":3,"featured_media":0,"parent":0,"menu_order":0,"comment_status":"closed","ping_status":"closed","template":"","meta":{"footnotes":""},"class_list":["post-71","page","type-page","status-publish","hentry","entry"],"yoast_head":"<!-- This site is optimized with the Yoast SEO plugin v27.4 - https:\/\/yoast.com\/product\/yoast-seo-wordpress\/ -->\n<title>Contact - Greenburo<\/title>\n<meta name=\"description\" content=\"Contact, devis et renseignements : Contactez-nous pour obtenir un devis gratuit et des informations sur le recyclage de vos d\u00e9chets.\" \/>\n<meta name=\"robots\" content=\"index, follow, max-snippet:-1, max-image-preview:large, max-video-preview:-1\" \/>\n<link rel=\"canonical\" href=\"https:\/\/mde.techdeco.fr\/2025groupe121\/contact\/\" \/>\n<meta property=\"og:locale\" content=\"fr_FR\" \/>\n<meta property=\"og:type\" content=\"article\" \/>\n<meta property=\"og:title\" content=\"Contact - Greenburo\" \/>\n<meta property=\"og:description\" content=\"Contact, devis et renseignements : Contactez-nous pour obtenir un devis gratuit et des informations sur le recyclage de vos d\u00e9chets.\" \/>\n<meta property=\"og:url\" content=\"https:\/\/mde.techdeco.fr\/2025groupe121\/contact\/\" \/>\n<meta property=\"og:site_name\" content=\"Greenburo\" \/>\n<meta property=\"article:modified_time\" content=\"2026-01-19T09:08:54+00:00\" \/>\n<meta name=\"twitter:card\" content=\"summary_large_image\" \/>\n<meta name=\"twitter:label1\" content=\"Dur\u00e9e de lecture estim\u00e9e\" \/>\n\t<meta name=\"twitter:data1\" content=\"1 minute\" \/>\n<script type=\"application\/ld+json\" class=\"yoast-schema-graph\">{\"@context\":\"https:\\\/\\\/schema.org\",\"@graph\":[{\"@type\":\"WebPage\",\"@id\":\"https:\\\/\\\/mde.techdeco.fr\\\/2025groupe121\\\/contact\\\/\",\"url\":\"https:\\\/\\\/mde.techdeco.fr\\\/2025groupe121\\\/contact\\\/\",\"name\":\"Contact - Greenburo\",\"isPartOf\":{\"@id\":\"https:\\\/\\\/mde.techdeco.fr\\\/2025groupe121\\\/#website\"},\"datePublished\":\"2025-03-17T13:29:55+00:00\",\"dateModified\":\"2026-01-19T09:08:54+00:00\",\"description\":\"Contact, devis et renseignements : Contactez-nous pour obtenir un devis gratuit et des informations sur le recyclage de vos d\u00e9chets.\",\"breadcrumb\":{\"@id\":\"https:\\\/\\\/mde.techdeco.fr\\\/2025groupe121\\\/contact\\\/#breadcrumb\"},\"inLanguage\":\"fr-FR\",\"potentialAction\":[{\"@type\":\"ReadAction\",\"target\":[\"https:\\\/\\\/mde.techdeco.fr\\\/2025groupe121\\\/contact\\\/\"]}]},{\"@type\":\"BreadcrumbList\",\"@id\":\"https:\\\/\\\/mde.techdeco.fr\\\/2025groupe121\\\/contact\\\/#breadcrumb\",\"itemListElement\":[{\"@type\":\"ListItem\",\"position\":1,\"name\":\"Accueil\",\"item\":\"https:\\\/\\\/mde.techdeco.fr\\\/2025groupe121\\\/\"},{\"@type\":\"ListItem\",\"position\":2,\"name\":\"Contact\"}]},{\"@type\":\"WebSite\",\"@id\":\"https:\\\/\\\/mde.techdeco.fr\\\/2025groupe121\\\/#website\",\"url\":\"https:\\\/\\\/mde.techdeco.fr\\\/2025groupe121\\\/\",\"name\":\"Greenburo\",\"description\":\"\",\"publisher\":{\"@id\":\"https:\\\/\\\/mde.techdeco.fr\\\/2025groupe121\\\/#organization\"},\"potentialAction\":[{\"@type\":\"SearchAction\",\"target\":{\"@type\":\"EntryPoint\",\"urlTemplate\":\"https:\\\/\\\/mde.techdeco.fr\\\/2025groupe121\\\/?s={search_term_string}\"},\"query-input\":{\"@type\":\"PropertyValueSpecification\",\"valueRequired\":true,\"valueName\":\"search_term_string\"}}],\"inLanguage\":\"fr-FR\"},{\"@type\":\"Organization\",\"@id\":\"https:\\\/\\\/mde.techdeco.fr\\\/2025groupe121\\\/#organization\",\"name\":\"Greenburo\",\"url\":\"https:\\\/\\\/mde.techdeco.fr\\\/2025groupe121\\\/\",\"logo\":{\"@type\":\"ImageObject\",\"inLanguage\":\"fr-FR\",\"@id\":\"https:\\\/\\\/mde.techdeco.fr\\\/2025groupe121\\\/#\\\/schema\\\/logo\\\/image\\\/\",\"url\":\"https:\\\/\\\/mde.techdeco.fr\\\/2025groupe121\\\/wp-content\\\/uploads\\\/2025\\\/03\\\/logo.png\",\"contentUrl\":\"https:\\\/\\\/mde.techdeco.fr\\\/2025groupe121\\\/wp-content\\\/uploads\\\/2025\\\/03\\\/logo.png\",\"width\":486,\"height\":115,\"caption\":\"Greenburo\"},\"image\":{\"@id\":\"https:\\\/\\\/mde.techdeco.fr\\\/2025groupe121\\\/#\\\/schema\\\/logo\\\/image\\\/\"}}]}<\/script>\n<!-- \/ Yoast SEO plugin. -->","yoast_head_json":{"title":"Contact - Greenburo","description":"Contact, devis et renseignements : Contactez-nous pour obtenir un devis gratuit et des informations sur le recyclage de vos d\u00e9chets.","robots":{"index":"index","follow":"follow","max-snippet":"max-snippet:-1","max-image-preview":"max-image-preview:large","max-video-preview":"max-video-preview:-1"},"canonical":"https:\/\/mde.techdeco.fr\/2025groupe121\/contact\/","og_locale":"fr_FR","og_type":"article","og_title":"Contact - Greenburo","og_description":"Contact, devis et renseignements : Contactez-nous pour obtenir un devis gratuit et des informations sur le recyclage de vos d\u00e9chets.","og_url":"https:\/\/mde.techdeco.fr\/2025groupe121\/contact\/","og_site_name":"Greenburo","article_modified_time":"2026-01-19T09:08:54+00:00","twitter_card":"summary_large_image","twitter_misc":{"Dur\u00e9e de lecture estim\u00e9e":"1 minute"},"schema":{"@context":"https:\/\/schema.org","@graph":[{"@type":"WebPage","@id":"https:\/\/mde.techdeco.fr\/2025groupe121\/contact\/","url":"https:\/\/mde.techdeco.fr\/2025groupe121\/contact\/","name":"Contact - Greenburo","isPartOf":{"@id":"https:\/\/mde.techdeco.fr\/2025groupe121\/#website"},"datePublished":"2025-03-17T13:29:55+00:00","dateModified":"2026-01-19T09:08:54+00:00","description":"Contact, devis et renseignements : Contactez-nous pour obtenir un devis gratuit et des informations sur le recyclage de vos d\u00e9chets.","breadcrumb":{"@id":"https:\/\/mde.techdeco.fr\/2025groupe121\/contact\/#breadcrumb"},"inLanguage":"fr-FR","potentialAction":[{"@type":"ReadAction","target":["https:\/\/mde.techdeco.fr\/2025groupe121\/contact\/"]}]},{"@type":"BreadcrumbList","@id":"https:\/\/mde.techdeco.fr\/2025groupe121\/contact\/#breadcrumb","itemListElement":[{"@type":"ListItem","position":1,"name":"Accueil","item":"https:\/\/mde.techdeco.fr\/2025groupe121\/"},{"@type":"ListItem","position":2,"name":"Contact"}]},{"@type":"WebSite","@id":"https:\/\/mde.techdeco.fr\/2025groupe121\/#website","url":"https:\/\/mde.techdeco.fr\/2025groupe121\/","name":"Greenburo","description":"","publisher":{"@id":"https:\/\/mde.techdeco.fr\/2025groupe121\/#organization"},"potentialAction":[{"@type":"SearchAction","target":{"@type":"EntryPoint","urlTemplate":"https:\/\/mde.techdeco.fr\/2025groupe121\/?s={search_term_string}"},"query-input":{"@type":"PropertyValueSpecification","valueRequired":true,"valueName":"search_term_string"}}],"inLanguage":"fr-FR"},{"@type":"Organization","@id":"https:\/\/mde.techdeco.fr\/2025groupe121\/#organization","name":"Greenburo","url":"https:\/\/mde.techdeco.fr\/2025groupe121\/","logo":{"@type":"ImageObject","inLanguage":"fr-FR","@id":"https:\/\/mde.techdeco.fr\/2025groupe121\/#\/schema\/logo\/image\/","url":"https:\/\/mde.techdeco.fr\/2025groupe121\/wp-content\/uploads\/2025\/03\/logo.png","contentUrl":"https:\/\/mde.techdeco.fr\/2025groupe121\/wp-content\/uploads\/2025\/03\/logo.png","width":486,"height":115,"caption":"Greenburo"},"image":{"@id":"https:\/\/mde.techdeco.fr\/2025groupe121\/#\/schema\/logo\/image\/"}}]}},"_links":{"self":[{"href":"https:\/\/mde.techdeco.fr\/2025groupe121\/wp-json\/wp\/v2\/pages\/71","targetHints":{"allow":["GET"]}}],"collection":[{"href":"https:\/\/mde.techdeco.fr\/2025groupe121\/wp-json\/wp\/v2\/pages"}],"about":[{"href":"https:\/\/mde.techdeco.fr\/2025groupe121\/wp-json\/wp\/v2\/types\/page"}],"author":[{"embeddable":true,"href":"https:\/\/mde.techdeco.fr\/2025groupe121\/wp-json\/wp\/v2\/users\/3"}],"replies":[{"embeddable":true,"href":"https:\/\/mde.techdeco.fr\/2025groupe121\/wp-json\/wp\/v2\/comments?post=71"}],"version-history":[{"count":31,"href":"https:\/\/mde.techdeco.fr\/2025groupe121\/wp-json\/wp\/v2\/pages\/71\/revisions"}],"predecessor-version":[{"id":806,"href":"https:\/\/mde.techdeco.fr\/2025groupe121\/wp-json\/wp\/v2\/pages\/71\/revisions\/806"}],"wp:attachment":[{"href":"https:\/\/mde.techdeco.fr\/2025groupe121\/wp-json\/wp\/v2\/media?parent=71"}],"curies":[{"name":"wp","href":"https:\/\/api.w.org\/{rel}","templated":true}]}}