{"id":573,"date":"2025-10-15T10:34:43","date_gmt":"2025-10-15T08:34:43","guid":{"rendered":"https:\/\/mde.techdeco.fr\/2025groupe121\/?page_id=573"},"modified":"2026-01-19T11:24:04","modified_gmt":"2026-01-19T10:24:04","slug":"collecte-ponctuelle","status":"publish","type":"page","link":"https:\/\/mde.techdeco.fr\/2025groupe121\/nos-services-collecte-tri-dechets\/collecte-ponctuelle\/","title":{"rendered":"Collecte ponctuelle"},"content":{"rendered":"\t\t<div data-elementor-type=\"wp-page\" data-elementor-id=\"573\" class=\"elementor elementor-573\">\n\t\t\t\t<div class=\"elementor-element elementor-element-f5d412d e-flex e-con-boxed e-con e-parent\" data-id=\"f5d412d\" data-element_type=\"container\" data-e-type=\"container\">\n\t\t\t\t\t<div class=\"e-con-inner\">\n\t\t\t\t<div class=\"elementor-element elementor-element-9e8ca55 elementor-widget elementor-widget-image\" data-id=\"9e8ca55\" data-element_type=\"widget\" data-e-type=\"widget\" data-settings=\"{&quot;htmega_fe&quot;:&quot;no&quot;}\" data-widget_type=\"image.default\">\n\t\t\t\t<div class=\"elementor-widget-container\">\n\t\t\t\t\t\t\t\t\t\t\t\t\t\t\t<img fetchpriority=\"high\" decoding=\"async\" width=\"1000\" height=\"240\" src=\"https:\/\/mde.techdeco.fr\/2025groupe121\/wp-content\/uploads\/2026\/01\/1_0.jpg\" class=\"attachment-large size-large wp-image-785\" alt=\"\" srcset=\"https:\/\/mde.techdeco.fr\/2025groupe121\/wp-content\/uploads\/2026\/01\/1_0.jpg 1000w, https:\/\/mde.techdeco.fr\/2025groupe121\/wp-content\/uploads\/2026\/01\/1_0-300x72.jpg 300w, https:\/\/mde.techdeco.fr\/2025groupe121\/wp-content\/uploads\/2026\/01\/1_0-768x184.jpg 768w\" sizes=\"(max-width: 1000px) 100vw, 1000px\" \/>\t\t\t\t\t\t\t\t\t\t\t\t\t\t\t<\/div>\n\t\t\t\t<\/div>\n\t\t\t\t\t<\/div>\n\t\t\t\t<\/div>\n\t\t<div class=\"elementor-element elementor-element-84e16b1 e-flex e-con-boxed e-con e-parent\" data-id=\"84e16b1\" data-element_type=\"container\" data-e-type=\"container\">\n\t\t\t\t\t<div class=\"e-con-inner\">\n\t\t\t\t<div class=\"elementor-element elementor-element-8d88132 elementor-widget elementor-widget-heading\" data-id=\"8d88132\" data-element_type=\"widget\" data-e-type=\"widget\" data-settings=\"{&quot;htmega_fe&quot;:&quot;no&quot;}\" data-widget_type=\"heading.default\">\n\t\t\t\t<div class=\"elementor-widget-container\">\n\t\t\t\t\t<h1 class=\"elementor-heading-title elementor-size-default\">Collecte ponctuelle<\/h1>\t\t\t\t<\/div>\n\t\t\t\t<\/div>\n\t\t\t\t<div class=\"elementor-element elementor-element-609c050 elementor-widget elementor-widget-text-editor\" data-id=\"609c050\" data-element_type=\"widget\" data-e-type=\"widget\" data-settings=\"{&quot;htmega_fe&quot;:&quot;no&quot;}\" data-widget_type=\"text-editor.default\">\n\t\t\t\t<div class=\"elementor-widget-container\">\n\t\t\t\t\t\t\t\t\t<p class=\"whitespace-break-spaces\"><em>Vous avez un besoin ponctuel d\u2019\u00e9vacuation dans le cadre d\u2019un :<\/em><\/p><ul><li>D\u00e9m\u00e9nagement<\/li><li>D\u00e9sarchivage<\/li><li>Renouvellement de parc informatique<\/li><li>Lib\u00e9ration d\u2019espace<\/li><\/ul>\t\t\t\t\t\t\t\t<\/div>\n\t\t\t\t<\/div>\n\t\t\t\t\t<\/div>\n\t\t\t\t<\/div>\n\t\t<div class=\"elementor-element elementor-element-5b675df e-flex e-con-boxed e-con e-parent\" data-id=\"5b675df\" data-element_type=\"container\" data-e-type=\"container\">\n\t\t\t\t\t<div class=\"e-con-inner\">\n\t\t\t\t<div class=\"elementor-element elementor-element-5b2a708 elementor-widget elementor-widget-heading\" data-id=\"5b2a708\" data-element_type=\"widget\" data-e-type=\"widget\" data-settings=\"{&quot;htmega_fe&quot;:&quot;no&quot;}\" data-widget_type=\"heading.default\">\n\t\t\t\t<div class=\"elementor-widget-container\">\n\t\t\t\t\t<h2 class=\"elementor-heading-title elementor-size-default\">Notre offre inclut : <\/h2>\t\t\t\t<\/div>\n\t\t\t\t<\/div>\n\t\t\t\t\t<\/div>\n\t\t\t\t<\/div>\n\t\t<div class=\"elementor-element elementor-element-153b343 e-flex e-con-boxed e-con e-parent\" data-id=\"153b343\" data-element_type=\"container\" data-e-type=\"container\">\n\t\t\t\t\t<div class=\"e-con-inner\">\n\t\t\t\t<div class=\"elementor-element elementor-element-1a6657d elementor-widget elementor-widget-text-editor\" data-id=\"1a6657d\" data-element_type=\"widget\" data-e-type=\"widget\" data-settings=\"{&quot;htmega_fe&quot;:&quot;no&quot;}\" data-widget_type=\"text-editor.default\">\n\t\t\t\t<div class=\"elementor-widget-container\">\n\t\t\t\t\t\t\t\t\t<ul><li class=\"whitespace-break-spaces\">Une \u00e9valuation et un devis gratuits, sans engagement<\/li><li class=\"whitespace-break-spaces\">Une intervention rapide et adapt\u00e9e \u00e0 vos contraintes<\/li><li class=\"whitespace-break-spaces\">Une tra\u00e7abilit\u00e9 compl\u00e8te : certificat de destruction, de recyclage et bordereau de suivi des d\u00e9chets<\/li><\/ul>\t\t\t\t\t\t\t\t<\/div>\n\t\t\t\t<\/div>\n\t\t\t\t\t<\/div>\n\t\t\t\t<\/div>\n\t\t<div class=\"elementor-element elementor-element-f3c5495 e-flex e-con-boxed e-con e-parent\" data-id=\"f3c5495\" data-element_type=\"container\" data-e-type=\"container\">\n\t\t\t\t\t<div class=\"e-con-inner\">\n\t\t<div class=\"elementor-element elementor-element-057a3ea e-con-full e-flex e-con e-child\" data-id=\"057a3ea\" data-element_type=\"container\" data-e-type=\"container\">\n\t\t\t\t<div class=\"elementor-element elementor-element-247b410 elementor-widget elementor-widget-heading\" data-id=\"247b410\" data-element_type=\"widget\" data-e-type=\"widget\" data-settings=\"{&quot;htmega_fe&quot;:&quot;no&quot;}\" data-widget_type=\"heading.default\">\n\t\t\t\t<div class=\"elementor-widget-container\">\n\t\t\t\t\t<h2 class=\"elementor-heading-title elementor-size-default\">Les d\u00e9chets concern\u00e9s <\/h2>\t\t\t\t<\/div>\n\t\t\t\t<\/div>\n\t\t\t\t<div class=\"elementor-element elementor-element-68b959d elementor-widget elementor-widget-text-editor\" data-id=\"68b959d\" data-element_type=\"widget\" data-e-type=\"widget\" data-settings=\"{&quot;htmega_fe&quot;:&quot;no&quot;}\" data-widget_type=\"text-editor.default\">\n\t\t\t\t<div class=\"elementor-widget-container\">\n\t\t\t\t\t\t\t\t\t<ul><li>Papiers et archives (y compris confidentielles)<\/li><li>Cartons et emballages<\/li><li>Mat\u00e9riel informatique, \u00e9lectronique et \u00e9lectrique (D.E.E.E.)<\/li><li>Mobilier de bureau<\/li><li>Ferraille et m\u00e9taux<\/li><\/ul>\t\t\t\t\t\t\t\t<\/div>\n\t\t\t\t<\/div>\n\t\t\t\t<\/div>\n\t\t<div class=\"elementor-element elementor-element-746ccd0 e-con-full e-flex e-con e-child\" data-id=\"746ccd0\" data-element_type=\"container\" data-e-type=\"container\">\n\t\t\t\t<div class=\"elementor-element elementor-element-1f86b06 elementor-widget elementor-widget-image\" data-id=\"1f86b06\" data-element_type=\"widget\" data-e-type=\"widget\" data-settings=\"{&quot;htmega_fe&quot;:&quot;no&quot;}\" data-widget_type=\"image.default\">\n\t\t\t\t<div class=\"elementor-widget-container\">\n\t\t\t\t\t\t\t\t\t\t\t\t\t\t\t<img decoding=\"async\" width=\"1024\" height=\"700\" src=\"https:\/\/mde.techdeco.fr\/2025groupe121\/wp-content\/uploads\/2026\/01\/iStock-1186446649-1024x768-1-1024x700.jpg\" class=\"attachment-ocean-thumb-l size-ocean-thumb-l wp-image-787\" alt=\"\" \/>\t\t\t\t\t\t\t\t\t\t\t\t\t\t\t<\/div>\n\t\t\t\t<\/div>\n\t\t\t\t<\/div>\n\t\t\t\t\t<\/div>\n\t\t\t\t<\/div>\n\t\t<div class=\"elementor-element elementor-element-46be84f e-flex e-con-boxed e-con e-parent\" data-id=\"46be84f\" data-element_type=\"container\" data-e-type=\"container\">\n\t\t\t\t\t<div class=\"e-con-inner\">\n\t\t\t\t<div class=\"elementor-element elementor-element-26b5c7a elementor-widget elementor-widget-heading\" data-id=\"26b5c7a\" data-element_type=\"widget\" data-e-type=\"widget\" data-settings=\"{&quot;htmega_fe&quot;:&quot;no&quot;}\" data-widget_type=\"heading.default\">\n\t\t\t\t<div class=\"elementor-widget-container\">\n\t\t\t\t\t<h2 class=\"elementor-heading-title elementor-size-default\">Pourquoi nous choisir ?<\/h2>\t\t\t\t<\/div>\n\t\t\t\t<\/div>\n\t\t\t\t\t<\/div>\n\t\t\t\t<\/div>\n\t\t<div class=\"elementor-element elementor-element-a5ac72b e-flex e-con-boxed e-con e-parent\" data-id=\"a5ac72b\" data-element_type=\"container\" data-e-type=\"container\">\n\t\t\t\t\t<div class=\"e-con-inner\">\n\t\t<div class=\"elementor-element elementor-element-fcfa9fb e-con-full e-flex e-con e-child\" data-id=\"fcfa9fb\" data-element_type=\"container\" data-e-type=\"container\">\n\t\t\t\t<div class=\"elementor-element elementor-element-a25ff2f elementor-widget__width-initial elementor-widget elementor-widget-image\" data-id=\"a25ff2f\" data-element_type=\"widget\" data-e-type=\"widget\" data-settings=\"{&quot;htmega_fe&quot;:&quot;no&quot;}\" data-widget_type=\"image.default\">\n\t\t\t\t<div class=\"elementor-widget-container\">\n\t\t\t\t\t\t\t\t\t\t\t\t\t\t\t<img decoding=\"async\" src=\"https:\/\/mde.techdeco.fr\/2025groupe121\/wp-content\/uploads\/elementor\/thumbs\/9608934-rhvmp19k0ix2q7cgr94liewd8u9a2gvxm036xhdjli.png\" title=\"9608934\" alt=\"9608934\" loading=\"lazy\" \/>\t\t\t\t\t\t\t\t\t\t\t\t\t\t\t<\/div>\n\t\t\t\t<\/div>\n\t\t\t\t<div class=\"elementor-element elementor-element-0aadb4a elementor-widget elementor-widget-heading\" data-id=\"0aadb4a\" data-element_type=\"widget\" data-e-type=\"widget\" data-settings=\"{&quot;htmega_fe&quot;:&quot;no&quot;}\" data-widget_type=\"heading.default\">\n\t\t\t\t<div class=\"elementor-widget-container\">\n\t\t\t\t\t<h3 class=\"elementor-heading-title elementor-size-default\"><b>Simplicit\u00e9<\/b><\/h3>\t\t\t\t<\/div>\n\t\t\t\t<\/div>\n\t\t\t\t<div class=\"elementor-element elementor-element-19840bc elementor-widget elementor-widget-text-editor\" data-id=\"19840bc\" data-element_type=\"widget\" data-e-type=\"widget\" data-settings=\"{&quot;htmega_fe&quot;:&quot;no&quot;}\" data-widget_type=\"text-editor.default\">\n\t\t\t\t<div class=\"elementor-widget-container\">\n\t\t\t\t\t\t\t\t\t<p><span style=\"font-size: 17px;\">Un interlocuteur unique pour g\u00e9rer l\u2019ensemble de l\u2019op\u00e9ration.<\/span><\/p>\t\t\t\t\t\t\t\t<\/div>\n\t\t\t\t<\/div>\n\t\t\t\t<\/div>\n\t\t<div class=\"elementor-element elementor-element-4cd63a2 e-con-full e-flex e-con e-child\" data-id=\"4cd63a2\" data-element_type=\"container\" data-e-type=\"container\">\n\t\t\t\t<div class=\"elementor-element elementor-element-f9af343 elementor-widget elementor-widget-image\" data-id=\"f9af343\" data-element_type=\"widget\" data-e-type=\"widget\" data-settings=\"{&quot;htmega_fe&quot;:&quot;no&quot;}\" data-widget_type=\"image.default\">\n\t\t\t\t<div class=\"elementor-widget-container\">\n\t\t\t\t\t\t\t\t\t\t\t\t\t\t\t<img decoding=\"async\" src=\"https:\/\/mde.techdeco.fr\/2025groupe121\/wp-content\/uploads\/elementor\/thumbs\/1746650-rhvmuncutwlq2d6wz6hdwhwgyol71e681scl3z1wfq.png\" title=\"1746650\" alt=\"1746650\" loading=\"lazy\" \/>\t\t\t\t\t\t\t\t\t\t\t\t\t\t\t<\/div>\n\t\t\t\t<\/div>\n\t\t\t\t<div class=\"elementor-element elementor-element-133232e elementor-widget elementor-widget-heading\" data-id=\"133232e\" data-element_type=\"widget\" data-e-type=\"widget\" data-settings=\"{&quot;htmega_fe&quot;:&quot;no&quot;}\" data-widget_type=\"heading.default\">\n\t\t\t\t<div class=\"elementor-widget-container\">\n\t\t\t\t\t<h3 class=\"elementor-heading-title elementor-size-default\"><b>S\u00e9curit\u00e9<\/b><\/h3>\t\t\t\t<\/div>\n\t\t\t\t<\/div>\n\t\t\t\t<div class=\"elementor-element elementor-element-c32842c elementor-widget elementor-widget-text-editor\" data-id=\"c32842c\" data-element_type=\"widget\" data-e-type=\"widget\" data-settings=\"{&quot;htmega_fe&quot;:&quot;no&quot;}\" data-widget_type=\"text-editor.default\">\n\t\t\t\t<div class=\"elementor-widget-container\">\n\t\t\t\t\t\t\t\t\t<p><span style=\"font-size: 17px;\">Destruction et recyclage conformes \u00e0 la r\u00e9glementation.<\/span><\/p>\t\t\t\t\t\t\t\t<\/div>\n\t\t\t\t<\/div>\n\t\t\t\t<\/div>\n\t\t<div class=\"elementor-element elementor-element-8136166 e-con-full e-flex e-con e-child\" data-id=\"8136166\" data-element_type=\"container\" data-e-type=\"container\">\n\t\t\t\t<div class=\"elementor-element elementor-element-cc573ea elementor-widget elementor-widget-image\" data-id=\"cc573ea\" data-element_type=\"widget\" data-e-type=\"widget\" data-settings=\"{&quot;htmega_fe&quot;:&quot;no&quot;}\" data-widget_type=\"image.default\">\n\t\t\t\t<div class=\"elementor-widget-container\">\n\t\t\t\t\t\t\t\t\t\t\t\t\t\t\t<img decoding=\"async\" src=\"https:\/\/mde.techdeco.fr\/2025groupe121\/wp-content\/uploads\/elementor\/thumbs\/Icone_Reactivite-rhvmyrvctq910r76vyofugfatk96tkjta7faxoxp4m.png\" title=\"Icone_Reactivite\" alt=\"Icone_Reactivite\" loading=\"lazy\" \/>\t\t\t\t\t\t\t\t\t\t\t\t\t\t\t<\/div>\n\t\t\t\t<\/div>\n\t\t\t\t<div class=\"elementor-element elementor-element-e8c2411 elementor-widget elementor-widget-heading\" data-id=\"e8c2411\" data-element_type=\"widget\" data-e-type=\"widget\" data-settings=\"{&quot;htmega_fe&quot;:&quot;no&quot;}\" data-widget_type=\"heading.default\">\n\t\t\t\t<div class=\"elementor-widget-container\">\n\t\t\t\t\t<h3 class=\"elementor-heading-title elementor-size-default\"><b>R\u00e9activit\u00e9<\/b><\/h3>\t\t\t\t<\/div>\n\t\t\t\t<\/div>\n\t\t\t\t<div class=\"elementor-element elementor-element-0a213d3 elementor-widget elementor-widget-text-editor\" data-id=\"0a213d3\" data-element_type=\"widget\" data-e-type=\"widget\" data-settings=\"{&quot;htmega_fe&quot;:&quot;no&quot;}\" data-widget_type=\"text-editor.default\">\n\t\t\t\t<div class=\"elementor-widget-container\">\n\t\t\t\t\t\t\t\t\t<p><span style=\"font-size: 17px;\">Adaptation \u00e0 vos d\u00e9lais et besoins sp\u00e9cifiques.<\/span><\/p>\t\t\t\t\t\t\t\t<\/div>\n\t\t\t\t<\/div>\n\t\t\t\t<\/div>\n\t\t\t\t\t<\/div>\n\t\t\t\t<\/div>\n\t\t<div class=\"elementor-element elementor-element-d431f61 e-flex e-con-boxed e-con e-parent\" data-id=\"d431f61\" data-element_type=\"container\" data-e-type=\"container\">\n\t\t\t\t\t<div class=\"e-con-inner\">\n\t\t\t\t<div class=\"elementor-element elementor-element-4b82c04 elementor-align-center elementor-widget elementor-widget-button\" data-id=\"4b82c04\" data-element_type=\"widget\" data-e-type=\"widget\" data-settings=\"{&quot;htmega_fe&quot;:&quot;no&quot;}\" data-widget_type=\"button.default\">\n\t\t\t\t<div class=\"elementor-widget-container\">\n\t\t\t\t\t\t\t\t\t<div class=\"elementor-button-wrapper\">\n\t\t\t\t\t<a class=\"elementor-button elementor-button-link elementor-size-sm\" href=\"https:\/\/mde.techdeco.fr\/2025groupe121\/contact\/\">\n\t\t\t\t\t\t<span class=\"elementor-button-content-wrapper\">\n\t\t\t\t\t\t\t\t\t<span class=\"elementor-button-text\">Demandez votre devis gratuit d\u00e8s maintenant.<\/span>\n\t\t\t\t\t<\/span>\n\t\t\t\t\t<\/a>\n\t\t\t\t<\/div>\n\t\t\t\t\t\t\t\t<\/div>\n\t\t\t\t<\/div>\n\t\t\t\t\t<\/div>\n\t\t\t\t<\/div>\n\t\t\t\t<\/div>\n\t\t","protected":false},"excerpt":{"rendered":"<p>Collecte ponctuelle Vous avez un besoin ponctuel d\u2019\u00e9vacuation dans le cadre d\u2019un : D\u00e9m\u00e9nagement D\u00e9sarchivage Renouvellement de parc informatique Lib\u00e9ration d\u2019espace Notre offre inclut : Une \u00e9valuation et un devis gratuits, sans engagement Une intervention rapide et adapt\u00e9e \u00e0 vos contraintes Une tra\u00e7abilit\u00e9 compl\u00e8te : certificat de destruction, de recyclage et bordereau de suivi des [&hellip;]<\/p>\n","protected":false},"author":7,"featured_media":0,"parent":72,"menu_order":0,"comment_status":"closed","ping_status":"closed","template":"","meta":{"footnotes":""},"class_list":["post-573","page","type-page","status-publish","hentry","entry"],"yoast_head":"<!-- This site is optimized with the Yoast SEO plugin v27.4 - https:\/\/yoast.com\/product\/yoast-seo-wordpress\/ -->\n<title>Collecte ponctuelle - D\u00e9chets professionnels Toulouse Greenburo<\/title>\n<meta name=\"description\" content=\"Collecte ponctuelle d\u00e9chets Toulouse : d\u00e9m\u00e9nagement, d\u00e9sarchivage, renouvellement informatique ou lib\u00e9ration d\u2019espace. Demandez un Devis !\" \/>\n<meta name=\"robots\" content=\"index, follow, max-snippet:-1, max-image-preview:large, max-video-preview:-1\" \/>\n<link rel=\"canonical\" href=\"https:\/\/mde.techdeco.fr\/2025groupe121\/nos-services-collecte-tri-dechets\/collecte-ponctuelle\/\" \/>\n<meta property=\"og:locale\" content=\"fr_FR\" \/>\n<meta property=\"og:type\" content=\"article\" \/>\n<meta property=\"og:title\" content=\"Collecte ponctuelle - D\u00e9chets professionnels Toulouse Greenburo\" \/>\n<meta property=\"og:description\" content=\"Collecte ponctuelle d\u00e9chets Toulouse : d\u00e9m\u00e9nagement, d\u00e9sarchivage, renouvellement informatique ou lib\u00e9ration d\u2019espace. Demandez un Devis !\" \/>\n<meta property=\"og:url\" content=\"https:\/\/mde.techdeco.fr\/2025groupe121\/nos-services-collecte-tri-dechets\/collecte-ponctuelle\/\" \/>\n<meta property=\"og:site_name\" content=\"Greenburo\" \/>\n<meta property=\"article:modified_time\" content=\"2026-01-19T10:24:04+00:00\" \/>\n<meta property=\"og:image\" content=\"https:\/\/mde.techdeco.fr\/2025groupe121\/wp-content\/uploads\/2026\/01\/1_0.jpg\" \/>\n\t<meta property=\"og:image:width\" content=\"1000\" \/>\n\t<meta property=\"og:image:height\" content=\"240\" \/>\n\t<meta property=\"og:image:type\" content=\"image\/jpeg\" \/>\n<meta name=\"twitter:card\" content=\"summary_large_image\" \/>\n<meta name=\"twitter:label1\" content=\"Dur\u00e9e de lecture estim\u00e9e\" \/>\n\t<meta name=\"twitter:data1\" content=\"2 minutes\" \/>\n<script type=\"application\/ld+json\" class=\"yoast-schema-graph\">{\"@context\":\"https:\\\/\\\/schema.org\",\"@graph\":[{\"@type\":\"WebPage\",\"@id\":\"https:\\\/\\\/mde.techdeco.fr\\\/2025groupe121\\\/nos-services-collecte-tri-dechets\\\/collecte-ponctuelle\\\/\",\"url\":\"https:\\\/\\\/mde.techdeco.fr\\\/2025groupe121\\\/nos-services-collecte-tri-dechets\\\/collecte-ponctuelle\\\/\",\"name\":\"Collecte ponctuelle - D\u00e9chets professionnels Toulouse Greenburo\",\"isPartOf\":{\"@id\":\"https:\\\/\\\/mde.techdeco.fr\\\/2025groupe121\\\/#website\"},\"primaryImageOfPage\":{\"@id\":\"https:\\\/\\\/mde.techdeco.fr\\\/2025groupe121\\\/nos-services-collecte-tri-dechets\\\/collecte-ponctuelle\\\/#primaryimage\"},\"image\":{\"@id\":\"https:\\\/\\\/mde.techdeco.fr\\\/2025groupe121\\\/nos-services-collecte-tri-dechets\\\/collecte-ponctuelle\\\/#primaryimage\"},\"thumbnailUrl\":\"https:\\\/\\\/mde.techdeco.fr\\\/2025groupe121\\\/wp-content\\\/uploads\\\/2026\\\/01\\\/1_0.jpg\",\"datePublished\":\"2025-10-15T08:34:43+00:00\",\"dateModified\":\"2026-01-19T10:24:04+00:00\",\"description\":\"Collecte ponctuelle d\u00e9chets Toulouse : d\u00e9m\u00e9nagement, d\u00e9sarchivage, renouvellement informatique ou lib\u00e9ration d\u2019espace. Demandez un Devis !\",\"breadcrumb\":{\"@id\":\"https:\\\/\\\/mde.techdeco.fr\\\/2025groupe121\\\/nos-services-collecte-tri-dechets\\\/collecte-ponctuelle\\\/#breadcrumb\"},\"inLanguage\":\"fr-FR\",\"potentialAction\":[{\"@type\":\"ReadAction\",\"target\":[\"https:\\\/\\\/mde.techdeco.fr\\\/2025groupe121\\\/nos-services-collecte-tri-dechets\\\/collecte-ponctuelle\\\/\"]}]},{\"@type\":\"ImageObject\",\"inLanguage\":\"fr-FR\",\"@id\":\"https:\\\/\\\/mde.techdeco.fr\\\/2025groupe121\\\/nos-services-collecte-tri-dechets\\\/collecte-ponctuelle\\\/#primaryimage\",\"url\":\"https:\\\/\\\/mde.techdeco.fr\\\/2025groupe121\\\/wp-content\\\/uploads\\\/2026\\\/01\\\/1_0.jpg\",\"contentUrl\":\"https:\\\/\\\/mde.techdeco.fr\\\/2025groupe121\\\/wp-content\\\/uploads\\\/2026\\\/01\\\/1_0.jpg\",\"width\":1000,\"height\":240},{\"@type\":\"BreadcrumbList\",\"@id\":\"https:\\\/\\\/mde.techdeco.fr\\\/2025groupe121\\\/nos-services-collecte-tri-dechets\\\/collecte-ponctuelle\\\/#breadcrumb\",\"itemListElement\":[{\"@type\":\"ListItem\",\"position\":1,\"name\":\"Accueil\",\"item\":\"https:\\\/\\\/mde.techdeco.fr\\\/2025groupe121\\\/\"},{\"@type\":\"ListItem\",\"position\":2,\"name\":\"Nos services\",\"item\":\"https:\\\/\\\/mde.techdeco.fr\\\/2025groupe121\\\/nos-services-collecte-tri-dechets\\\/\"},{\"@type\":\"ListItem\",\"position\":3,\"name\":\"Collecte ponctuelle\"}]},{\"@type\":\"WebSite\",\"@id\":\"https:\\\/\\\/mde.techdeco.fr\\\/2025groupe121\\\/#website\",\"url\":\"https:\\\/\\\/mde.techdeco.fr\\\/2025groupe121\\\/\",\"name\":\"Greenburo\",\"description\":\"\",\"publisher\":{\"@id\":\"https:\\\/\\\/mde.techdeco.fr\\\/2025groupe121\\\/#organization\"},\"potentialAction\":[{\"@type\":\"SearchAction\",\"target\":{\"@type\":\"EntryPoint\",\"urlTemplate\":\"https:\\\/\\\/mde.techdeco.fr\\\/2025groupe121\\\/?s={search_term_string}\"},\"query-input\":{\"@type\":\"PropertyValueSpecification\",\"valueRequired\":true,\"valueName\":\"search_term_string\"}}],\"inLanguage\":\"fr-FR\"},{\"@type\":\"Organization\",\"@id\":\"https:\\\/\\\/mde.techdeco.fr\\\/2025groupe121\\\/#organization\",\"name\":\"Greenburo\",\"url\":\"https:\\\/\\\/mde.techdeco.fr\\\/2025groupe121\\\/\",\"logo\":{\"@type\":\"ImageObject\",\"inLanguage\":\"fr-FR\",\"@id\":\"https:\\\/\\\/mde.techdeco.fr\\\/2025groupe121\\\/#\\\/schema\\\/logo\\\/image\\\/\",\"url\":\"https:\\\/\\\/mde.techdeco.fr\\\/2025groupe121\\\/wp-content\\\/uploads\\\/2025\\\/03\\\/logo.png\",\"contentUrl\":\"https:\\\/\\\/mde.techdeco.fr\\\/2025groupe121\\\/wp-content\\\/uploads\\\/2025\\\/03\\\/logo.png\",\"width\":486,\"height\":115,\"caption\":\"Greenburo\"},\"image\":{\"@id\":\"https:\\\/\\\/mde.techdeco.fr\\\/2025groupe121\\\/#\\\/schema\\\/logo\\\/image\\\/\"}}]}<\/script>\n<!-- \/ Yoast SEO plugin. -->","yoast_head_json":{"title":"Collecte ponctuelle - D\u00e9chets professionnels Toulouse Greenburo","description":"Collecte ponctuelle d\u00e9chets Toulouse : d\u00e9m\u00e9nagement, d\u00e9sarchivage, renouvellement informatique ou lib\u00e9ration d\u2019espace. Demandez un Devis !","robots":{"index":"index","follow":"follow","max-snippet":"max-snippet:-1","max-image-preview":"max-image-preview:large","max-video-preview":"max-video-preview:-1"},"canonical":"https:\/\/mde.techdeco.fr\/2025groupe121\/nos-services-collecte-tri-dechets\/collecte-ponctuelle\/","og_locale":"fr_FR","og_type":"article","og_title":"Collecte ponctuelle - D\u00e9chets professionnels Toulouse Greenburo","og_description":"Collecte ponctuelle d\u00e9chets Toulouse : d\u00e9m\u00e9nagement, d\u00e9sarchivage, renouvellement informatique ou lib\u00e9ration d\u2019espace. Demandez un Devis !","og_url":"https:\/\/mde.techdeco.fr\/2025groupe121\/nos-services-collecte-tri-dechets\/collecte-ponctuelle\/","og_site_name":"Greenburo","article_modified_time":"2026-01-19T10:24:04+00:00","og_image":[{"width":1000,"height":240,"url":"https:\/\/mde.techdeco.fr\/2025groupe121\/wp-content\/uploads\/2026\/01\/1_0.jpg","type":"image\/jpeg"}],"twitter_card":"summary_large_image","twitter_misc":{"Dur\u00e9e de lecture estim\u00e9e":"2 minutes"},"schema":{"@context":"https:\/\/schema.org","@graph":[{"@type":"WebPage","@id":"https:\/\/mde.techdeco.fr\/2025groupe121\/nos-services-collecte-tri-dechets\/collecte-ponctuelle\/","url":"https:\/\/mde.techdeco.fr\/2025groupe121\/nos-services-collecte-tri-dechets\/collecte-ponctuelle\/","name":"Collecte ponctuelle - D\u00e9chets professionnels Toulouse Greenburo","isPartOf":{"@id":"https:\/\/mde.techdeco.fr\/2025groupe121\/#website"},"primaryImageOfPage":{"@id":"https:\/\/mde.techdeco.fr\/2025groupe121\/nos-services-collecte-tri-dechets\/collecte-ponctuelle\/#primaryimage"},"image":{"@id":"https:\/\/mde.techdeco.fr\/2025groupe121\/nos-services-collecte-tri-dechets\/collecte-ponctuelle\/#primaryimage"},"thumbnailUrl":"https:\/\/mde.techdeco.fr\/2025groupe121\/wp-content\/uploads\/2026\/01\/1_0.jpg","datePublished":"2025-10-15T08:34:43+00:00","dateModified":"2026-01-19T10:24:04+00:00","description":"Collecte ponctuelle d\u00e9chets Toulouse : d\u00e9m\u00e9nagement, d\u00e9sarchivage, renouvellement informatique ou lib\u00e9ration d\u2019espace. Demandez un Devis !","breadcrumb":{"@id":"https:\/\/mde.techdeco.fr\/2025groupe121\/nos-services-collecte-tri-dechets\/collecte-ponctuelle\/#breadcrumb"},"inLanguage":"fr-FR","potentialAction":[{"@type":"ReadAction","target":["https:\/\/mde.techdeco.fr\/2025groupe121\/nos-services-collecte-tri-dechets\/collecte-ponctuelle\/"]}]},{"@type":"ImageObject","inLanguage":"fr-FR","@id":"https:\/\/mde.techdeco.fr\/2025groupe121\/nos-services-collecte-tri-dechets\/collecte-ponctuelle\/#primaryimage","url":"https:\/\/mde.techdeco.fr\/2025groupe121\/wp-content\/uploads\/2026\/01\/1_0.jpg","contentUrl":"https:\/\/mde.techdeco.fr\/2025groupe121\/wp-content\/uploads\/2026\/01\/1_0.jpg","width":1000,"height":240},{"@type":"BreadcrumbList","@id":"https:\/\/mde.techdeco.fr\/2025groupe121\/nos-services-collecte-tri-dechets\/collecte-ponctuelle\/#breadcrumb","itemListElement":[{"@type":"ListItem","position":1,"name":"Accueil","item":"https:\/\/mde.techdeco.fr\/2025groupe121\/"},{"@type":"ListItem","position":2,"name":"Nos services","item":"https:\/\/mde.techdeco.fr\/2025groupe121\/nos-services-collecte-tri-dechets\/"},{"@type":"ListItem","position":3,"name":"Collecte ponctuelle"}]},{"@type":"WebSite","@id":"https:\/\/mde.techdeco.fr\/2025groupe121\/#website","url":"https:\/\/mde.techdeco.fr\/2025groupe121\/","name":"Greenburo","description":"","publisher":{"@id":"https:\/\/mde.techdeco.fr\/2025groupe121\/#organization"},"potentialAction":[{"@type":"SearchAction","target":{"@type":"EntryPoint","urlTemplate":"https:\/\/mde.techdeco.fr\/2025groupe121\/?s={search_term_string}"},"query-input":{"@type":"PropertyValueSpecification","valueRequired":true,"valueName":"search_term_string"}}],"inLanguage":"fr-FR"},{"@type":"Organization","@id":"https:\/\/mde.techdeco.fr\/2025groupe121\/#organization","name":"Greenburo","url":"https:\/\/mde.techdeco.fr\/2025groupe121\/","logo":{"@type":"ImageObject","inLanguage":"fr-FR","@id":"https:\/\/mde.techdeco.fr\/2025groupe121\/#\/schema\/logo\/image\/","url":"https:\/\/mde.techdeco.fr\/2025groupe121\/wp-content\/uploads\/2025\/03\/logo.png","contentUrl":"https:\/\/mde.techdeco.fr\/2025groupe121\/wp-content\/uploads\/2025\/03\/logo.png","width":486,"height":115,"caption":"Greenburo"},"image":{"@id":"https:\/\/mde.techdeco.fr\/2025groupe121\/#\/schema\/logo\/image\/"}}]}},"_links":{"self":[{"href":"https:\/\/mde.techdeco.fr\/2025groupe121\/wp-json\/wp\/v2\/pages\/573","targetHints":{"allow":["GET"]}}],"collection":[{"href":"https:\/\/mde.techdeco.fr\/2025groupe121\/wp-json\/wp\/v2\/pages"}],"about":[{"href":"https:\/\/mde.techdeco.fr\/2025groupe121\/wp-json\/wp\/v2\/types\/page"}],"author":[{"embeddable":true,"href":"https:\/\/mde.techdeco.fr\/2025groupe121\/wp-json\/wp\/v2\/users\/7"}],"replies":[{"embeddable":true,"href":"https:\/\/mde.techdeco.fr\/2025groupe121\/wp-json\/wp\/v2\/comments?post=573"}],"version-history":[{"count":46,"href":"https:\/\/mde.techdeco.fr\/2025groupe121\/wp-json\/wp\/v2\/pages\/573\/revisions"}],"predecessor-version":[{"id":960,"href":"https:\/\/mde.techdeco.fr\/2025groupe121\/wp-json\/wp\/v2\/pages\/573\/revisions\/960"}],"up":[{"embeddable":true,"href":"https:\/\/mde.techdeco.fr\/2025groupe121\/wp-json\/wp\/v2\/pages\/72"}],"wp:attachment":[{"href":"https:\/\/mde.techdeco.fr\/2025groupe121\/wp-json\/wp\/v2\/media?parent=573"}],"curies":[{"name":"wp","href":"https:\/\/api.w.org\/{rel}","templated":true}]}}