{"id":183,"date":"2025-03-19T08:58:15","date_gmt":"2025-03-19T07:58:15","guid":{"rendered":"https:\/\/mde.techdeco.fr\/2025groupe121\/?page_id=183"},"modified":"2025-11-18T08:48:59","modified_gmt":"2025-11-18T07:48:59","slug":"mentions-legales","status":"publish","type":"page","link":"https:\/\/mde.techdeco.fr\/2025groupe121\/mentions-legales\/","title":{"rendered":"Mentions l\u00e9gales"},"content":{"rendered":"<h2>MENTIONS L\u00c9GALES<\/h2>\t\t\t\t\n\t\t<h5><strong>\u00c9diteur du site internet :<\/strong><\/h5>\n<p>Le pr\u00e9sent site Greenburo est un projet universitaire r\u00e9alis\u00e9 par :<br \/>Nom du groupe \/ des \u00e9tudiants : Benattia Rania \/ Soul\u00e9 Enzo \/ Reynaud Hugo \/ Garnier Landry \/ El Ouassili Nouhaila<br \/>\u00c9tablissement universitaire : Universit\u00e9 Paul Sabatier<br \/>Adresse de l\u2019universit\u00e9 : 115 Rte de Narbonne, 31400 Toulouse<br \/>Email de contact : <a href=\"mailto:greenburo31@gmail.com\"><u>greenburo31@gmail.com<\/u><\/a><\/p>\n<p><!-- \/wp:post-content --><!-- wp:paragraph --><\/p>\n<h5><strong>Soci\u00e9t\u00e9 commanditaire :<\/strong><\/h5>\n<p><!-- \/wp:paragraph --><!-- wp:paragraph --><\/p>\n<p>Ce site est r\u00e9alis\u00e9 dans le cadre d\u2019un projet universitaire en collaboration avec la soci\u00e9t\u00e9 Greenburo SARL\/SCOP :<br \/>Raison sociale : Greenburo SARL\/SCOP<br \/>Si\u00e8ge social : 1 rue Isabelle Eberhardt, 31200 Toulouse<br \/>Capital social : 20 000 \u20ac<br \/>Email : <a href=\"mailto:contact@greenburo.fr\">contact@greenburo.fr<\/a><br \/>T\u00e9l\u00e9phone : 05.62.30.09.53<br \/>RCS : 501 777 593<br \/>Num\u00e9ro de TVA : FR 73 501 777 593<\/p>\n<p><!-- \/wp:paragraph --><!-- wp:paragraph --><\/p>\n<h5><strong>H\u00e9bergement :<\/strong><\/h5>\n<p>Le site Greenburo est h\u00e9berg\u00e9 par :<br \/>Nom de l\u2019h\u00e9bergeur : OVH<br \/>Adresse : 2 rue Kellermann, 59100 Roubaix, France<br \/>SAS au capital de : 10 000 000 \u20ac<br \/>RCS : Roubaix \u2013 Tourcoing 424 761 419 00045<\/p>\n<p><!-- \/wp:paragraph --><!-- wp:paragraph \/--><!-- wp:paragraph --><\/p>\n<p>Code APE : 6202A<br \/>N\u00b0 TVA : FR 22 424 761 419<br \/>Site web :<a href=\"https:\/\/www.ovh.com\"> <u>https:\/\/www.ovh.com<\/u><\/a><\/p>\n<p><!-- \/wp:paragraph --><!-- wp:paragraph --><\/p>\n<h5><strong>Cookies et traceurs :<\/strong><\/h5>\n<p><!-- \/wp:paragraph --><!-- wp:paragraph --><\/p>\n<p>Le site Greenburo peut utiliser des traceurs (cookies) pour am\u00e9liorer l\u2019exp\u00e9rience utilisateur.<br \/>Un cookie est une information d\u00e9pos\u00e9e sur votre ordinateur, votre mobile ou votre tablette. Il enregistre des informations relatives \u00e0 la navigation de l&rsquo;utilisateur sur le site (les pages consult\u00e9es, la date, l&rsquo;heure, la dur\u00e9e de la consultation, la fr\u00e9quence des visites, etc.).<br \/>Les donn\u00e9es obtenues sont restreintes et ne permettent pas d\u2019obtenir l\u2019identit\u00e9 de l\u2019utilisateur (nom, pr\u00e9nom, adresse postale de connexion). Elles sont conserv\u00e9es le temps de la relation commerciale pour les clients et 3 ans pour les prospects.<br \/>Vous avez la possibilit\u00e9 de supprimer\/bloquer\/autoriser ces cookies en param\u00e9trant votre navigateur en cons\u00e9quence.<br \/>Pour en savoir plus sur notre utilisation des cookies, veuillez consulter notre <u>politique de confidentialit\u00e9.<\/u><\/p>\n<p><!-- \/wp:paragraph --><!-- wp:paragraph --><\/p>\n<h5><strong>Protection des donn\u00e9es personnelles :<\/strong><\/h5>\n<p><!-- \/wp:paragraph --><!-- wp:paragraph --><\/p>\n<p>La cr\u00e9ation, le traitement et la s\u00e9curisation des donn\u00e9es personnelles sont soumis au R\u00e8glement g\u00e9n\u00e9ral sur la protection des donn\u00e9es (RGPD) entr\u00e9 en vigueur le 25 mai 2018.<br \/>Les donn\u00e9es recueillies via les formulaires sur le site Greenburo sont utilis\u00e9es uniquement pour assurer le bon traitement des demandes re\u00e7ues, notamment dans le cadre d\u2019une demande de devis ou d\u2019une demande de renseignements.<br \/>Ces donn\u00e9es sont conserv\u00e9es le temps de la relation commerciale pour les clients et 3 ans pour les prospects. Elles ne sont ni r\u00e9utilis\u00e9es ni vendues \u00e0 des tiers \u00e0 des fins commerciales.<br \/>Vous disposez d\u2019un droit d\u2019acc\u00e8s, de rectification ou de suppression des donn\u00e9es personnelles vous concernant en nous contactant par courrier \u00e0 l\u2019adresse suivante :<\/p>\n<p><!-- \/wp:paragraph --><!-- wp:paragraph --><\/p>\n<p>Greenburo<br \/>1 rue Isabelle Eberhardt<br \/>31200 Toulouse<br \/>Des mod\u00e8les de courrier sont disponibles sur le site de la CNIL :<a href=\"https:\/\/www.cnil.fr\/fr\/modeles\/courrier\"> <u>https:\/\/www.cnil.fr\/fr\/modeles\/courrier<\/u><\/a><\/p>\n<p><!-- \/wp:paragraph --><!-- wp:paragraph --><\/p>\n<h5><strong>Droits \u00e0 l\u2019image et propri\u00e9t\u00e9 intellectuelle :<\/strong><\/h5>\n<p>Les photos et visuels pr\u00e9sents sur le site Greenburo proviennent et appartiennent \u00e0 la soci\u00e9t\u00e9 Greenburo SARL\/SCOP. Toute reproduction, utilisation ou modification de ces images sans l\u2019autorisation \u00e9crite de Greenburo est interdite.<br \/>Les contenus textuels, graphiques et multim\u00e9dias sont \u00e9galement prot\u00e9g\u00e9s par les lois en vigueur sur la propri\u00e9t\u00e9 intellectuelle. Toute exploitation non autoris\u00e9e pourra donner lieu \u00e0 des poursuites judiciaires.<\/p>\n<p><!-- \/wp:paragraph --><!-- wp:paragraph \/--><!-- wp:paragraph \/--><\/p>","protected":false},"excerpt":{"rendered":"<p>MENTIONS L\u00c9GALES \u00c9diteur du site internet : Le pr\u00e9sent site Greenburo est un projet universitaire r\u00e9alis\u00e9 par :Nom du groupe \/ des \u00e9tudiants : Benattia Rania \/ Soul\u00e9 Enzo \/ Reynaud Hugo \/ Garnier Landry \/ El Ouassili Nouhaila\u00c9tablissement universitaire : Universit\u00e9 Paul SabatierAdresse de l\u2019universit\u00e9 : 115 Rte de Narbonne, 31400 ToulouseEmail de contact [&hellip;]<\/p>\n","protected":false},"author":1,"featured_media":0,"parent":0,"menu_order":0,"comment_status":"closed","ping_status":"closed","template":"","meta":{"footnotes":""},"class_list":["post-183","page","type-page","status-publish","hentry","entry"],"yoast_head":"<!-- This site is optimized with the Yoast SEO plugin v27.4 - https:\/\/yoast.com\/product\/yoast-seo-wordpress\/ -->\n<title>Mentions l\u00e9gales et informations l\u00e9gales<\/title>\n<meta name=\"description\" content=\"mentions legales\" \/>\n<meta name=\"robots\" content=\"index, follow, max-snippet:-1, max-image-preview:large, max-video-preview:-1\" \/>\n<link rel=\"canonical\" href=\"https:\/\/mde.techdeco.fr\/2025groupe121\/mentions-legales\/\" \/>\n<meta property=\"og:locale\" content=\"fr_FR\" \/>\n<meta property=\"og:type\" content=\"article\" \/>\n<meta property=\"og:title\" content=\"Mentions l\u00e9gales et informations l\u00e9gales\" \/>\n<meta property=\"og:description\" content=\"mentions legales\" \/>\n<meta property=\"og:url\" content=\"https:\/\/mde.techdeco.fr\/2025groupe121\/mentions-legales\/\" \/>\n<meta property=\"og:site_name\" content=\"Greenburo\" \/>\n<meta property=\"article:modified_time\" content=\"2025-11-18T07:48:59+00:00\" \/>\n<meta name=\"twitter:card\" content=\"summary_large_image\" \/>\n<meta name=\"twitter:label1\" content=\"Dur\u00e9e de lecture estim\u00e9e\" \/>\n\t<meta name=\"twitter:data1\" content=\"3 minutes\" \/>\n<script type=\"application\/ld+json\" class=\"yoast-schema-graph\">{\"@context\":\"https:\\\/\\\/schema.org\",\"@graph\":[{\"@type\":\"WebPage\",\"@id\":\"https:\\\/\\\/mde.techdeco.fr\\\/2025groupe121\\\/mentions-legales\\\/\",\"url\":\"https:\\\/\\\/mde.techdeco.fr\\\/2025groupe121\\\/mentions-legales\\\/\",\"name\":\"Mentions l\u00e9gales et informations l\u00e9gales\",\"isPartOf\":{\"@id\":\"https:\\\/\\\/mde.techdeco.fr\\\/2025groupe121\\\/#website\"},\"datePublished\":\"2025-03-19T07:58:15+00:00\",\"dateModified\":\"2025-11-18T07:48:59+00:00\",\"description\":\"mentions legales\",\"breadcrumb\":{\"@id\":\"https:\\\/\\\/mde.techdeco.fr\\\/2025groupe121\\\/mentions-legales\\\/#breadcrumb\"},\"inLanguage\":\"fr-FR\",\"potentialAction\":[{\"@type\":\"ReadAction\",\"target\":[\"https:\\\/\\\/mde.techdeco.fr\\\/2025groupe121\\\/mentions-legales\\\/\"]}]},{\"@type\":\"BreadcrumbList\",\"@id\":\"https:\\\/\\\/mde.techdeco.fr\\\/2025groupe121\\\/mentions-legales\\\/#breadcrumb\",\"itemListElement\":[{\"@type\":\"ListItem\",\"position\":1,\"name\":\"Accueil\",\"item\":\"https:\\\/\\\/mde.techdeco.fr\\\/2025groupe121\\\/\"},{\"@type\":\"ListItem\",\"position\":2,\"name\":\"Mentions l\u00e9gales\"}]},{\"@type\":\"WebSite\",\"@id\":\"https:\\\/\\\/mde.techdeco.fr\\\/2025groupe121\\\/#website\",\"url\":\"https:\\\/\\\/mde.techdeco.fr\\\/2025groupe121\\\/\",\"name\":\"Greenburo\",\"description\":\"\",\"publisher\":{\"@id\":\"https:\\\/\\\/mde.techdeco.fr\\\/2025groupe121\\\/#organization\"},\"potentialAction\":[{\"@type\":\"SearchAction\",\"target\":{\"@type\":\"EntryPoint\",\"urlTemplate\":\"https:\\\/\\\/mde.techdeco.fr\\\/2025groupe121\\\/?s={search_term_string}\"},\"query-input\":{\"@type\":\"PropertyValueSpecification\",\"valueRequired\":true,\"valueName\":\"search_term_string\"}}],\"inLanguage\":\"fr-FR\"},{\"@type\":\"Organization\",\"@id\":\"https:\\\/\\\/mde.techdeco.fr\\\/2025groupe121\\\/#organization\",\"name\":\"Greenburo\",\"url\":\"https:\\\/\\\/mde.techdeco.fr\\\/2025groupe121\\\/\",\"logo\":{\"@type\":\"ImageObject\",\"inLanguage\":\"fr-FR\",\"@id\":\"https:\\\/\\\/mde.techdeco.fr\\\/2025groupe121\\\/#\\\/schema\\\/logo\\\/image\\\/\",\"url\":\"https:\\\/\\\/mde.techdeco.fr\\\/2025groupe121\\\/wp-content\\\/uploads\\\/2025\\\/03\\\/logo.png\",\"contentUrl\":\"https:\\\/\\\/mde.techdeco.fr\\\/2025groupe121\\\/wp-content\\\/uploads\\\/2025\\\/03\\\/logo.png\",\"width\":486,\"height\":115,\"caption\":\"Greenburo\"},\"image\":{\"@id\":\"https:\\\/\\\/mde.techdeco.fr\\\/2025groupe121\\\/#\\\/schema\\\/logo\\\/image\\\/\"}}]}<\/script>\n<!-- \/ Yoast SEO plugin. -->","yoast_head_json":{"title":"Mentions l\u00e9gales et informations l\u00e9gales","description":"mentions legales","robots":{"index":"index","follow":"follow","max-snippet":"max-snippet:-1","max-image-preview":"max-image-preview:large","max-video-preview":"max-video-preview:-1"},"canonical":"https:\/\/mde.techdeco.fr\/2025groupe121\/mentions-legales\/","og_locale":"fr_FR","og_type":"article","og_title":"Mentions l\u00e9gales et informations l\u00e9gales","og_description":"mentions legales","og_url":"https:\/\/mde.techdeco.fr\/2025groupe121\/mentions-legales\/","og_site_name":"Greenburo","article_modified_time":"2025-11-18T07:48:59+00:00","twitter_card":"summary_large_image","twitter_misc":{"Dur\u00e9e de lecture estim\u00e9e":"3 minutes"},"schema":{"@context":"https:\/\/schema.org","@graph":[{"@type":"WebPage","@id":"https:\/\/mde.techdeco.fr\/2025groupe121\/mentions-legales\/","url":"https:\/\/mde.techdeco.fr\/2025groupe121\/mentions-legales\/","name":"Mentions l\u00e9gales et informations l\u00e9gales","isPartOf":{"@id":"https:\/\/mde.techdeco.fr\/2025groupe121\/#website"},"datePublished":"2025-03-19T07:58:15+00:00","dateModified":"2025-11-18T07:48:59+00:00","description":"mentions legales","breadcrumb":{"@id":"https:\/\/mde.techdeco.fr\/2025groupe121\/mentions-legales\/#breadcrumb"},"inLanguage":"fr-FR","potentialAction":[{"@type":"ReadAction","target":["https:\/\/mde.techdeco.fr\/2025groupe121\/mentions-legales\/"]}]},{"@type":"BreadcrumbList","@id":"https:\/\/mde.techdeco.fr\/2025groupe121\/mentions-legales\/#breadcrumb","itemListElement":[{"@type":"ListItem","position":1,"name":"Accueil","item":"https:\/\/mde.techdeco.fr\/2025groupe121\/"},{"@type":"ListItem","position":2,"name":"Mentions l\u00e9gales"}]},{"@type":"WebSite","@id":"https:\/\/mde.techdeco.fr\/2025groupe121\/#website","url":"https:\/\/mde.techdeco.fr\/2025groupe121\/","name":"Greenburo","description":"","publisher":{"@id":"https:\/\/mde.techdeco.fr\/2025groupe121\/#organization"},"potentialAction":[{"@type":"SearchAction","target":{"@type":"EntryPoint","urlTemplate":"https:\/\/mde.techdeco.fr\/2025groupe121\/?s={search_term_string}"},"query-input":{"@type":"PropertyValueSpecification","valueRequired":true,"valueName":"search_term_string"}}],"inLanguage":"fr-FR"},{"@type":"Organization","@id":"https:\/\/mde.techdeco.fr\/2025groupe121\/#organization","name":"Greenburo","url":"https:\/\/mde.techdeco.fr\/2025groupe121\/","logo":{"@type":"ImageObject","inLanguage":"fr-FR","@id":"https:\/\/mde.techdeco.fr\/2025groupe121\/#\/schema\/logo\/image\/","url":"https:\/\/mde.techdeco.fr\/2025groupe121\/wp-content\/uploads\/2025\/03\/logo.png","contentUrl":"https:\/\/mde.techdeco.fr\/2025groupe121\/wp-content\/uploads\/2025\/03\/logo.png","width":486,"height":115,"caption":"Greenburo"},"image":{"@id":"https:\/\/mde.techdeco.fr\/2025groupe121\/#\/schema\/logo\/image\/"}}]}},"_links":{"self":[{"href":"https:\/\/mde.techdeco.fr\/2025groupe121\/wp-json\/wp\/v2\/pages\/183","targetHints":{"allow":["GET"]}}],"collection":[{"href":"https:\/\/mde.techdeco.fr\/2025groupe121\/wp-json\/wp\/v2\/pages"}],"about":[{"href":"https:\/\/mde.techdeco.fr\/2025groupe121\/wp-json\/wp\/v2\/types\/page"}],"author":[{"embeddable":true,"href":"https:\/\/mde.techdeco.fr\/2025groupe121\/wp-json\/wp\/v2\/users\/1"}],"replies":[{"embeddable":true,"href":"https:\/\/mde.techdeco.fr\/2025groupe121\/wp-json\/wp\/v2\/comments?post=183"}],"version-history":[{"count":29,"href":"https:\/\/mde.techdeco.fr\/2025groupe121\/wp-json\/wp\/v2\/pages\/183\/revisions"}],"predecessor-version":[{"id":627,"href":"https:\/\/mde.techdeco.fr\/2025groupe121\/wp-json\/wp\/v2\/pages\/183\/revisions\/627"}],"wp:attachment":[{"href":"https:\/\/mde.techdeco.fr\/2025groupe121\/wp-json\/wp\/v2\/media?parent=183"}],"curies":[{"name":"wp","href":"https:\/\/api.w.org\/{rel}","templated":true}]}}