{"id":658,"date":"2024-04-02T21:42:09","date_gmt":"2024-04-02T19:42:09","guid":{"rendered":"https:\/\/mde.techdeco.fr\/2024groupe222\/?post_type=product&#038;p=658"},"modified":"2024-12-18T11:32:53","modified_gmt":"2024-12-18T10:32:53","slug":"porte-cles-panda-bracelet-noir","status":"publish","type":"product","link":"https:\/\/mde.techdeco.fr\/2024groupe222\/produit\/porte-cles-panda-bracelet-noir\/","title":{"rendered":"Porte-cl\u00e9s panda avec un bracelet noir"},"content":{"rendered":"<p>Nos porte-cl\u00e9s panda sont l\u00e0 pour apporter une touche de fun \u00e0 vos tenues. \ud83d\udc3c\u200b<\/p>\n<p>Son bracelet est en silicone, et sa mati\u00e8re compact lui permet de rester solide en toutes circonstances. \ud83d\udd12<\/p>\n<p>Son m\u00e9tal en acier inoxydable lui garantit une longue dur\u00e9e. \ud83d\udd17\u200b<\/p>\n","protected":false},"excerpt":{"rendered":"<p>Nos porte-cl\u00e9s panda sont l\u00e0 pour apporter une touche de fun \u00e0 vos tenues. \ud83d\udc3c\u200b Son bracelet est en silicone, et sa mati\u00e8re compact lui permet de rester solide en toutes circonstances. \ud83d\udd12 Son m\u00e9tal en acier inoxydable lui garantit une longue dur\u00e9e. \ud83d\udd17\u200b<\/p>\n","protected":false},"featured_media":660,"comment_status":"open","ping_status":"closed","template":"","meta":[],"product_brand":[],"product_cat":[26],"product_tag":[],"class_list":{"0":"post-658","1":"product","2":"type-product","3":"status-publish","4":"has-post-thumbnail","6":"product_cat-accessoires-japonais","8":"entry","9":"has-media","11":"first","12":"instock","13":"shipping-taxable","14":"purchasable","15":"product-type-simple","16":"has-product-nav","17":"col","18":"span_1_of_3","19":"owp-content-center","20":"owp-thumbs-layout-horizontal","21":"owp-btn-normal","22":"owp-tabs-layout-horizontal","23":"has-no-thumbnails"},"yoast_head":"<!-- This site is optimized with the Yoast SEO plugin v27.3 - https:\/\/yoast.com\/product\/yoast-seo-wordpress\/ -->\n<title>Porte-cl\u00e9s panda avec un bracelet noir | Boutique Tokyo Vaisselle Toulouse<\/title>\n<meta name=\"description\" content=\"Vous recherchez un porte-cl\u00e9 mignon et original ? Alors ne cherchez plus ! D\u00e9couvrez\u00a0nos porte-cl\u00e9 panda avec une accroche en silicone.\" \/>\n<meta name=\"robots\" content=\"index, follow, max-snippet:-1, max-image-preview:large, max-video-preview:-1\" \/>\n<link rel=\"canonical\" href=\"https:\/\/mde.techdeco.fr\/2024groupe222\/produit\/porte-cles-panda-bracelet-noir\/\" \/>\n<meta property=\"og:locale\" content=\"fr_FR\" \/>\n<meta property=\"og:type\" content=\"article\" \/>\n<meta property=\"og:title\" content=\"Porte-cl\u00e9s panda avec un bracelet noir | Boutique Tokyo Vaisselle Toulouse\" \/>\n<meta property=\"og:description\" content=\"Vous recherchez un porte-cl\u00e9 mignon et original ? Alors ne cherchez plus ! D\u00e9couvrez\u00a0nos porte-cl\u00e9 panda avec une accroche en silicone.\" \/>\n<meta property=\"og:url\" content=\"https:\/\/mde.techdeco.fr\/2024groupe222\/produit\/porte-cles-panda-bracelet-noir\/\" \/>\n<meta property=\"og:site_name\" content=\"Boutique Tokyo Vaisselle Toulouse\" \/>\n<meta property=\"article:modified_time\" content=\"2024-12-18T10:32:53+00:00\" \/>\n<meta property=\"og:image\" content=\"https:\/\/mde.techdeco.fr\/2024groupe222\/wp-content\/uploads\/2024\/04\/IMG_0928.png\" \/>\n\t<meta property=\"og:image:width\" content=\"220\" \/>\n\t<meta property=\"og:image:height\" content=\"99\" \/>\n\t<meta property=\"og:image:type\" content=\"image\/png\" \/>\n<meta name=\"twitter:card\" content=\"summary_large_image\" \/>\n<meta name=\"twitter:label1\" content=\"Dur\u00e9e de lecture estim\u00e9e\" \/>\n\t<meta name=\"twitter:data1\" content=\"1 minute\" \/>\n<script type=\"application\/ld+json\" class=\"yoast-schema-graph\">{\"@context\":\"https:\\\/\\\/schema.org\",\"@graph\":[{\"@type\":\"WebPage\",\"@id\":\"https:\\\/\\\/mde.techdeco.fr\\\/2024groupe222\\\/produit\\\/porte-cles-panda-bracelet-noir\\\/\",\"url\":\"https:\\\/\\\/mde.techdeco.fr\\\/2024groupe222\\\/produit\\\/porte-cles-panda-bracelet-noir\\\/\",\"name\":\"Porte-cl\u00e9s panda avec un bracelet noir | Boutique Tokyo Vaisselle Toulouse\",\"isPartOf\":{\"@id\":\"https:\\\/\\\/mde.techdeco.fr\\\/2024groupe222\\\/#website\"},\"primaryImageOfPage\":{\"@id\":\"https:\\\/\\\/mde.techdeco.fr\\\/2024groupe222\\\/produit\\\/porte-cles-panda-bracelet-noir\\\/#primaryimage\"},\"image\":{\"@id\":\"https:\\\/\\\/mde.techdeco.fr\\\/2024groupe222\\\/produit\\\/porte-cles-panda-bracelet-noir\\\/#primaryimage\"},\"thumbnailUrl\":\"https:\\\/\\\/mde.techdeco.fr\\\/2024groupe222\\\/wp-content\\\/uploads\\\/2024\\\/04\\\/IMG_0928.png\",\"datePublished\":\"2024-04-02T19:42:09+00:00\",\"dateModified\":\"2024-12-18T10:32:53+00:00\",\"description\":\"Vous recherchez un porte-cl\u00e9 mignon et original ? Alors ne cherchez plus ! D\u00e9couvrez\u00a0nos porte-cl\u00e9 panda avec une accroche en silicone.\",\"breadcrumb\":{\"@id\":\"https:\\\/\\\/mde.techdeco.fr\\\/2024groupe222\\\/produit\\\/porte-cles-panda-bracelet-noir\\\/#breadcrumb\"},\"inLanguage\":\"fr-FR\",\"potentialAction\":[{\"@type\":\"ReadAction\",\"target\":[\"https:\\\/\\\/mde.techdeco.fr\\\/2024groupe222\\\/produit\\\/porte-cles-panda-bracelet-noir\\\/\"]}]},{\"@type\":\"ImageObject\",\"inLanguage\":\"fr-FR\",\"@id\":\"https:\\\/\\\/mde.techdeco.fr\\\/2024groupe222\\\/produit\\\/porte-cles-panda-bracelet-noir\\\/#primaryimage\",\"url\":\"https:\\\/\\\/mde.techdeco.fr\\\/2024groupe222\\\/wp-content\\\/uploads\\\/2024\\\/04\\\/IMG_0928.png\",\"contentUrl\":\"https:\\\/\\\/mde.techdeco.fr\\\/2024groupe222\\\/wp-content\\\/uploads\\\/2024\\\/04\\\/IMG_0928.png\",\"width\":220,\"height\":99},{\"@type\":\"BreadcrumbList\",\"@id\":\"https:\\\/\\\/mde.techdeco.fr\\\/2024groupe222\\\/produit\\\/porte-cles-panda-bracelet-noir\\\/#breadcrumb\",\"itemListElement\":[{\"@type\":\"ListItem\",\"position\":1,\"name\":\"Accueil\",\"item\":\"https:\\\/\\\/mde.techdeco.fr\\\/2024groupe222\\\/\"},{\"@type\":\"ListItem\",\"position\":2,\"name\":\"Boutique\",\"item\":\"https:\\\/\\\/mde.techdeco.fr\\\/2024groupe222\\\/boutique\\\/\"},{\"@type\":\"ListItem\",\"position\":3,\"name\":\"Porte-cl\u00e9s panda avec un bracelet noir\"}]},{\"@type\":\"WebSite\",\"@id\":\"https:\\\/\\\/mde.techdeco.fr\\\/2024groupe222\\\/#website\",\"url\":\"https:\\\/\\\/mde.techdeco.fr\\\/2024groupe222\\\/\",\"name\":\"Tokyo Vaisselle : vaisselle japonaise toulouse\",\"description\":\"\",\"alternateName\":\"Tokyo Vaisselle\",\"potentialAction\":[{\"@type\":\"SearchAction\",\"target\":{\"@type\":\"EntryPoint\",\"urlTemplate\":\"https:\\\/\\\/mde.techdeco.fr\\\/2024groupe222\\\/?s={search_term_string}\"},\"query-input\":{\"@type\":\"PropertyValueSpecification\",\"valueRequired\":true,\"valueName\":\"search_term_string\"}}],\"inLanguage\":\"fr-FR\"}]}<\/script>\n<!-- \/ Yoast SEO plugin. -->","yoast_head_json":{"title":"Porte-cl\u00e9s panda avec un bracelet noir | Boutique Tokyo Vaisselle Toulouse","description":"Vous recherchez un porte-cl\u00e9 mignon et original ? Alors ne cherchez plus ! D\u00e9couvrez\u00a0nos porte-cl\u00e9 panda avec une accroche en silicone.","robots":{"index":"index","follow":"follow","max-snippet":"max-snippet:-1","max-image-preview":"max-image-preview:large","max-video-preview":"max-video-preview:-1"},"canonical":"https:\/\/mde.techdeco.fr\/2024groupe222\/produit\/porte-cles-panda-bracelet-noir\/","og_locale":"fr_FR","og_type":"article","og_title":"Porte-cl\u00e9s panda avec un bracelet noir | Boutique Tokyo Vaisselle Toulouse","og_description":"Vous recherchez un porte-cl\u00e9 mignon et original ? Alors ne cherchez plus ! D\u00e9couvrez\u00a0nos porte-cl\u00e9 panda avec une accroche en silicone.","og_url":"https:\/\/mde.techdeco.fr\/2024groupe222\/produit\/porte-cles-panda-bracelet-noir\/","og_site_name":"Boutique Tokyo Vaisselle Toulouse","article_modified_time":"2024-12-18T10:32:53+00:00","og_image":[{"width":220,"height":99,"url":"https:\/\/mde.techdeco.fr\/2024groupe222\/wp-content\/uploads\/2024\/04\/IMG_0928.png","type":"image\/png"}],"twitter_card":"summary_large_image","twitter_misc":{"Dur\u00e9e de lecture estim\u00e9e":"1 minute"},"schema":{"@context":"https:\/\/schema.org","@graph":[{"@type":"WebPage","@id":"https:\/\/mde.techdeco.fr\/2024groupe222\/produit\/porte-cles-panda-bracelet-noir\/","url":"https:\/\/mde.techdeco.fr\/2024groupe222\/produit\/porte-cles-panda-bracelet-noir\/","name":"Porte-cl\u00e9s panda avec un bracelet noir | Boutique Tokyo Vaisselle Toulouse","isPartOf":{"@id":"https:\/\/mde.techdeco.fr\/2024groupe222\/#website"},"primaryImageOfPage":{"@id":"https:\/\/mde.techdeco.fr\/2024groupe222\/produit\/porte-cles-panda-bracelet-noir\/#primaryimage"},"image":{"@id":"https:\/\/mde.techdeco.fr\/2024groupe222\/produit\/porte-cles-panda-bracelet-noir\/#primaryimage"},"thumbnailUrl":"https:\/\/mde.techdeco.fr\/2024groupe222\/wp-content\/uploads\/2024\/04\/IMG_0928.png","datePublished":"2024-04-02T19:42:09+00:00","dateModified":"2024-12-18T10:32:53+00:00","description":"Vous recherchez un porte-cl\u00e9 mignon et original ? Alors ne cherchez plus ! D\u00e9couvrez\u00a0nos porte-cl\u00e9 panda avec une accroche en silicone.","breadcrumb":{"@id":"https:\/\/mde.techdeco.fr\/2024groupe222\/produit\/porte-cles-panda-bracelet-noir\/#breadcrumb"},"inLanguage":"fr-FR","potentialAction":[{"@type":"ReadAction","target":["https:\/\/mde.techdeco.fr\/2024groupe222\/produit\/porte-cles-panda-bracelet-noir\/"]}]},{"@type":"ImageObject","inLanguage":"fr-FR","@id":"https:\/\/mde.techdeco.fr\/2024groupe222\/produit\/porte-cles-panda-bracelet-noir\/#primaryimage","url":"https:\/\/mde.techdeco.fr\/2024groupe222\/wp-content\/uploads\/2024\/04\/IMG_0928.png","contentUrl":"https:\/\/mde.techdeco.fr\/2024groupe222\/wp-content\/uploads\/2024\/04\/IMG_0928.png","width":220,"height":99},{"@type":"BreadcrumbList","@id":"https:\/\/mde.techdeco.fr\/2024groupe222\/produit\/porte-cles-panda-bracelet-noir\/#breadcrumb","itemListElement":[{"@type":"ListItem","position":1,"name":"Accueil","item":"https:\/\/mde.techdeco.fr\/2024groupe222\/"},{"@type":"ListItem","position":2,"name":"Boutique","item":"https:\/\/mde.techdeco.fr\/2024groupe222\/boutique\/"},{"@type":"ListItem","position":3,"name":"Porte-cl\u00e9s panda avec un bracelet noir"}]},{"@type":"WebSite","@id":"https:\/\/mde.techdeco.fr\/2024groupe222\/#website","url":"https:\/\/mde.techdeco.fr\/2024groupe222\/","name":"Tokyo Vaisselle : vaisselle japonaise toulouse","description":"","alternateName":"Tokyo Vaisselle","potentialAction":[{"@type":"SearchAction","target":{"@type":"EntryPoint","urlTemplate":"https:\/\/mde.techdeco.fr\/2024groupe222\/?s={search_term_string}"},"query-input":{"@type":"PropertyValueSpecification","valueRequired":true,"valueName":"search_term_string"}}],"inLanguage":"fr-FR"}]}},"_links":{"self":[{"href":"https:\/\/mde.techdeco.fr\/2024groupe222\/wp-json\/wp\/v2\/product\/658","targetHints":{"allow":["GET"]}}],"collection":[{"href":"https:\/\/mde.techdeco.fr\/2024groupe222\/wp-json\/wp\/v2\/product"}],"about":[{"href":"https:\/\/mde.techdeco.fr\/2024groupe222\/wp-json\/wp\/v2\/types\/product"}],"replies":[{"embeddable":true,"href":"https:\/\/mde.techdeco.fr\/2024groupe222\/wp-json\/wp\/v2\/comments?post=658"}],"wp:featuredmedia":[{"embeddable":true,"href":"https:\/\/mde.techdeco.fr\/2024groupe222\/wp-json\/wp\/v2\/media\/660"}],"wp:attachment":[{"href":"https:\/\/mde.techdeco.fr\/2024groupe222\/wp-json\/wp\/v2\/media?parent=658"}],"wp:term":[{"taxonomy":"product_brand","embeddable":true,"href":"https:\/\/mde.techdeco.fr\/2024groupe222\/wp-json\/wp\/v2\/product_brand?post=658"},{"taxonomy":"product_cat","embeddable":true,"href":"https:\/\/mde.techdeco.fr\/2024groupe222\/wp-json\/wp\/v2\/product_cat?post=658"},{"taxonomy":"product_tag","embeddable":true,"href":"https:\/\/mde.techdeco.fr\/2024groupe222\/wp-json\/wp\/v2\/product_tag?post=658"}],"curies":[{"name":"wp","href":"https:\/\/api.w.org\/{rel}","templated":true}]}}