{"id":638,"date":"2024-04-02T21:36:57","date_gmt":"2024-04-02T19:36:57","guid":{"rendered":"https:\/\/mde.techdeco.fr\/2024groupe222\/?post_type=product&#038;p=638"},"modified":"2025-01-01T10:03:04","modified_gmt":"2025-01-01T09:03:04","slug":"decoration-chat-porte-bonheur-avec-une-tete-mobile-yeux-fermes","status":"publish","type":"product","link":"https:\/\/mde.techdeco.fr\/2024groupe222\/produit\/decoration-chat-porte-bonheur-avec-une-tete-mobile-yeux-fermes\/","title":{"rendered":"D\u00e9coration chat porte-bonheur avec une t\u00eate mobile &#8211; yeux ferm\u00e9s"},"content":{"rendered":"<p>D\u00e9coration de chat porte-bonheur qui \u00e0 sa t\u00eate mobile et les yeux ferm\u00e9s. \ud83d\udc08<\/p>\n<p>Le r\u00e9ceptacle solaire permet de rendre la t\u00eate mobile.<\/p>\n<p>Cette d\u00e9coration ne n\u00e9cessite pas de pile pour rendre la t\u00eate mobile.<\/p>\n<p>Convient pour le bureau, la voiture, la maison, en cadeau d&rsquo;anniversaire.<\/p>\n<p><span style=\"font-weight: 400;\">\ud83d\udcd0<\/span>Dimension : 12 x 10 x 10<\/p>\n","protected":false},"excerpt":{"rendered":"<p>D\u00e9coration de chat porte-bonheur qui \u00e0 sa t\u00eate mobile et les yeux ferm\u00e9s. \ud83d\udc08 Le r\u00e9ceptacle solaire permet de rendre la t\u00eate mobile. Cette d\u00e9coration ne n\u00e9cessite pas de pile pour rendre la t\u00eate mobile. Convient pour le bureau, la voiture, la maison, en cadeau d&rsquo;anniversaire. \ud83d\udcd0Dimension : 12 x 10 x 10<\/p>\n","protected":false},"featured_media":402,"comment_status":"open","ping_status":"closed","template":"","meta":[],"product_brand":[],"product_cat":[26],"product_tag":[],"class_list":{"0":"post-638","1":"product","2":"type-product","3":"status-publish","4":"has-post-thumbnail","6":"product_cat-accessoires-japonais","8":"entry","9":"has-media","11":"first","12":"instock","13":"shipping-taxable","14":"purchasable","15":"product-type-simple","16":"has-product-nav","17":"col","18":"span_1_of_3","19":"owp-content-center","20":"owp-thumbs-layout-horizontal","21":"owp-btn-normal","22":"owp-tabs-layout-horizontal","23":"has-no-thumbnails"},"yoast_head":"<!-- This site is optimized with the Yoast SEO plugin v27.3 - https:\/\/yoast.com\/product\/yoast-seo-wordpress\/ -->\n<title>D\u00e9coration chat porte-bonheur avec une t\u00eate mobile - yeux ferm\u00e9s | Boutique Tokyo Vaisselle Toulouse<\/title>\n<meta name=\"description\" content=\"D\u00e9couvrez notre d\u00e9coration chat porte-bonheur avec sa t\u00eate mobile gr\u00e2ce \u00e0 son capteur d&#039;\u00e9nergie solaire. D\u00e9coration pour la voiture, la maison, etc.\" \/>\n<meta name=\"robots\" content=\"index, follow, max-snippet:-1, max-image-preview:large, max-video-preview:-1\" \/>\n<link rel=\"canonical\" href=\"https:\/\/mde.techdeco.fr\/2024groupe222\/produit\/decoration-chat-porte-bonheur-avec-une-tete-mobile-yeux-fermes\/\" \/>\n<meta property=\"og:locale\" content=\"fr_FR\" \/>\n<meta property=\"og:type\" content=\"article\" \/>\n<meta property=\"og:title\" content=\"D\u00e9coration chat porte-bonheur avec une t\u00eate mobile - yeux ferm\u00e9s | Boutique Tokyo Vaisselle Toulouse\" \/>\n<meta property=\"og:description\" content=\"D\u00e9couvrez notre d\u00e9coration chat porte-bonheur avec sa t\u00eate mobile gr\u00e2ce \u00e0 son capteur d&#039;\u00e9nergie solaire. D\u00e9coration pour la voiture, la maison, etc.\" \/>\n<meta property=\"og:url\" content=\"https:\/\/mde.techdeco.fr\/2024groupe222\/produit\/decoration-chat-porte-bonheur-avec-une-tete-mobile-yeux-fermes\/\" \/>\n<meta property=\"og:site_name\" content=\"Boutique Tokyo Vaisselle Toulouse\" \/>\n<meta property=\"article:modified_time\" content=\"2025-01-01T09:03:04+00:00\" \/>\n<meta property=\"og:image\" content=\"https:\/\/mde.techdeco.fr\/2024groupe222\/wp-content\/uploads\/2024\/04\/IMG_0926.png\" \/>\n\t<meta property=\"og:image:width\" content=\"206\" \/>\n\t<meta property=\"og:image:height\" content=\"220\" \/>\n\t<meta property=\"og:image:type\" content=\"image\/png\" \/>\n<meta name=\"twitter:card\" content=\"summary_large_image\" \/>\n<meta name=\"twitter:label1\" content=\"Dur\u00e9e de lecture estim\u00e9e\" \/>\n\t<meta name=\"twitter:data1\" content=\"1 minute\" \/>\n<script type=\"application\/ld+json\" class=\"yoast-schema-graph\">{\"@context\":\"https:\\\/\\\/schema.org\",\"@graph\":[{\"@type\":\"WebPage\",\"@id\":\"https:\\\/\\\/mde.techdeco.fr\\\/2024groupe222\\\/produit\\\/decoration-chat-porte-bonheur-avec-une-tete-mobile-yeux-fermes\\\/\",\"url\":\"https:\\\/\\\/mde.techdeco.fr\\\/2024groupe222\\\/produit\\\/decoration-chat-porte-bonheur-avec-une-tete-mobile-yeux-fermes\\\/\",\"name\":\"D\u00e9coration chat porte-bonheur avec une t\u00eate mobile - yeux ferm\u00e9s | Boutique Tokyo Vaisselle Toulouse\",\"isPartOf\":{\"@id\":\"https:\\\/\\\/mde.techdeco.fr\\\/2024groupe222\\\/#website\"},\"primaryImageOfPage\":{\"@id\":\"https:\\\/\\\/mde.techdeco.fr\\\/2024groupe222\\\/produit\\\/decoration-chat-porte-bonheur-avec-une-tete-mobile-yeux-fermes\\\/#primaryimage\"},\"image\":{\"@id\":\"https:\\\/\\\/mde.techdeco.fr\\\/2024groupe222\\\/produit\\\/decoration-chat-porte-bonheur-avec-une-tete-mobile-yeux-fermes\\\/#primaryimage\"},\"thumbnailUrl\":\"https:\\\/\\\/mde.techdeco.fr\\\/2024groupe222\\\/wp-content\\\/uploads\\\/2024\\\/04\\\/IMG_0926.png\",\"datePublished\":\"2024-04-02T19:36:57+00:00\",\"dateModified\":\"2025-01-01T09:03:04+00:00\",\"description\":\"D\u00e9couvrez notre d\u00e9coration chat porte-bonheur avec sa t\u00eate mobile gr\u00e2ce \u00e0 son capteur d'\u00e9nergie solaire. D\u00e9coration pour la voiture, la maison, etc.\",\"breadcrumb\":{\"@id\":\"https:\\\/\\\/mde.techdeco.fr\\\/2024groupe222\\\/produit\\\/decoration-chat-porte-bonheur-avec-une-tete-mobile-yeux-fermes\\\/#breadcrumb\"},\"inLanguage\":\"fr-FR\",\"potentialAction\":[{\"@type\":\"ReadAction\",\"target\":[\"https:\\\/\\\/mde.techdeco.fr\\\/2024groupe222\\\/produit\\\/decoration-chat-porte-bonheur-avec-une-tete-mobile-yeux-fermes\\\/\"]}]},{\"@type\":\"ImageObject\",\"inLanguage\":\"fr-FR\",\"@id\":\"https:\\\/\\\/mde.techdeco.fr\\\/2024groupe222\\\/produit\\\/decoration-chat-porte-bonheur-avec-une-tete-mobile-yeux-fermes\\\/#primaryimage\",\"url\":\"https:\\\/\\\/mde.techdeco.fr\\\/2024groupe222\\\/wp-content\\\/uploads\\\/2024\\\/04\\\/IMG_0926.png\",\"contentUrl\":\"https:\\\/\\\/mde.techdeco.fr\\\/2024groupe222\\\/wp-content\\\/uploads\\\/2024\\\/04\\\/IMG_0926.png\",\"width\":206,\"height\":220},{\"@type\":\"BreadcrumbList\",\"@id\":\"https:\\\/\\\/mde.techdeco.fr\\\/2024groupe222\\\/produit\\\/decoration-chat-porte-bonheur-avec-une-tete-mobile-yeux-fermes\\\/#breadcrumb\",\"itemListElement\":[{\"@type\":\"ListItem\",\"position\":1,\"name\":\"Accueil\",\"item\":\"https:\\\/\\\/mde.techdeco.fr\\\/2024groupe222\\\/\"},{\"@type\":\"ListItem\",\"position\":2,\"name\":\"Boutique\",\"item\":\"https:\\\/\\\/mde.techdeco.fr\\\/2024groupe222\\\/boutique\\\/\"},{\"@type\":\"ListItem\",\"position\":3,\"name\":\"D\u00e9coration chat porte-bonheur avec une t\u00eate mobile &#8211; yeux ferm\u00e9s\"}]},{\"@type\":\"WebSite\",\"@id\":\"https:\\\/\\\/mde.techdeco.fr\\\/2024groupe222\\\/#website\",\"url\":\"https:\\\/\\\/mde.techdeco.fr\\\/2024groupe222\\\/\",\"name\":\"Tokyo Vaisselle : vaisselle japonaise toulouse\",\"description\":\"\",\"alternateName\":\"Tokyo Vaisselle\",\"potentialAction\":[{\"@type\":\"SearchAction\",\"target\":{\"@type\":\"EntryPoint\",\"urlTemplate\":\"https:\\\/\\\/mde.techdeco.fr\\\/2024groupe222\\\/?s={search_term_string}\"},\"query-input\":{\"@type\":\"PropertyValueSpecification\",\"valueRequired\":true,\"valueName\":\"search_term_string\"}}],\"inLanguage\":\"fr-FR\"}]}<\/script>\n<!-- \/ Yoast SEO plugin. -->","yoast_head_json":{"title":"D\u00e9coration chat porte-bonheur avec une t\u00eate mobile - yeux ferm\u00e9s | Boutique Tokyo Vaisselle Toulouse","description":"D\u00e9couvrez notre d\u00e9coration chat porte-bonheur avec sa t\u00eate mobile gr\u00e2ce \u00e0 son capteur d'\u00e9nergie solaire. D\u00e9coration pour la voiture, la maison, etc.","robots":{"index":"index","follow":"follow","max-snippet":"max-snippet:-1","max-image-preview":"max-image-preview:large","max-video-preview":"max-video-preview:-1"},"canonical":"https:\/\/mde.techdeco.fr\/2024groupe222\/produit\/decoration-chat-porte-bonheur-avec-une-tete-mobile-yeux-fermes\/","og_locale":"fr_FR","og_type":"article","og_title":"D\u00e9coration chat porte-bonheur avec une t\u00eate mobile - yeux ferm\u00e9s | Boutique Tokyo Vaisselle Toulouse","og_description":"D\u00e9couvrez notre d\u00e9coration chat porte-bonheur avec sa t\u00eate mobile gr\u00e2ce \u00e0 son capteur d'\u00e9nergie solaire. D\u00e9coration pour la voiture, la maison, etc.","og_url":"https:\/\/mde.techdeco.fr\/2024groupe222\/produit\/decoration-chat-porte-bonheur-avec-une-tete-mobile-yeux-fermes\/","og_site_name":"Boutique Tokyo Vaisselle Toulouse","article_modified_time":"2025-01-01T09:03:04+00:00","og_image":[{"width":206,"height":220,"url":"https:\/\/mde.techdeco.fr\/2024groupe222\/wp-content\/uploads\/2024\/04\/IMG_0926.png","type":"image\/png"}],"twitter_card":"summary_large_image","twitter_misc":{"Dur\u00e9e de lecture estim\u00e9e":"1 minute"},"schema":{"@context":"https:\/\/schema.org","@graph":[{"@type":"WebPage","@id":"https:\/\/mde.techdeco.fr\/2024groupe222\/produit\/decoration-chat-porte-bonheur-avec-une-tete-mobile-yeux-fermes\/","url":"https:\/\/mde.techdeco.fr\/2024groupe222\/produit\/decoration-chat-porte-bonheur-avec-une-tete-mobile-yeux-fermes\/","name":"D\u00e9coration chat porte-bonheur avec une t\u00eate mobile - yeux ferm\u00e9s | Boutique Tokyo Vaisselle Toulouse","isPartOf":{"@id":"https:\/\/mde.techdeco.fr\/2024groupe222\/#website"},"primaryImageOfPage":{"@id":"https:\/\/mde.techdeco.fr\/2024groupe222\/produit\/decoration-chat-porte-bonheur-avec-une-tete-mobile-yeux-fermes\/#primaryimage"},"image":{"@id":"https:\/\/mde.techdeco.fr\/2024groupe222\/produit\/decoration-chat-porte-bonheur-avec-une-tete-mobile-yeux-fermes\/#primaryimage"},"thumbnailUrl":"https:\/\/mde.techdeco.fr\/2024groupe222\/wp-content\/uploads\/2024\/04\/IMG_0926.png","datePublished":"2024-04-02T19:36:57+00:00","dateModified":"2025-01-01T09:03:04+00:00","description":"D\u00e9couvrez notre d\u00e9coration chat porte-bonheur avec sa t\u00eate mobile gr\u00e2ce \u00e0 son capteur d'\u00e9nergie solaire. D\u00e9coration pour la voiture, la maison, etc.","breadcrumb":{"@id":"https:\/\/mde.techdeco.fr\/2024groupe222\/produit\/decoration-chat-porte-bonheur-avec-une-tete-mobile-yeux-fermes\/#breadcrumb"},"inLanguage":"fr-FR","potentialAction":[{"@type":"ReadAction","target":["https:\/\/mde.techdeco.fr\/2024groupe222\/produit\/decoration-chat-porte-bonheur-avec-une-tete-mobile-yeux-fermes\/"]}]},{"@type":"ImageObject","inLanguage":"fr-FR","@id":"https:\/\/mde.techdeco.fr\/2024groupe222\/produit\/decoration-chat-porte-bonheur-avec-une-tete-mobile-yeux-fermes\/#primaryimage","url":"https:\/\/mde.techdeco.fr\/2024groupe222\/wp-content\/uploads\/2024\/04\/IMG_0926.png","contentUrl":"https:\/\/mde.techdeco.fr\/2024groupe222\/wp-content\/uploads\/2024\/04\/IMG_0926.png","width":206,"height":220},{"@type":"BreadcrumbList","@id":"https:\/\/mde.techdeco.fr\/2024groupe222\/produit\/decoration-chat-porte-bonheur-avec-une-tete-mobile-yeux-fermes\/#breadcrumb","itemListElement":[{"@type":"ListItem","position":1,"name":"Accueil","item":"https:\/\/mde.techdeco.fr\/2024groupe222\/"},{"@type":"ListItem","position":2,"name":"Boutique","item":"https:\/\/mde.techdeco.fr\/2024groupe222\/boutique\/"},{"@type":"ListItem","position":3,"name":"D\u00e9coration chat porte-bonheur avec une t\u00eate mobile &#8211; yeux ferm\u00e9s"}]},{"@type":"WebSite","@id":"https:\/\/mde.techdeco.fr\/2024groupe222\/#website","url":"https:\/\/mde.techdeco.fr\/2024groupe222\/","name":"Tokyo Vaisselle : vaisselle japonaise toulouse","description":"","alternateName":"Tokyo Vaisselle","potentialAction":[{"@type":"SearchAction","target":{"@type":"EntryPoint","urlTemplate":"https:\/\/mde.techdeco.fr\/2024groupe222\/?s={search_term_string}"},"query-input":{"@type":"PropertyValueSpecification","valueRequired":true,"valueName":"search_term_string"}}],"inLanguage":"fr-FR"}]}},"_links":{"self":[{"href":"https:\/\/mde.techdeco.fr\/2024groupe222\/wp-json\/wp\/v2\/product\/638","targetHints":{"allow":["GET"]}}],"collection":[{"href":"https:\/\/mde.techdeco.fr\/2024groupe222\/wp-json\/wp\/v2\/product"}],"about":[{"href":"https:\/\/mde.techdeco.fr\/2024groupe222\/wp-json\/wp\/v2\/types\/product"}],"replies":[{"embeddable":true,"href":"https:\/\/mde.techdeco.fr\/2024groupe222\/wp-json\/wp\/v2\/comments?post=638"}],"wp:featuredmedia":[{"embeddable":true,"href":"https:\/\/mde.techdeco.fr\/2024groupe222\/wp-json\/wp\/v2\/media\/402"}],"wp:attachment":[{"href":"https:\/\/mde.techdeco.fr\/2024groupe222\/wp-json\/wp\/v2\/media?parent=638"}],"wp:term":[{"taxonomy":"product_brand","embeddable":true,"href":"https:\/\/mde.techdeco.fr\/2024groupe222\/wp-json\/wp\/v2\/product_brand?post=638"},{"taxonomy":"product_cat","embeddable":true,"href":"https:\/\/mde.techdeco.fr\/2024groupe222\/wp-json\/wp\/v2\/product_cat?post=638"},{"taxonomy":"product_tag","embeddable":true,"href":"https:\/\/mde.techdeco.fr\/2024groupe222\/wp-json\/wp\/v2\/product_tag?post=638"}],"curies":[{"name":"wp","href":"https:\/\/api.w.org\/{rel}","templated":true}]}}