{"id":636,"date":"2024-04-02T21:35:44","date_gmt":"2024-04-02T19:35:44","guid":{"rendered":"https:\/\/mde.techdeco.fr\/2024groupe222\/?post_type=product&#038;p=636"},"modified":"2025-01-01T10:06:49","modified_gmt":"2025-01-01T09:06:49","slug":"maneki-neko-porte-bonheur-blanc","status":"publish","type":"product","link":"https:\/\/mde.techdeco.fr\/2024groupe222\/produit\/maneki-neko-porte-bonheur-blanc\/","title":{"rendered":"Maneki Neko porte-bonheur &#8211; blanc"},"content":{"rendered":"<p>D\u00e9couvrez nos Maneki Neko attirent la chance, la protection ainsi que la bonne fortune \u00e0 leur propri\u00e9taire. Leur pr\u00e9sence permet d&rsquo;\u00eatre rassur\u00e9.<\/p>\n<p>Cette figurine dispose d&rsquo;une fente pour pouvoir \u00eatre utilis\u00e9e comme une tirelire. Par contre, le fond est ferm\u00e9 par un tissu non amovible et non par un bouchon de tirelire.<\/p>\n<p>Le blanc apporte la sant\u00e9.\ud83e\ude7a<\/p>\n<p><span style=\"font-weight: 400;\">\u200b\ud83d\udccf<\/span>Taille : 9cm<\/p>\n","protected":false},"excerpt":{"rendered":"<p>D\u00e9couvrez nos Maneki Neko attirent la chance, la protection ainsi que la bonne fortune \u00e0 leur propri\u00e9taire. Leur pr\u00e9sence permet d&rsquo;\u00eatre rassur\u00e9. Cette figurine dispose d&rsquo;une fente pour pouvoir \u00eatre utilis\u00e9e comme une tirelire. Par contre, le fond est ferm\u00e9 par un tissu non amovible et non par un bouchon de tirelire. Le blanc apporte [&hellip;]<\/p>\n","protected":false},"featured_media":400,"comment_status":"open","ping_status":"closed","template":"","meta":[],"product_brand":[],"product_cat":[26],"product_tag":[],"class_list":{"0":"post-636","1":"product","2":"type-product","3":"status-publish","4":"has-post-thumbnail","6":"product_cat-accessoires-japonais","8":"entry","9":"has-media","11":"first","12":"instock","13":"shipping-taxable","14":"purchasable","15":"product-type-simple","16":"has-product-nav","17":"col","18":"span_1_of_3","19":"owp-content-center","20":"owp-thumbs-layout-horizontal","21":"owp-btn-normal","22":"owp-tabs-layout-horizontal","23":"has-no-thumbnails"},"yoast_head":"<!-- This site is optimized with the Yoast SEO plugin v27.3 - https:\/\/yoast.com\/product\/yoast-seo-wordpress\/ -->\n<title>Maneki Neko porte-bonheur - blanc | Boutique Tokyo Vaisselle Toulouse<\/title>\n<meta name=\"description\" content=\"D\u00e9couvrez nos figurines chat porte-bonheur. Ces derniers disposent d&#039;une fente pour pouvoir \u00eatre utilis\u00e9 comme une tirelire.\" \/>\n<meta name=\"robots\" content=\"index, follow, max-snippet:-1, max-image-preview:large, max-video-preview:-1\" \/>\n<link rel=\"canonical\" href=\"https:\/\/mde.techdeco.fr\/2024groupe222\/produit\/maneki-neko-porte-bonheur-blanc\/\" \/>\n<meta property=\"og:locale\" content=\"fr_FR\" \/>\n<meta property=\"og:type\" content=\"article\" \/>\n<meta property=\"og:title\" content=\"Maneki Neko porte-bonheur - blanc | Boutique Tokyo Vaisselle Toulouse\" \/>\n<meta property=\"og:description\" content=\"D\u00e9couvrez nos figurines chat porte-bonheur. Ces derniers disposent d&#039;une fente pour pouvoir \u00eatre utilis\u00e9 comme une tirelire.\" \/>\n<meta property=\"og:url\" content=\"https:\/\/mde.techdeco.fr\/2024groupe222\/produit\/maneki-neko-porte-bonheur-blanc\/\" \/>\n<meta property=\"og:site_name\" content=\"Boutique Tokyo Vaisselle Toulouse\" \/>\n<meta property=\"article:modified_time\" content=\"2025-01-01T09:06:49+00:00\" \/>\n<meta property=\"og:image\" content=\"https:\/\/mde.techdeco.fr\/2024groupe222\/wp-content\/uploads\/2024\/04\/IMG_0924-1.png\" \/>\n\t<meta property=\"og:image:width\" content=\"186\" \/>\n\t<meta property=\"og:image:height\" content=\"220\" \/>\n\t<meta property=\"og:image:type\" content=\"image\/png\" \/>\n<meta name=\"twitter:card\" content=\"summary_large_image\" \/>\n<meta name=\"twitter:label1\" content=\"Dur\u00e9e de lecture estim\u00e9e\" \/>\n\t<meta name=\"twitter:data1\" content=\"1 minute\" \/>\n<script type=\"application\/ld+json\" class=\"yoast-schema-graph\">{\"@context\":\"https:\\\/\\\/schema.org\",\"@graph\":[{\"@type\":\"WebPage\",\"@id\":\"https:\\\/\\\/mde.techdeco.fr\\\/2024groupe222\\\/produit\\\/maneki-neko-porte-bonheur-blanc\\\/\",\"url\":\"https:\\\/\\\/mde.techdeco.fr\\\/2024groupe222\\\/produit\\\/maneki-neko-porte-bonheur-blanc\\\/\",\"name\":\"Maneki Neko porte-bonheur - blanc | Boutique Tokyo Vaisselle Toulouse\",\"isPartOf\":{\"@id\":\"https:\\\/\\\/mde.techdeco.fr\\\/2024groupe222\\\/#website\"},\"primaryImageOfPage\":{\"@id\":\"https:\\\/\\\/mde.techdeco.fr\\\/2024groupe222\\\/produit\\\/maneki-neko-porte-bonheur-blanc\\\/#primaryimage\"},\"image\":{\"@id\":\"https:\\\/\\\/mde.techdeco.fr\\\/2024groupe222\\\/produit\\\/maneki-neko-porte-bonheur-blanc\\\/#primaryimage\"},\"thumbnailUrl\":\"https:\\\/\\\/mde.techdeco.fr\\\/2024groupe222\\\/wp-content\\\/uploads\\\/2024\\\/04\\\/IMG_0924-1.png\",\"datePublished\":\"2024-04-02T19:35:44+00:00\",\"dateModified\":\"2025-01-01T09:06:49+00:00\",\"description\":\"D\u00e9couvrez nos figurines chat porte-bonheur. Ces derniers disposent d'une fente pour pouvoir \u00eatre utilis\u00e9 comme une tirelire.\",\"breadcrumb\":{\"@id\":\"https:\\\/\\\/mde.techdeco.fr\\\/2024groupe222\\\/produit\\\/maneki-neko-porte-bonheur-blanc\\\/#breadcrumb\"},\"inLanguage\":\"fr-FR\",\"potentialAction\":[{\"@type\":\"ReadAction\",\"target\":[\"https:\\\/\\\/mde.techdeco.fr\\\/2024groupe222\\\/produit\\\/maneki-neko-porte-bonheur-blanc\\\/\"]}]},{\"@type\":\"ImageObject\",\"inLanguage\":\"fr-FR\",\"@id\":\"https:\\\/\\\/mde.techdeco.fr\\\/2024groupe222\\\/produit\\\/maneki-neko-porte-bonheur-blanc\\\/#primaryimage\",\"url\":\"https:\\\/\\\/mde.techdeco.fr\\\/2024groupe222\\\/wp-content\\\/uploads\\\/2024\\\/04\\\/IMG_0924-1.png\",\"contentUrl\":\"https:\\\/\\\/mde.techdeco.fr\\\/2024groupe222\\\/wp-content\\\/uploads\\\/2024\\\/04\\\/IMG_0924-1.png\",\"width\":186,\"height\":220},{\"@type\":\"BreadcrumbList\",\"@id\":\"https:\\\/\\\/mde.techdeco.fr\\\/2024groupe222\\\/produit\\\/maneki-neko-porte-bonheur-blanc\\\/#breadcrumb\",\"itemListElement\":[{\"@type\":\"ListItem\",\"position\":1,\"name\":\"Accueil\",\"item\":\"https:\\\/\\\/mde.techdeco.fr\\\/2024groupe222\\\/\"},{\"@type\":\"ListItem\",\"position\":2,\"name\":\"Boutique\",\"item\":\"https:\\\/\\\/mde.techdeco.fr\\\/2024groupe222\\\/boutique\\\/\"},{\"@type\":\"ListItem\",\"position\":3,\"name\":\"Maneki Neko porte-bonheur &#8211; blanc\"}]},{\"@type\":\"WebSite\",\"@id\":\"https:\\\/\\\/mde.techdeco.fr\\\/2024groupe222\\\/#website\",\"url\":\"https:\\\/\\\/mde.techdeco.fr\\\/2024groupe222\\\/\",\"name\":\"Tokyo Vaisselle : vaisselle japonaise toulouse\",\"description\":\"\",\"alternateName\":\"Tokyo Vaisselle\",\"potentialAction\":[{\"@type\":\"SearchAction\",\"target\":{\"@type\":\"EntryPoint\",\"urlTemplate\":\"https:\\\/\\\/mde.techdeco.fr\\\/2024groupe222\\\/?s={search_term_string}\"},\"query-input\":{\"@type\":\"PropertyValueSpecification\",\"valueRequired\":true,\"valueName\":\"search_term_string\"}}],\"inLanguage\":\"fr-FR\"}]}<\/script>\n<!-- \/ Yoast SEO plugin. -->","yoast_head_json":{"title":"Maneki Neko porte-bonheur - blanc | Boutique Tokyo Vaisselle Toulouse","description":"D\u00e9couvrez nos figurines chat porte-bonheur. Ces derniers disposent d'une fente pour pouvoir \u00eatre utilis\u00e9 comme une tirelire.","robots":{"index":"index","follow":"follow","max-snippet":"max-snippet:-1","max-image-preview":"max-image-preview:large","max-video-preview":"max-video-preview:-1"},"canonical":"https:\/\/mde.techdeco.fr\/2024groupe222\/produit\/maneki-neko-porte-bonheur-blanc\/","og_locale":"fr_FR","og_type":"article","og_title":"Maneki Neko porte-bonheur - blanc | Boutique Tokyo Vaisselle Toulouse","og_description":"D\u00e9couvrez nos figurines chat porte-bonheur. Ces derniers disposent d'une fente pour pouvoir \u00eatre utilis\u00e9 comme une tirelire.","og_url":"https:\/\/mde.techdeco.fr\/2024groupe222\/produit\/maneki-neko-porte-bonheur-blanc\/","og_site_name":"Boutique Tokyo Vaisselle Toulouse","article_modified_time":"2025-01-01T09:06:49+00:00","og_image":[{"width":186,"height":220,"url":"https:\/\/mde.techdeco.fr\/2024groupe222\/wp-content\/uploads\/2024\/04\/IMG_0924-1.png","type":"image\/png"}],"twitter_card":"summary_large_image","twitter_misc":{"Dur\u00e9e de lecture estim\u00e9e":"1 minute"},"schema":{"@context":"https:\/\/schema.org","@graph":[{"@type":"WebPage","@id":"https:\/\/mde.techdeco.fr\/2024groupe222\/produit\/maneki-neko-porte-bonheur-blanc\/","url":"https:\/\/mde.techdeco.fr\/2024groupe222\/produit\/maneki-neko-porte-bonheur-blanc\/","name":"Maneki Neko porte-bonheur - blanc | Boutique Tokyo Vaisselle Toulouse","isPartOf":{"@id":"https:\/\/mde.techdeco.fr\/2024groupe222\/#website"},"primaryImageOfPage":{"@id":"https:\/\/mde.techdeco.fr\/2024groupe222\/produit\/maneki-neko-porte-bonheur-blanc\/#primaryimage"},"image":{"@id":"https:\/\/mde.techdeco.fr\/2024groupe222\/produit\/maneki-neko-porte-bonheur-blanc\/#primaryimage"},"thumbnailUrl":"https:\/\/mde.techdeco.fr\/2024groupe222\/wp-content\/uploads\/2024\/04\/IMG_0924-1.png","datePublished":"2024-04-02T19:35:44+00:00","dateModified":"2025-01-01T09:06:49+00:00","description":"D\u00e9couvrez nos figurines chat porte-bonheur. Ces derniers disposent d'une fente pour pouvoir \u00eatre utilis\u00e9 comme une tirelire.","breadcrumb":{"@id":"https:\/\/mde.techdeco.fr\/2024groupe222\/produit\/maneki-neko-porte-bonheur-blanc\/#breadcrumb"},"inLanguage":"fr-FR","potentialAction":[{"@type":"ReadAction","target":["https:\/\/mde.techdeco.fr\/2024groupe222\/produit\/maneki-neko-porte-bonheur-blanc\/"]}]},{"@type":"ImageObject","inLanguage":"fr-FR","@id":"https:\/\/mde.techdeco.fr\/2024groupe222\/produit\/maneki-neko-porte-bonheur-blanc\/#primaryimage","url":"https:\/\/mde.techdeco.fr\/2024groupe222\/wp-content\/uploads\/2024\/04\/IMG_0924-1.png","contentUrl":"https:\/\/mde.techdeco.fr\/2024groupe222\/wp-content\/uploads\/2024\/04\/IMG_0924-1.png","width":186,"height":220},{"@type":"BreadcrumbList","@id":"https:\/\/mde.techdeco.fr\/2024groupe222\/produit\/maneki-neko-porte-bonheur-blanc\/#breadcrumb","itemListElement":[{"@type":"ListItem","position":1,"name":"Accueil","item":"https:\/\/mde.techdeco.fr\/2024groupe222\/"},{"@type":"ListItem","position":2,"name":"Boutique","item":"https:\/\/mde.techdeco.fr\/2024groupe222\/boutique\/"},{"@type":"ListItem","position":3,"name":"Maneki Neko porte-bonheur &#8211; blanc"}]},{"@type":"WebSite","@id":"https:\/\/mde.techdeco.fr\/2024groupe222\/#website","url":"https:\/\/mde.techdeco.fr\/2024groupe222\/","name":"Tokyo Vaisselle : vaisselle japonaise toulouse","description":"","alternateName":"Tokyo Vaisselle","potentialAction":[{"@type":"SearchAction","target":{"@type":"EntryPoint","urlTemplate":"https:\/\/mde.techdeco.fr\/2024groupe222\/?s={search_term_string}"},"query-input":{"@type":"PropertyValueSpecification","valueRequired":true,"valueName":"search_term_string"}}],"inLanguage":"fr-FR"}]}},"_links":{"self":[{"href":"https:\/\/mde.techdeco.fr\/2024groupe222\/wp-json\/wp\/v2\/product\/636","targetHints":{"allow":["GET"]}}],"collection":[{"href":"https:\/\/mde.techdeco.fr\/2024groupe222\/wp-json\/wp\/v2\/product"}],"about":[{"href":"https:\/\/mde.techdeco.fr\/2024groupe222\/wp-json\/wp\/v2\/types\/product"}],"replies":[{"embeddable":true,"href":"https:\/\/mde.techdeco.fr\/2024groupe222\/wp-json\/wp\/v2\/comments?post=636"}],"wp:featuredmedia":[{"embeddable":true,"href":"https:\/\/mde.techdeco.fr\/2024groupe222\/wp-json\/wp\/v2\/media\/400"}],"wp:attachment":[{"href":"https:\/\/mde.techdeco.fr\/2024groupe222\/wp-json\/wp\/v2\/media?parent=636"}],"wp:term":[{"taxonomy":"product_brand","embeddable":true,"href":"https:\/\/mde.techdeco.fr\/2024groupe222\/wp-json\/wp\/v2\/product_brand?post=636"},{"taxonomy":"product_cat","embeddable":true,"href":"https:\/\/mde.techdeco.fr\/2024groupe222\/wp-json\/wp\/v2\/product_cat?post=636"},{"taxonomy":"product_tag","embeddable":true,"href":"https:\/\/mde.techdeco.fr\/2024groupe222\/wp-json\/wp\/v2\/product_tag?post=636"}],"curies":[{"name":"wp","href":"https:\/\/api.w.org\/{rel}","templated":true}]}}