{"id":603,"date":"2024-04-02T20:57:46","date_gmt":"2024-04-02T18:57:46","guid":{"rendered":"https:\/\/mde.techdeco.fr\/2024groupe222\/?post_type=product&#038;p=603"},"modified":"2025-01-01T10:45:28","modified_gmt":"2025-01-01T09:45:28","slug":"theiere-avec-fleurs-bleues","status":"publish","type":"product","link":"https:\/\/mde.techdeco.fr\/2024groupe222\/produit\/theiere-avec-fleurs-bleues\/","title":{"rendered":"Th\u00e9i\u00e8re &#8211; motif avec des fleurs bleues"},"content":{"rendered":"<p>Servez vos th\u00e9s avec notre merveilleuse th\u00e9i\u00e8re en porcelaine.<\/p>\n<p><span style=\"font-weight: 400;\">\ud83e\uded6<\/span>Contenance : 700 mL<\/p>\n<p><a class=\"slideshow\" title=\"Google (Noto Color Emoji 16.0)\" href=\"https:\/\/images.emojiterra.com\/google\/noto-emoji\/unicode-16.0\/color\/1024px\/1f1e8-1f1f3.png\" target=\"_blank\" rel=\"noopener\" data-srcset=\"https:\/\/images.emojiterra.com\/google\/noto-emoji\/unicode-16.0\/color\/1024px\/1f1e8-1f1f3.png 2x, https:\/\/images.emojiterra.com\/google\/noto-emoji\/unicode-16.0\/color\/512px\/1f1e8-1f1f3.png 1x\" data-lg-id=\"d570a9a3-02ab-4f20-bd2a-461b58d9d383\"><img decoding=\"async\" class=\"\" src=\"https:\/\/images.emojiterra.com\/google\/noto-emoji\/unicode-16.0\/color\/256px\/1f1e8-1f1f3.png\" srcset=\"https:\/\/images.emojiterra.com\/google\/noto-emoji\/unicode-16.0\/color\/256px\/1f1e8-1f1f3.png 2x, https:\/\/images.emojiterra.com\/google\/noto-emoji\/unicode-16.0\/color\/128px\/1f1e8-1f1f3.png 1x\" alt=\"Google (Noto Color Emoji 16.0)\" width=\"19\" height=\"19\" \/><\/a>Provenance : Chine<\/p>\n<p>Compatible avec le micro-onde et le lave-vaisselle.<\/p>\n","protected":false},"excerpt":{"rendered":"<p>Servez vos th\u00e9s avec notre merveilleuse th\u00e9i\u00e8re en porcelaine. \ud83e\uded6Contenance : 700 mL Provenance : Chine Compatible avec le micro-onde et le lave-vaisselle.<\/p>\n","protected":false},"featured_media":186,"comment_status":"open","ping_status":"closed","template":"","meta":[],"product_brand":[],"product_cat":[27],"product_tag":[],"class_list":{"0":"post-603","1":"product","2":"type-product","3":"status-publish","4":"has-post-thumbnail","6":"product_cat-ensemble-theieres","8":"entry","9":"has-media","11":"first","12":"instock","13":"shipping-taxable","14":"purchasable","15":"product-type-simple","16":"has-product-nav","17":"col","18":"span_1_of_3","19":"owp-content-center","20":"owp-thumbs-layout-horizontal","21":"owp-btn-normal","22":"owp-tabs-layout-horizontal","23":"has-no-thumbnails"},"yoast_head":"<!-- This site is optimized with the Yoast SEO plugin v27.3 - https:\/\/yoast.com\/product\/yoast-seo-wordpress\/ -->\n<title>Th\u00e9i\u00e8re - motif avec des fleurs bleues | Boutique Tokyo Vaisselle Toulouse<\/title>\n<meta name=\"description\" content=\"Vous \u00eates \u00e0 la recherche de th\u00e9i\u00e8re en porcelaine pour servir vos th\u00e9s et impressionner vos invit\u00e9s ? Alors vous \u00eates au bon endroit !\" \/>\n<meta name=\"robots\" content=\"index, follow, max-snippet:-1, max-image-preview:large, max-video-preview:-1\" \/>\n<link rel=\"canonical\" href=\"https:\/\/mde.techdeco.fr\/2024groupe222\/produit\/theiere-avec-fleurs-bleues\/\" \/>\n<meta property=\"og:locale\" content=\"fr_FR\" \/>\n<meta property=\"og:type\" content=\"article\" \/>\n<meta property=\"og:title\" content=\"Th\u00e9i\u00e8re - motif avec des fleurs bleues | Boutique Tokyo Vaisselle Toulouse\" \/>\n<meta property=\"og:description\" content=\"Vous \u00eates \u00e0 la recherche de th\u00e9i\u00e8re en porcelaine pour servir vos th\u00e9s et impressionner vos invit\u00e9s ? Alors vous \u00eates au bon endroit !\" \/>\n<meta property=\"og:url\" content=\"https:\/\/mde.techdeco.fr\/2024groupe222\/produit\/theiere-avec-fleurs-bleues\/\" \/>\n<meta property=\"og:site_name\" content=\"Boutique Tokyo Vaisselle Toulouse\" \/>\n<meta property=\"article:modified_time\" content=\"2025-01-01T09:45:28+00:00\" \/>\n<meta property=\"og:image\" content=\"https:\/\/mde.techdeco.fr\/2024groupe222\/wp-content\/uploads\/2024\/03\/33359ab1-30ca-48bb-b0cc-2636f06fc83f.jpg\" \/>\n\t<meta property=\"og:image:width\" content=\"800\" \/>\n\t<meta property=\"og:image:height\" content=\"600\" \/>\n\t<meta property=\"og:image:type\" content=\"image\/jpeg\" \/>\n<meta name=\"twitter:card\" content=\"summary_large_image\" \/>\n<meta name=\"twitter:label1\" content=\"Dur\u00e9e de lecture estim\u00e9e\" \/>\n\t<meta name=\"twitter:data1\" content=\"1 minute\" \/>\n<script type=\"application\/ld+json\" class=\"yoast-schema-graph\">{\"@context\":\"https:\\\/\\\/schema.org\",\"@graph\":[{\"@type\":\"WebPage\",\"@id\":\"https:\\\/\\\/mde.techdeco.fr\\\/2024groupe222\\\/produit\\\/theiere-avec-fleurs-bleues\\\/\",\"url\":\"https:\\\/\\\/mde.techdeco.fr\\\/2024groupe222\\\/produit\\\/theiere-avec-fleurs-bleues\\\/\",\"name\":\"Th\u00e9i\u00e8re - motif avec des fleurs bleues | Boutique Tokyo Vaisselle Toulouse\",\"isPartOf\":{\"@id\":\"https:\\\/\\\/mde.techdeco.fr\\\/2024groupe222\\\/#website\"},\"primaryImageOfPage\":{\"@id\":\"https:\\\/\\\/mde.techdeco.fr\\\/2024groupe222\\\/produit\\\/theiere-avec-fleurs-bleues\\\/#primaryimage\"},\"image\":{\"@id\":\"https:\\\/\\\/mde.techdeco.fr\\\/2024groupe222\\\/produit\\\/theiere-avec-fleurs-bleues\\\/#primaryimage\"},\"thumbnailUrl\":\"https:\\\/\\\/mde.techdeco.fr\\\/2024groupe222\\\/wp-content\\\/uploads\\\/2024\\\/03\\\/33359ab1-30ca-48bb-b0cc-2636f06fc83f.jpg\",\"datePublished\":\"2024-04-02T18:57:46+00:00\",\"dateModified\":\"2025-01-01T09:45:28+00:00\",\"description\":\"Vous \u00eates \u00e0 la recherche de th\u00e9i\u00e8re en porcelaine pour servir vos th\u00e9s et impressionner vos invit\u00e9s ? Alors vous \u00eates au bon endroit !\",\"breadcrumb\":{\"@id\":\"https:\\\/\\\/mde.techdeco.fr\\\/2024groupe222\\\/produit\\\/theiere-avec-fleurs-bleues\\\/#breadcrumb\"},\"inLanguage\":\"fr-FR\",\"potentialAction\":[{\"@type\":\"ReadAction\",\"target\":[\"https:\\\/\\\/mde.techdeco.fr\\\/2024groupe222\\\/produit\\\/theiere-avec-fleurs-bleues\\\/\"]}]},{\"@type\":\"ImageObject\",\"inLanguage\":\"fr-FR\",\"@id\":\"https:\\\/\\\/mde.techdeco.fr\\\/2024groupe222\\\/produit\\\/theiere-avec-fleurs-bleues\\\/#primaryimage\",\"url\":\"https:\\\/\\\/mde.techdeco.fr\\\/2024groupe222\\\/wp-content\\\/uploads\\\/2024\\\/03\\\/33359ab1-30ca-48bb-b0cc-2636f06fc83f.jpg\",\"contentUrl\":\"https:\\\/\\\/mde.techdeco.fr\\\/2024groupe222\\\/wp-content\\\/uploads\\\/2024\\\/03\\\/33359ab1-30ca-48bb-b0cc-2636f06fc83f.jpg\",\"width\":800,\"height\":600},{\"@type\":\"BreadcrumbList\",\"@id\":\"https:\\\/\\\/mde.techdeco.fr\\\/2024groupe222\\\/produit\\\/theiere-avec-fleurs-bleues\\\/#breadcrumb\",\"itemListElement\":[{\"@type\":\"ListItem\",\"position\":1,\"name\":\"Accueil\",\"item\":\"https:\\\/\\\/mde.techdeco.fr\\\/2024groupe222\\\/\"},{\"@type\":\"ListItem\",\"position\":2,\"name\":\"Boutique\",\"item\":\"https:\\\/\\\/mde.techdeco.fr\\\/2024groupe222\\\/boutique\\\/\"},{\"@type\":\"ListItem\",\"position\":3,\"name\":\"Th\u00e9i\u00e8re &#8211; motif avec des fleurs bleues\"}]},{\"@type\":\"WebSite\",\"@id\":\"https:\\\/\\\/mde.techdeco.fr\\\/2024groupe222\\\/#website\",\"url\":\"https:\\\/\\\/mde.techdeco.fr\\\/2024groupe222\\\/\",\"name\":\"Tokyo Vaisselle : vaisselle japonaise toulouse\",\"description\":\"\",\"alternateName\":\"Tokyo Vaisselle\",\"potentialAction\":[{\"@type\":\"SearchAction\",\"target\":{\"@type\":\"EntryPoint\",\"urlTemplate\":\"https:\\\/\\\/mde.techdeco.fr\\\/2024groupe222\\\/?s={search_term_string}\"},\"query-input\":{\"@type\":\"PropertyValueSpecification\",\"valueRequired\":true,\"valueName\":\"search_term_string\"}}],\"inLanguage\":\"fr-FR\"}]}<\/script>\n<!-- \/ Yoast SEO plugin. -->","yoast_head_json":{"title":"Th\u00e9i\u00e8re - motif avec des fleurs bleues | Boutique Tokyo Vaisselle Toulouse","description":"Vous \u00eates \u00e0 la recherche de th\u00e9i\u00e8re en porcelaine pour servir vos th\u00e9s et impressionner vos invit\u00e9s ? Alors vous \u00eates au bon endroit !","robots":{"index":"index","follow":"follow","max-snippet":"max-snippet:-1","max-image-preview":"max-image-preview:large","max-video-preview":"max-video-preview:-1"},"canonical":"https:\/\/mde.techdeco.fr\/2024groupe222\/produit\/theiere-avec-fleurs-bleues\/","og_locale":"fr_FR","og_type":"article","og_title":"Th\u00e9i\u00e8re - motif avec des fleurs bleues | Boutique Tokyo Vaisselle Toulouse","og_description":"Vous \u00eates \u00e0 la recherche de th\u00e9i\u00e8re en porcelaine pour servir vos th\u00e9s et impressionner vos invit\u00e9s ? Alors vous \u00eates au bon endroit !","og_url":"https:\/\/mde.techdeco.fr\/2024groupe222\/produit\/theiere-avec-fleurs-bleues\/","og_site_name":"Boutique Tokyo Vaisselle Toulouse","article_modified_time":"2025-01-01T09:45:28+00:00","og_image":[{"width":800,"height":600,"url":"https:\/\/mde.techdeco.fr\/2024groupe222\/wp-content\/uploads\/2024\/03\/33359ab1-30ca-48bb-b0cc-2636f06fc83f.jpg","type":"image\/jpeg"}],"twitter_card":"summary_large_image","twitter_misc":{"Dur\u00e9e de lecture estim\u00e9e":"1 minute"},"schema":{"@context":"https:\/\/schema.org","@graph":[{"@type":"WebPage","@id":"https:\/\/mde.techdeco.fr\/2024groupe222\/produit\/theiere-avec-fleurs-bleues\/","url":"https:\/\/mde.techdeco.fr\/2024groupe222\/produit\/theiere-avec-fleurs-bleues\/","name":"Th\u00e9i\u00e8re - motif avec des fleurs bleues | Boutique Tokyo Vaisselle Toulouse","isPartOf":{"@id":"https:\/\/mde.techdeco.fr\/2024groupe222\/#website"},"primaryImageOfPage":{"@id":"https:\/\/mde.techdeco.fr\/2024groupe222\/produit\/theiere-avec-fleurs-bleues\/#primaryimage"},"image":{"@id":"https:\/\/mde.techdeco.fr\/2024groupe222\/produit\/theiere-avec-fleurs-bleues\/#primaryimage"},"thumbnailUrl":"https:\/\/mde.techdeco.fr\/2024groupe222\/wp-content\/uploads\/2024\/03\/33359ab1-30ca-48bb-b0cc-2636f06fc83f.jpg","datePublished":"2024-04-02T18:57:46+00:00","dateModified":"2025-01-01T09:45:28+00:00","description":"Vous \u00eates \u00e0 la recherche de th\u00e9i\u00e8re en porcelaine pour servir vos th\u00e9s et impressionner vos invit\u00e9s ? Alors vous \u00eates au bon endroit !","breadcrumb":{"@id":"https:\/\/mde.techdeco.fr\/2024groupe222\/produit\/theiere-avec-fleurs-bleues\/#breadcrumb"},"inLanguage":"fr-FR","potentialAction":[{"@type":"ReadAction","target":["https:\/\/mde.techdeco.fr\/2024groupe222\/produit\/theiere-avec-fleurs-bleues\/"]}]},{"@type":"ImageObject","inLanguage":"fr-FR","@id":"https:\/\/mde.techdeco.fr\/2024groupe222\/produit\/theiere-avec-fleurs-bleues\/#primaryimage","url":"https:\/\/mde.techdeco.fr\/2024groupe222\/wp-content\/uploads\/2024\/03\/33359ab1-30ca-48bb-b0cc-2636f06fc83f.jpg","contentUrl":"https:\/\/mde.techdeco.fr\/2024groupe222\/wp-content\/uploads\/2024\/03\/33359ab1-30ca-48bb-b0cc-2636f06fc83f.jpg","width":800,"height":600},{"@type":"BreadcrumbList","@id":"https:\/\/mde.techdeco.fr\/2024groupe222\/produit\/theiere-avec-fleurs-bleues\/#breadcrumb","itemListElement":[{"@type":"ListItem","position":1,"name":"Accueil","item":"https:\/\/mde.techdeco.fr\/2024groupe222\/"},{"@type":"ListItem","position":2,"name":"Boutique","item":"https:\/\/mde.techdeco.fr\/2024groupe222\/boutique\/"},{"@type":"ListItem","position":3,"name":"Th\u00e9i\u00e8re &#8211; motif avec des fleurs bleues"}]},{"@type":"WebSite","@id":"https:\/\/mde.techdeco.fr\/2024groupe222\/#website","url":"https:\/\/mde.techdeco.fr\/2024groupe222\/","name":"Tokyo Vaisselle : vaisselle japonaise toulouse","description":"","alternateName":"Tokyo Vaisselle","potentialAction":[{"@type":"SearchAction","target":{"@type":"EntryPoint","urlTemplate":"https:\/\/mde.techdeco.fr\/2024groupe222\/?s={search_term_string}"},"query-input":{"@type":"PropertyValueSpecification","valueRequired":true,"valueName":"search_term_string"}}],"inLanguage":"fr-FR"}]}},"_links":{"self":[{"href":"https:\/\/mde.techdeco.fr\/2024groupe222\/wp-json\/wp\/v2\/product\/603","targetHints":{"allow":["GET"]}}],"collection":[{"href":"https:\/\/mde.techdeco.fr\/2024groupe222\/wp-json\/wp\/v2\/product"}],"about":[{"href":"https:\/\/mde.techdeco.fr\/2024groupe222\/wp-json\/wp\/v2\/types\/product"}],"replies":[{"embeddable":true,"href":"https:\/\/mde.techdeco.fr\/2024groupe222\/wp-json\/wp\/v2\/comments?post=603"}],"wp:featuredmedia":[{"embeddable":true,"href":"https:\/\/mde.techdeco.fr\/2024groupe222\/wp-json\/wp\/v2\/media\/186"}],"wp:attachment":[{"href":"https:\/\/mde.techdeco.fr\/2024groupe222\/wp-json\/wp\/v2\/media?parent=603"}],"wp:term":[{"taxonomy":"product_brand","embeddable":true,"href":"https:\/\/mde.techdeco.fr\/2024groupe222\/wp-json\/wp\/v2\/product_brand?post=603"},{"taxonomy":"product_cat","embeddable":true,"href":"https:\/\/mde.techdeco.fr\/2024groupe222\/wp-json\/wp\/v2\/product_cat?post=603"},{"taxonomy":"product_tag","embeddable":true,"href":"https:\/\/mde.techdeco.fr\/2024groupe222\/wp-json\/wp\/v2\/product_tag?post=603"}],"curies":[{"name":"wp","href":"https:\/\/api.w.org\/{rel}","templated":true}]}}