{"id":591,"date":"2024-04-02T20:51:22","date_gmt":"2024-04-02T18:51:22","guid":{"rendered":"https:\/\/mde.techdeco.fr\/2024groupe222\/?post_type=product&#038;p=591"},"modified":"2025-01-01T10:49:02","modified_gmt":"2025-01-01T09:49:02","slug":"bol-a-ramen-motif-vagues-bleues","status":"publish","type":"product","link":"https:\/\/mde.techdeco.fr\/2024groupe222\/produit\/bol-a-ramen-motif-vagues-bleues\/","title":{"rendered":"Bol \u00e0 Ramen &#8211; motif vagues bleues"},"content":{"rendered":"<p>Ce bol \u00e0 ramen avec un motif de vagues bleues est parfait pour d\u00e9guster vos soupes ! Sa forme \u00e9vas\u00e9e permet \u00e0 la soupe de refroidir et d&rsquo;\u00eatre consomm\u00e9 \u00e0 la temp\u00e9rature que vous souhaitez.<span style=\"font-weight: 400;\">\ud83c\udf5c<\/span><\/p>\n<p>Fabriqu\u00e9 en gr\u00e8s.<\/p>\n<p><span style=\"font-weight: 400;\">\ud83e\udd63<\/span>Contenance : jusqu&rsquo;\u00e0 1L.<\/p>\n<p><span style=\"font-weight: 400;\">\ud83d\udcd0<\/span>Dimension : 15 cm et 22 cm<\/p>\n<p><span style=\"font-weight: 400;\">\ud83c\udf8c<\/span>Fabriqu\u00e9 au Japon.<\/p>\n<p>Compatible avec le micro-onde et le lave-vaisselle.<\/p>\n","protected":false},"excerpt":{"rendered":"<p>Ce bol \u00e0 ramen avec un motif de vagues bleues est parfait pour d\u00e9guster vos soupes ! Sa forme \u00e9vas\u00e9e permet \u00e0 la soupe de refroidir et d&rsquo;\u00eatre consomm\u00e9 \u00e0 la temp\u00e9rature que vous souhaitez.\ud83c\udf5c Fabriqu\u00e9 en gr\u00e8s. \ud83e\udd63Contenance : jusqu&rsquo;\u00e0 1L. \ud83d\udcd0Dimension : 15 cm et 22 cm \ud83c\udf8cFabriqu\u00e9 au Japon. Compatible avec le [&hellip;]<\/p>\n","protected":false},"featured_media":127,"comment_status":"open","ping_status":"closed","template":"","meta":[],"product_brand":[],"product_cat":[20],"product_tag":[],"class_list":{"0":"post-591","1":"product","2":"type-product","3":"status-publish","4":"has-post-thumbnail","6":"product_cat-bols-a-ramen","8":"entry","9":"has-media","11":"first","12":"instock","13":"shipping-taxable","14":"purchasable","15":"product-type-variable","16":"has-product-nav","17":"col","18":"span_1_of_3","19":"owp-content-center","20":"owp-thumbs-layout-horizontal","21":"owp-btn-normal","22":"owp-tabs-layout-horizontal","23":"has-no-thumbnails"},"yoast_head":"<!-- This site is optimized with the Yoast SEO plugin v27.3 - https:\/\/yoast.com\/product\/yoast-seo-wordpress\/ -->\n<title>Bol \u00e0 Ramen - motif vagues bleues | Boutique Tokyo Vaisselle Toulouse<\/title>\n<meta name=\"description\" content=\"Vous \u00eates \u00e0 la recherche d&#039;un bol \u00e0 ramen pour impressionner vos invit\u00e9s ou tout simplement manger votre soupe ? Alors vous \u00eates au bon endroit !\" \/>\n<meta name=\"robots\" content=\"index, follow, max-snippet:-1, max-image-preview:large, max-video-preview:-1\" \/>\n<link rel=\"canonical\" href=\"https:\/\/mde.techdeco.fr\/2024groupe222\/produit\/bol-a-ramen-motif-vagues-bleues\/\" \/>\n<meta property=\"og:locale\" content=\"fr_FR\" \/>\n<meta property=\"og:type\" content=\"article\" \/>\n<meta property=\"og:title\" content=\"Bol \u00e0 Ramen - motif vagues bleues | Boutique Tokyo Vaisselle Toulouse\" \/>\n<meta property=\"og:description\" content=\"Vous \u00eates \u00e0 la recherche d&#039;un bol \u00e0 ramen pour impressionner vos invit\u00e9s ou tout simplement manger votre soupe ? Alors vous \u00eates au bon endroit !\" \/>\n<meta property=\"og:url\" content=\"https:\/\/mde.techdeco.fr\/2024groupe222\/produit\/bol-a-ramen-motif-vagues-bleues\/\" \/>\n<meta property=\"og:site_name\" content=\"Boutique Tokyo Vaisselle Toulouse\" \/>\n<meta property=\"article:modified_time\" content=\"2025-01-01T09:49:02+00:00\" \/>\n<meta property=\"og:image\" content=\"https:\/\/mde.techdeco.fr\/2024groupe222\/wp-content\/uploads\/2024\/03\/IMG_0671.png\" \/>\n\t<meta property=\"og:image:width\" content=\"220\" \/>\n\t<meta property=\"og:image:height\" content=\"141\" \/>\n\t<meta property=\"og:image:type\" content=\"image\/png\" \/>\n<meta name=\"twitter:card\" content=\"summary_large_image\" \/>\n<meta name=\"twitter:label1\" content=\"Dur\u00e9e de lecture estim\u00e9e\" \/>\n\t<meta name=\"twitter:data1\" content=\"1 minute\" \/>\n<script type=\"application\/ld+json\" class=\"yoast-schema-graph\">{\"@context\":\"https:\\\/\\\/schema.org\",\"@graph\":[{\"@type\":\"WebPage\",\"@id\":\"https:\\\/\\\/mde.techdeco.fr\\\/2024groupe222\\\/produit\\\/bol-a-ramen-motif-vagues-bleues\\\/\",\"url\":\"https:\\\/\\\/mde.techdeco.fr\\\/2024groupe222\\\/produit\\\/bol-a-ramen-motif-vagues-bleues\\\/\",\"name\":\"Bol \u00e0 Ramen - motif vagues bleues | Boutique Tokyo Vaisselle Toulouse\",\"isPartOf\":{\"@id\":\"https:\\\/\\\/mde.techdeco.fr\\\/2024groupe222\\\/#website\"},\"primaryImageOfPage\":{\"@id\":\"https:\\\/\\\/mde.techdeco.fr\\\/2024groupe222\\\/produit\\\/bol-a-ramen-motif-vagues-bleues\\\/#primaryimage\"},\"image\":{\"@id\":\"https:\\\/\\\/mde.techdeco.fr\\\/2024groupe222\\\/produit\\\/bol-a-ramen-motif-vagues-bleues\\\/#primaryimage\"},\"thumbnailUrl\":\"https:\\\/\\\/mde.techdeco.fr\\\/2024groupe222\\\/wp-content\\\/uploads\\\/2024\\\/03\\\/IMG_0671.png\",\"datePublished\":\"2024-04-02T18:51:22+00:00\",\"dateModified\":\"2025-01-01T09:49:02+00:00\",\"description\":\"Vous \u00eates \u00e0 la recherche d'un bol \u00e0 ramen pour impressionner vos invit\u00e9s ou tout simplement manger votre soupe ? Alors vous \u00eates au bon endroit !\",\"breadcrumb\":{\"@id\":\"https:\\\/\\\/mde.techdeco.fr\\\/2024groupe222\\\/produit\\\/bol-a-ramen-motif-vagues-bleues\\\/#breadcrumb\"},\"inLanguage\":\"fr-FR\",\"potentialAction\":[{\"@type\":\"ReadAction\",\"target\":[\"https:\\\/\\\/mde.techdeco.fr\\\/2024groupe222\\\/produit\\\/bol-a-ramen-motif-vagues-bleues\\\/\"]}]},{\"@type\":\"ImageObject\",\"inLanguage\":\"fr-FR\",\"@id\":\"https:\\\/\\\/mde.techdeco.fr\\\/2024groupe222\\\/produit\\\/bol-a-ramen-motif-vagues-bleues\\\/#primaryimage\",\"url\":\"https:\\\/\\\/mde.techdeco.fr\\\/2024groupe222\\\/wp-content\\\/uploads\\\/2024\\\/03\\\/IMG_0671.png\",\"contentUrl\":\"https:\\\/\\\/mde.techdeco.fr\\\/2024groupe222\\\/wp-content\\\/uploads\\\/2024\\\/03\\\/IMG_0671.png\",\"width\":220,\"height\":141},{\"@type\":\"BreadcrumbList\",\"@id\":\"https:\\\/\\\/mde.techdeco.fr\\\/2024groupe222\\\/produit\\\/bol-a-ramen-motif-vagues-bleues\\\/#breadcrumb\",\"itemListElement\":[{\"@type\":\"ListItem\",\"position\":1,\"name\":\"Accueil\",\"item\":\"https:\\\/\\\/mde.techdeco.fr\\\/2024groupe222\\\/\"},{\"@type\":\"ListItem\",\"position\":2,\"name\":\"Boutique\",\"item\":\"https:\\\/\\\/mde.techdeco.fr\\\/2024groupe222\\\/boutique\\\/\"},{\"@type\":\"ListItem\",\"position\":3,\"name\":\"Bol \u00e0 Ramen &#8211; motif vagues bleues\"}]},{\"@type\":\"WebSite\",\"@id\":\"https:\\\/\\\/mde.techdeco.fr\\\/2024groupe222\\\/#website\",\"url\":\"https:\\\/\\\/mde.techdeco.fr\\\/2024groupe222\\\/\",\"name\":\"Tokyo Vaisselle : vaisselle japonaise toulouse\",\"description\":\"\",\"alternateName\":\"Tokyo Vaisselle\",\"potentialAction\":[{\"@type\":\"SearchAction\",\"target\":{\"@type\":\"EntryPoint\",\"urlTemplate\":\"https:\\\/\\\/mde.techdeco.fr\\\/2024groupe222\\\/?s={search_term_string}\"},\"query-input\":{\"@type\":\"PropertyValueSpecification\",\"valueRequired\":true,\"valueName\":\"search_term_string\"}}],\"inLanguage\":\"fr-FR\"}]}<\/script>\n<!-- \/ Yoast SEO plugin. -->","yoast_head_json":{"title":"Bol \u00e0 Ramen - motif vagues bleues | Boutique Tokyo Vaisselle Toulouse","description":"Vous \u00eates \u00e0 la recherche d'un bol \u00e0 ramen pour impressionner vos invit\u00e9s ou tout simplement manger votre soupe ? Alors vous \u00eates au bon endroit !","robots":{"index":"index","follow":"follow","max-snippet":"max-snippet:-1","max-image-preview":"max-image-preview:large","max-video-preview":"max-video-preview:-1"},"canonical":"https:\/\/mde.techdeco.fr\/2024groupe222\/produit\/bol-a-ramen-motif-vagues-bleues\/","og_locale":"fr_FR","og_type":"article","og_title":"Bol \u00e0 Ramen - motif vagues bleues | Boutique Tokyo Vaisselle Toulouse","og_description":"Vous \u00eates \u00e0 la recherche d'un bol \u00e0 ramen pour impressionner vos invit\u00e9s ou tout simplement manger votre soupe ? Alors vous \u00eates au bon endroit !","og_url":"https:\/\/mde.techdeco.fr\/2024groupe222\/produit\/bol-a-ramen-motif-vagues-bleues\/","og_site_name":"Boutique Tokyo Vaisselle Toulouse","article_modified_time":"2025-01-01T09:49:02+00:00","og_image":[{"width":220,"height":141,"url":"https:\/\/mde.techdeco.fr\/2024groupe222\/wp-content\/uploads\/2024\/03\/IMG_0671.png","type":"image\/png"}],"twitter_card":"summary_large_image","twitter_misc":{"Dur\u00e9e de lecture estim\u00e9e":"1 minute"},"schema":{"@context":"https:\/\/schema.org","@graph":[{"@type":"WebPage","@id":"https:\/\/mde.techdeco.fr\/2024groupe222\/produit\/bol-a-ramen-motif-vagues-bleues\/","url":"https:\/\/mde.techdeco.fr\/2024groupe222\/produit\/bol-a-ramen-motif-vagues-bleues\/","name":"Bol \u00e0 Ramen - motif vagues bleues | Boutique Tokyo Vaisselle Toulouse","isPartOf":{"@id":"https:\/\/mde.techdeco.fr\/2024groupe222\/#website"},"primaryImageOfPage":{"@id":"https:\/\/mde.techdeco.fr\/2024groupe222\/produit\/bol-a-ramen-motif-vagues-bleues\/#primaryimage"},"image":{"@id":"https:\/\/mde.techdeco.fr\/2024groupe222\/produit\/bol-a-ramen-motif-vagues-bleues\/#primaryimage"},"thumbnailUrl":"https:\/\/mde.techdeco.fr\/2024groupe222\/wp-content\/uploads\/2024\/03\/IMG_0671.png","datePublished":"2024-04-02T18:51:22+00:00","dateModified":"2025-01-01T09:49:02+00:00","description":"Vous \u00eates \u00e0 la recherche d'un bol \u00e0 ramen pour impressionner vos invit\u00e9s ou tout simplement manger votre soupe ? Alors vous \u00eates au bon endroit !","breadcrumb":{"@id":"https:\/\/mde.techdeco.fr\/2024groupe222\/produit\/bol-a-ramen-motif-vagues-bleues\/#breadcrumb"},"inLanguage":"fr-FR","potentialAction":[{"@type":"ReadAction","target":["https:\/\/mde.techdeco.fr\/2024groupe222\/produit\/bol-a-ramen-motif-vagues-bleues\/"]}]},{"@type":"ImageObject","inLanguage":"fr-FR","@id":"https:\/\/mde.techdeco.fr\/2024groupe222\/produit\/bol-a-ramen-motif-vagues-bleues\/#primaryimage","url":"https:\/\/mde.techdeco.fr\/2024groupe222\/wp-content\/uploads\/2024\/03\/IMG_0671.png","contentUrl":"https:\/\/mde.techdeco.fr\/2024groupe222\/wp-content\/uploads\/2024\/03\/IMG_0671.png","width":220,"height":141},{"@type":"BreadcrumbList","@id":"https:\/\/mde.techdeco.fr\/2024groupe222\/produit\/bol-a-ramen-motif-vagues-bleues\/#breadcrumb","itemListElement":[{"@type":"ListItem","position":1,"name":"Accueil","item":"https:\/\/mde.techdeco.fr\/2024groupe222\/"},{"@type":"ListItem","position":2,"name":"Boutique","item":"https:\/\/mde.techdeco.fr\/2024groupe222\/boutique\/"},{"@type":"ListItem","position":3,"name":"Bol \u00e0 Ramen &#8211; motif vagues bleues"}]},{"@type":"WebSite","@id":"https:\/\/mde.techdeco.fr\/2024groupe222\/#website","url":"https:\/\/mde.techdeco.fr\/2024groupe222\/","name":"Tokyo Vaisselle : vaisselle japonaise toulouse","description":"","alternateName":"Tokyo Vaisselle","potentialAction":[{"@type":"SearchAction","target":{"@type":"EntryPoint","urlTemplate":"https:\/\/mde.techdeco.fr\/2024groupe222\/?s={search_term_string}"},"query-input":{"@type":"PropertyValueSpecification","valueRequired":true,"valueName":"search_term_string"}}],"inLanguage":"fr-FR"}]}},"_links":{"self":[{"href":"https:\/\/mde.techdeco.fr\/2024groupe222\/wp-json\/wp\/v2\/product\/591","targetHints":{"allow":["GET"]}}],"collection":[{"href":"https:\/\/mde.techdeco.fr\/2024groupe222\/wp-json\/wp\/v2\/product"}],"about":[{"href":"https:\/\/mde.techdeco.fr\/2024groupe222\/wp-json\/wp\/v2\/types\/product"}],"replies":[{"embeddable":true,"href":"https:\/\/mde.techdeco.fr\/2024groupe222\/wp-json\/wp\/v2\/comments?post=591"}],"wp:featuredmedia":[{"embeddable":true,"href":"https:\/\/mde.techdeco.fr\/2024groupe222\/wp-json\/wp\/v2\/media\/127"}],"wp:attachment":[{"href":"https:\/\/mde.techdeco.fr\/2024groupe222\/wp-json\/wp\/v2\/media?parent=591"}],"wp:term":[{"taxonomy":"product_brand","embeddable":true,"href":"https:\/\/mde.techdeco.fr\/2024groupe222\/wp-json\/wp\/v2\/product_brand?post=591"},{"taxonomy":"product_cat","embeddable":true,"href":"https:\/\/mde.techdeco.fr\/2024groupe222\/wp-json\/wp\/v2\/product_cat?post=591"},{"taxonomy":"product_tag","embeddable":true,"href":"https:\/\/mde.techdeco.fr\/2024groupe222\/wp-json\/wp\/v2\/product_tag?post=591"}],"curies":[{"name":"wp","href":"https:\/\/api.w.org\/{rel}","templated":true}]}}