{"id":863,"date":"2024-10-23T11:40:19","date_gmt":"2024-10-23T09:40:19","guid":{"rendered":"https:\/\/mde.techdeco.fr\/2024groupe222\/?page_id=863"},"modified":"2025-01-14T16:33:29","modified_gmt":"2025-01-14T15:33:29","slug":"click-and-collect-vaisselle-japonaise-toulouse","status":"publish","type":"page","link":"https:\/\/mde.techdeco.fr\/2024groupe222\/click-and-collect-vaisselle-japonaise-toulouse\/","title":{"rendered":"Click &amp; Collect"},"content":{"rendered":"\t\t<div data-elementor-type=\"wp-page\" data-elementor-id=\"863\" class=\"elementor elementor-863\">\n\t\t\t\t<div class=\"elementor-element elementor-element-e465e3b e-flex e-con-boxed e-con e-parent\" data-id=\"e465e3b\" data-element_type=\"container\" data-e-type=\"container\">\n\t\t\t\t\t<div class=\"e-con-inner\">\n\t\t\t\t<div class=\"elementor-element elementor-element-f513fde elementor-widget elementor-widget-heading\" data-id=\"f513fde\" data-element_type=\"widget\" data-e-type=\"widget\" data-widget_type=\"heading.default\">\n\t\t\t\t<div class=\"elementor-widget-container\">\n\t\t\t\t\t<h2 class=\"elementor-heading-title elementor-size-default\">Informations Click &amp; Collect<\/h2>\t\t\t\t<\/div>\n\t\t\t\t<\/div>\n\t\t\t\t\t<\/div>\n\t\t\t\t<\/div>\n\t\t<div class=\"elementor-element elementor-element-ff7e9e4 e-flex e-con-boxed e-con e-parent\" data-id=\"ff7e9e4\" data-element_type=\"container\" data-e-type=\"container\">\n\t\t\t\t\t<div class=\"e-con-inner\">\n\t\t\t\t<div class=\"elementor-element elementor-element-5a7f6be elementor-widget elementor-widget-text-editor\" data-id=\"5a7f6be\" data-element_type=\"widget\" data-e-type=\"widget\" data-widget_type=\"text-editor.default\">\n\t\t\t\t<div class=\"elementor-widget-container\">\n\t\t\t\t\t\t\t\t\t<section class=\"elementor-section elementor-top-section elementor-element elementor-element-0b5f1db elementor-section-boxed elementor-section-height-default elementor-section-height-default\" data-id=\"0b5f1db\" data-element_type=\"section\">\n<div class=\"elementor-container elementor-column-gap-default\">\n<div class=\"elementor-column elementor-col-100 elementor-top-column elementor-element elementor-element-60b3949\" data-id=\"60b3949\" data-element_type=\"column\">\n<div class=\"elementor-widget-wrap elementor-element-populated\">\n<div class=\"elementor-element elementor-element-effe1b2 elementor-widget elementor-widget-text-editor\" data-id=\"effe1b2\" data-element_type=\"widget\" data-widget_type=\"text-editor.default\">\n<div class=\"elementor-widget-container\">\n<p><span style=\"color: #000000;\">Un produit vous pla\u00eet ? Vous voulez l&rsquo;acheter ? Mais vous ne savez pas comment faire ? Alors vous \u00eates au bon endroit ! Votre magasin vous propose le click &amp; collect via ce site pour vous faciliter vos achats.&nbsp;<\/span><\/p>\n<p><span style=\"color: #000000;\"><b>Qu\u00e9sako le click &amp; collect ?&nbsp;<\/b><\/span><\/p>\n<p><span style=\"color: #000000;\">Le click &amp; collect est le fait de commander un produit sur internet et d\u2019aller le chercher dans son point de vente dans la journ\u00e9e. Cela vous permet de faciliter vos achats.<\/span><\/p>\n<p><span style=\"color: #000000;\"><b>Comment commander un produit ?<\/b><\/span><\/p>\n<p><span style=\"color: #000000;\">C\u2019est tout simple ! Il vous suffit de trouver le ou les produits qui vous plaisent sur notre site internet puis de cliquer sur le bouton \u201cAjouter au panier\u201d avec la quantit\u00e9 que vous souhaitez (dans la limite des stocks disponibles). Ensuite, cliquez sur le petit ic\u00f4ne en haut \u00e0 droite pour vous rendre sur votre panier. Et pour finir, passez commande puis aller chercher vos produits dans la journ\u00e9e dans votre magasin \u00e0 cette adresse : 9 bis Rue de la Colombette, 31000 Toulouse.<\/span><\/p>\n<p><span style=\"color: #000000;\"><b>Comment payer ?<\/b><\/span><\/p>\n<p><span style=\"color: #000000;\">Cela aussi est tout simple ! Il vous suffit de prendre votre moyen de paiement lorsque vous allez chercher votre ou vos produits dans votre institut et de payer directement l\u00e0-bas ! Vous avez le choix entre deux moyens de paiement : esp\u00e8ces ou carte bancaire.<\/span><\/p>\n<\/div>\n<\/div>\n<\/div>\n<\/div>\n<\/div>\n<\/section>\n<section class=\"elementor-section elementor-top-section elementor-element elementor-element-0e26fb4 elementor-section-boxed elementor-section-height-default elementor-section-height-default\" data-id=\"0e26fb4\" data-element_type=\"section\">\n<div class=\"elementor-container elementor-column-gap-default\">\n<div class=\"elementor-column elementor-col-100 elementor-top-column elementor-element elementor-element-8f04a48\" data-id=\"8f04a48\" data-element_type=\"column\">\n<div class=\"elementor-widget-wrap elementor-element-populated\">\n<div class=\"elementor-element elementor-element-6eba8c3 elementor-widget elementor-widget-text-editor\" data-id=\"6eba8c3\" data-element_type=\"widget\" data-widget_type=\"text-editor.default\">\n<div class=\"elementor-widget-container\">\n<p><span style=\"color: #000000;\">Convaincu(e) ? Alors rendez-vous directement sur notre boutique en ligne !<\/span><\/p>\n<\/div>\n<\/div>\n<\/div>\n<\/div>\n<\/div>\n<\/section>\t\t\t\t\t\t\t\t<\/div>\n\t\t\t\t<\/div>\n\t\t\t\t\t<\/div>\n\t\t\t\t<\/div>\n\t\t<div class=\"elementor-element elementor-element-896a3aa e-flex e-con-boxed e-con e-parent\" data-id=\"896a3aa\" data-element_type=\"container\" data-e-type=\"container\">\n\t\t\t\t\t<div class=\"e-con-inner\">\n\t\t\t\t<div class=\"elementor-element elementor-element-89dcc2d elementor-align-center elementor-widget elementor-widget-button\" data-id=\"89dcc2d\" data-element_type=\"widget\" data-e-type=\"widget\" data-widget_type=\"button.default\">\n\t\t\t\t<div class=\"elementor-widget-container\">\n\t\t\t\t\t\t\t\t\t<div class=\"elementor-button-wrapper\">\n\t\t\t\t\t<a class=\"elementor-button elementor-button-link elementor-size-sm elementor-animation-grow\" href=\"https:\/\/mde.techdeco.fr\/2024groupe222\/boutique\/\">\n\t\t\t\t\t\t<span class=\"elementor-button-content-wrapper\">\n\t\t\t\t\t\t<span class=\"elementor-button-icon\">\n\t\t\t\t<svg aria-hidden=\"true\" class=\"e-font-icon-svg e-far-arrow-alt-circle-right\" viewBox=\"0 0 512 512\" xmlns=\"http:\/\/www.w3.org\/2000\/svg\"><path d=\"M504 256C504 119 393 8 256 8S8 119 8 256s111 248 248 248 248-111 248-248zm-448 0c0-110.5 89.5-200 200-200s200 89.5 200 200-89.5 200-200 200S56 366.5 56 256zm72 20v-40c0-6.6 5.4-12 12-12h116v-67c0-10.7 12.9-16 20.5-8.5l99 99c4.7 4.7 4.7 12.3 0 17l-99 99c-7.6 7.6-20.5 2.2-20.5-8.5v-67H140c-6.6 0-12-5.4-12-12z\"><\/path><\/svg>\t\t\t<\/span>\n\t\t\t\t\t\t\t\t\t<span class=\"elementor-button-text\">Boutique en ligne<\/span>\n\t\t\t\t\t<\/span>\n\t\t\t\t\t<\/a>\n\t\t\t\t<\/div>\n\t\t\t\t\t\t\t\t<\/div>\n\t\t\t\t<\/div>\n\t\t\t\t\t<\/div>\n\t\t\t\t<\/div>\n\t\t\t\t<\/div>\n\t\t","protected":false},"excerpt":{"rendered":"<p>Informations Click &amp; Collect Un produit vous pla\u00eet ? Vous voulez l&rsquo;acheter ? Mais vous ne savez pas comment faire ? Alors vous \u00eates au bon endroit ! Votre magasin vous propose le click &amp; collect via ce site pour vous faciliter vos achats.&nbsp; Qu\u00e9sako le click &amp; collect ?&nbsp; Le click &amp; collect est [&hellip;]<\/p>\n","protected":false},"author":6,"featured_media":0,"parent":0,"menu_order":0,"comment_status":"closed","ping_status":"closed","template":"","meta":{"footnotes":""},"class_list":["post-863","page","type-page","status-publish","hentry","entry","owp-thumbs-layout-horizontal","owp-btn-normal","owp-tabs-layout-horizontal","has-no-thumbnails","has-product-nav"],"yoast_head":"<!-- This site is optimized with the Yoast SEO plugin v27.3 - https:\/\/yoast.com\/product\/yoast-seo-wordpress\/ -->\n<title>Click and collect | Boutique de vaisselles japonaises \u00e0 Toulouse<\/title>\n<meta name=\"description\" content=\"Besoin de vaisselle japonaise rapidement ? Gr\u00e2ce \u00e0 l&#039;option click &amp; collect, r\u00e9servez vos produits en ligne et retirez les en magasin !\" \/>\n<meta name=\"robots\" content=\"index, follow, max-snippet:-1, max-image-preview:large, max-video-preview:-1\" \/>\n<link rel=\"canonical\" href=\"https:\/\/mde.techdeco.fr\/2024groupe222\/click-and-collect-vaisselle-japonaise-toulouse\/\" \/>\n<meta property=\"og:locale\" content=\"fr_FR\" \/>\n<meta property=\"og:type\" content=\"article\" \/>\n<meta property=\"og:title\" content=\"Click and collect | Boutique de vaisselles japonaises \u00e0 Toulouse\" \/>\n<meta property=\"og:description\" content=\"Besoin de vaisselle japonaise rapidement ? Gr\u00e2ce \u00e0 l&#039;option click &amp; collect, r\u00e9servez vos produits en ligne et retirez les en magasin !\" \/>\n<meta property=\"og:url\" content=\"https:\/\/mde.techdeco.fr\/2024groupe222\/click-and-collect-vaisselle-japonaise-toulouse\/\" \/>\n<meta property=\"og:site_name\" content=\"Boutique Tokyo Vaisselle Toulouse\" \/>\n<meta property=\"article:modified_time\" content=\"2025-01-14T15:33:29+00:00\" \/>\n<meta property=\"og:image\" content=\"https:\/\/mde.techdeco.fr\/2024groupe222\/wp-content\/uploads\/2024\/10\/Tokyo-vaisselle.png\" \/>\n\t<meta property=\"og:image:width\" content=\"1200\" \/>\n\t<meta property=\"og:image:height\" content=\"675\" \/>\n\t<meta property=\"og:image:type\" content=\"image\/png\" \/>\n<meta name=\"twitter:card\" content=\"summary_large_image\" \/>\n<meta name=\"twitter:label1\" content=\"Dur\u00e9e de lecture estim\u00e9e\" \/>\n\t<meta name=\"twitter:data1\" content=\"2 minutes\" \/>\n<script type=\"application\/ld+json\" class=\"yoast-schema-graph\">{\"@context\":\"https:\\\/\\\/schema.org\",\"@graph\":[{\"@type\":\"WebPage\",\"@id\":\"https:\\\/\\\/mde.techdeco.fr\\\/2024groupe222\\\/click-and-collect-vaisselle-japonaise-toulouse\\\/\",\"url\":\"https:\\\/\\\/mde.techdeco.fr\\\/2024groupe222\\\/click-and-collect-vaisselle-japonaise-toulouse\\\/\",\"name\":\"Click and collect | Boutique de vaisselles japonaises \u00e0 Toulouse\",\"isPartOf\":{\"@id\":\"https:\\\/\\\/mde.techdeco.fr\\\/2024groupe222\\\/#website\"},\"datePublished\":\"2024-10-23T09:40:19+00:00\",\"dateModified\":\"2025-01-14T15:33:29+00:00\",\"description\":\"Besoin de vaisselle japonaise rapidement ? Gr\u00e2ce \u00e0 l'option click & collect, r\u00e9servez vos produits en ligne et retirez les en magasin !\",\"breadcrumb\":{\"@id\":\"https:\\\/\\\/mde.techdeco.fr\\\/2024groupe222\\\/click-and-collect-vaisselle-japonaise-toulouse\\\/#breadcrumb\"},\"inLanguage\":\"fr-FR\",\"potentialAction\":[{\"@type\":\"ReadAction\",\"target\":[\"https:\\\/\\\/mde.techdeco.fr\\\/2024groupe222\\\/click-and-collect-vaisselle-japonaise-toulouse\\\/\"]}]},{\"@type\":\"BreadcrumbList\",\"@id\":\"https:\\\/\\\/mde.techdeco.fr\\\/2024groupe222\\\/click-and-collect-vaisselle-japonaise-toulouse\\\/#breadcrumb\",\"itemListElement\":[{\"@type\":\"ListItem\",\"position\":1,\"name\":\"Accueil\",\"item\":\"https:\\\/\\\/mde.techdeco.fr\\\/2024groupe222\\\/\"},{\"@type\":\"ListItem\",\"position\":2,\"name\":\"Click &amp; Collect\"}]},{\"@type\":\"WebSite\",\"@id\":\"https:\\\/\\\/mde.techdeco.fr\\\/2024groupe222\\\/#website\",\"url\":\"https:\\\/\\\/mde.techdeco.fr\\\/2024groupe222\\\/\",\"name\":\"Tokyo Vaisselle : vaisselle japonaise toulouse\",\"description\":\"\",\"alternateName\":\"Tokyo Vaisselle\",\"potentialAction\":[{\"@type\":\"SearchAction\",\"target\":{\"@type\":\"EntryPoint\",\"urlTemplate\":\"https:\\\/\\\/mde.techdeco.fr\\\/2024groupe222\\\/?s={search_term_string}\"},\"query-input\":{\"@type\":\"PropertyValueSpecification\",\"valueRequired\":true,\"valueName\":\"search_term_string\"}}],\"inLanguage\":\"fr-FR\"}]}<\/script>\n<!-- \/ Yoast SEO plugin. -->","yoast_head_json":{"title":"Click and collect | Boutique de vaisselles japonaises \u00e0 Toulouse","description":"Besoin de vaisselle japonaise rapidement ? Gr\u00e2ce \u00e0 l'option click & collect, r\u00e9servez vos produits en ligne et retirez les en magasin !","robots":{"index":"index","follow":"follow","max-snippet":"max-snippet:-1","max-image-preview":"max-image-preview:large","max-video-preview":"max-video-preview:-1"},"canonical":"https:\/\/mde.techdeco.fr\/2024groupe222\/click-and-collect-vaisselle-japonaise-toulouse\/","og_locale":"fr_FR","og_type":"article","og_title":"Click and collect | Boutique de vaisselles japonaises \u00e0 Toulouse","og_description":"Besoin de vaisselle japonaise rapidement ? Gr\u00e2ce \u00e0 l'option click & collect, r\u00e9servez vos produits en ligne et retirez les en magasin !","og_url":"https:\/\/mde.techdeco.fr\/2024groupe222\/click-and-collect-vaisselle-japonaise-toulouse\/","og_site_name":"Boutique Tokyo Vaisselle Toulouse","article_modified_time":"2025-01-14T15:33:29+00:00","og_image":[{"width":1200,"height":675,"url":"https:\/\/mde.techdeco.fr\/2024groupe222\/wp-content\/uploads\/2024\/10\/Tokyo-vaisselle.png","type":"image\/png"}],"twitter_card":"summary_large_image","twitter_misc":{"Dur\u00e9e de lecture estim\u00e9e":"2 minutes"},"schema":{"@context":"https:\/\/schema.org","@graph":[{"@type":"WebPage","@id":"https:\/\/mde.techdeco.fr\/2024groupe222\/click-and-collect-vaisselle-japonaise-toulouse\/","url":"https:\/\/mde.techdeco.fr\/2024groupe222\/click-and-collect-vaisselle-japonaise-toulouse\/","name":"Click and collect | Boutique de vaisselles japonaises \u00e0 Toulouse","isPartOf":{"@id":"https:\/\/mde.techdeco.fr\/2024groupe222\/#website"},"datePublished":"2024-10-23T09:40:19+00:00","dateModified":"2025-01-14T15:33:29+00:00","description":"Besoin de vaisselle japonaise rapidement ? Gr\u00e2ce \u00e0 l'option click & collect, r\u00e9servez vos produits en ligne et retirez les en magasin !","breadcrumb":{"@id":"https:\/\/mde.techdeco.fr\/2024groupe222\/click-and-collect-vaisselle-japonaise-toulouse\/#breadcrumb"},"inLanguage":"fr-FR","potentialAction":[{"@type":"ReadAction","target":["https:\/\/mde.techdeco.fr\/2024groupe222\/click-and-collect-vaisselle-japonaise-toulouse\/"]}]},{"@type":"BreadcrumbList","@id":"https:\/\/mde.techdeco.fr\/2024groupe222\/click-and-collect-vaisselle-japonaise-toulouse\/#breadcrumb","itemListElement":[{"@type":"ListItem","position":1,"name":"Accueil","item":"https:\/\/mde.techdeco.fr\/2024groupe222\/"},{"@type":"ListItem","position":2,"name":"Click &amp; Collect"}]},{"@type":"WebSite","@id":"https:\/\/mde.techdeco.fr\/2024groupe222\/#website","url":"https:\/\/mde.techdeco.fr\/2024groupe222\/","name":"Tokyo Vaisselle : vaisselle japonaise toulouse","description":"","alternateName":"Tokyo Vaisselle","potentialAction":[{"@type":"SearchAction","target":{"@type":"EntryPoint","urlTemplate":"https:\/\/mde.techdeco.fr\/2024groupe222\/?s={search_term_string}"},"query-input":{"@type":"PropertyValueSpecification","valueRequired":true,"valueName":"search_term_string"}}],"inLanguage":"fr-FR"}]}},"_links":{"self":[{"href":"https:\/\/mde.techdeco.fr\/2024groupe222\/wp-json\/wp\/v2\/pages\/863","targetHints":{"allow":["GET"]}}],"collection":[{"href":"https:\/\/mde.techdeco.fr\/2024groupe222\/wp-json\/wp\/v2\/pages"}],"about":[{"href":"https:\/\/mde.techdeco.fr\/2024groupe222\/wp-json\/wp\/v2\/types\/page"}],"author":[{"embeddable":true,"href":"https:\/\/mde.techdeco.fr\/2024groupe222\/wp-json\/wp\/v2\/users\/6"}],"replies":[{"embeddable":true,"href":"https:\/\/mde.techdeco.fr\/2024groupe222\/wp-json\/wp\/v2\/comments?post=863"}],"version-history":[{"count":35,"href":"https:\/\/mde.techdeco.fr\/2024groupe222\/wp-json\/wp\/v2\/pages\/863\/revisions"}],"predecessor-version":[{"id":1354,"href":"https:\/\/mde.techdeco.fr\/2024groupe222\/wp-json\/wp\/v2\/pages\/863\/revisions\/1354"}],"wp:attachment":[{"href":"https:\/\/mde.techdeco.fr\/2024groupe222\/wp-json\/wp\/v2\/media?parent=863"}],"curies":[{"name":"wp","href":"https:\/\/api.w.org\/{rel}","templated":true}]}}