{"id":390,"date":"2024-04-02T13:09:04","date_gmt":"2024-04-02T11:09:04","guid":{"rendered":"https:\/\/mde.techdeco.fr\/2024groupe222\/mon-compte-2\/"},"modified":"2024-11-25T11:32:07","modified_gmt":"2024-11-25T10:32:07","slug":"mon-compte-2","status":"publish","type":"page","link":"https:\/\/mde.techdeco.fr\/2024groupe222\/mon-compte-2\/","title":{"rendered":"Mon compte"},"content":{"rendered":"<div class=\"woocommerce\"><\/div>\n","protected":false},"excerpt":{"rendered":"","protected":false},"author":1,"featured_media":0,"parent":0,"menu_order":0,"comment_status":"closed","ping_status":"closed","template":"","meta":{"footnotes":""},"class_list":["post-390","page","type-page","status-publish","hentry","entry","owp-thumbs-layout-horizontal","owp-btn-normal","owp-tabs-layout-horizontal","has-no-thumbnails","has-product-nav"],"yoast_head":"<!-- This site is optimized with the Yoast SEO plugin v27.3 - https:\/\/yoast.com\/product\/yoast-seo-wordpress\/ -->\n<title>Mon compte | Boutique Tokyo Vaisselle Toulouse<\/title>\n<meta name=\"description\" content=\"Acc\u00e9dez \u00e0 votre espace personnel pour g\u00e9rer vos informations, suivre vos commandes et profiter pleinement de votre exp\u00e9rience Tokyo Vaisselle.\" \/>\n<meta name=\"robots\" content=\"index, follow, max-snippet:-1, max-image-preview:large, max-video-preview:-1\" \/>\n<link rel=\"canonical\" href=\"https:\/\/mde.techdeco.fr\/2024groupe222\/mon-compte-2\/\" \/>\n<meta property=\"og:locale\" content=\"fr_FR\" \/>\n<meta property=\"og:type\" content=\"article\" \/>\n<meta property=\"og:title\" content=\"Mon compte | Boutique Tokyo Vaisselle Toulouse\" \/>\n<meta property=\"og:description\" content=\"Acc\u00e9dez \u00e0 votre espace personnel pour g\u00e9rer vos informations, suivre vos commandes et profiter pleinement de votre exp\u00e9rience Tokyo Vaisselle.\" \/>\n<meta property=\"og:url\" content=\"https:\/\/mde.techdeco.fr\/2024groupe222\/mon-compte-2\/\" \/>\n<meta property=\"og:site_name\" content=\"Boutique Tokyo Vaisselle Toulouse\" \/>\n<meta property=\"article:modified_time\" content=\"2024-11-25T10:32:07+00:00\" \/>\n<meta property=\"og:image\" content=\"https:\/\/mde.techdeco.fr\/2024groupe222\/wp-content\/uploads\/2024\/10\/Tokyo-vaisselle.png\" \/>\n\t<meta property=\"og:image:width\" content=\"1200\" \/>\n\t<meta property=\"og:image:height\" content=\"675\" \/>\n\t<meta property=\"og:image:type\" content=\"image\/png\" \/>\n<meta name=\"twitter:card\" content=\"summary_large_image\" \/>\n<meta name=\"twitter:label1\" content=\"Dur\u00e9e de lecture estim\u00e9e\" \/>\n\t<meta name=\"twitter:data1\" content=\"1 minute\" \/>\n<script type=\"application\/ld+json\" class=\"yoast-schema-graph\">{\"@context\":\"https:\\\/\\\/schema.org\",\"@graph\":[{\"@type\":\"WebPage\",\"@id\":\"https:\\\/\\\/mde.techdeco.fr\\\/2024groupe222\\\/mon-compte-2\\\/\",\"url\":\"https:\\\/\\\/mde.techdeco.fr\\\/2024groupe222\\\/mon-compte-2\\\/\",\"name\":\"Mon compte | Boutique Tokyo Vaisselle Toulouse\",\"isPartOf\":{\"@id\":\"https:\\\/\\\/mde.techdeco.fr\\\/2024groupe222\\\/#website\"},\"datePublished\":\"2024-04-02T11:09:04+00:00\",\"dateModified\":\"2024-11-25T10:32:07+00:00\",\"description\":\"Acc\u00e9dez \u00e0 votre espace personnel pour g\u00e9rer vos informations, suivre vos commandes et profiter pleinement de votre exp\u00e9rience Tokyo Vaisselle.\",\"breadcrumb\":{\"@id\":\"https:\\\/\\\/mde.techdeco.fr\\\/2024groupe222\\\/mon-compte-2\\\/#breadcrumb\"},\"inLanguage\":\"fr-FR\",\"potentialAction\":[{\"@type\":\"ReadAction\",\"target\":[\"https:\\\/\\\/mde.techdeco.fr\\\/2024groupe222\\\/mon-compte-2\\\/\"]}]},{\"@type\":\"BreadcrumbList\",\"@id\":\"https:\\\/\\\/mde.techdeco.fr\\\/2024groupe222\\\/mon-compte-2\\\/#breadcrumb\",\"itemListElement\":[{\"@type\":\"ListItem\",\"position\":1,\"name\":\"Accueil\",\"item\":\"https:\\\/\\\/mde.techdeco.fr\\\/2024groupe222\\\/\"},{\"@type\":\"ListItem\",\"position\":2,\"name\":\"Mon compte\"}]},{\"@type\":\"WebSite\",\"@id\":\"https:\\\/\\\/mde.techdeco.fr\\\/2024groupe222\\\/#website\",\"url\":\"https:\\\/\\\/mde.techdeco.fr\\\/2024groupe222\\\/\",\"name\":\"Tokyo Vaisselle : vaisselle japonaise toulouse\",\"description\":\"\",\"alternateName\":\"Tokyo Vaisselle\",\"potentialAction\":[{\"@type\":\"SearchAction\",\"target\":{\"@type\":\"EntryPoint\",\"urlTemplate\":\"https:\\\/\\\/mde.techdeco.fr\\\/2024groupe222\\\/?s={search_term_string}\"},\"query-input\":{\"@type\":\"PropertyValueSpecification\",\"valueRequired\":true,\"valueName\":\"search_term_string\"}}],\"inLanguage\":\"fr-FR\"}]}<\/script>\n<!-- \/ Yoast SEO plugin. -->","yoast_head_json":{"title":"Mon compte | Boutique Tokyo Vaisselle Toulouse","description":"Acc\u00e9dez \u00e0 votre espace personnel pour g\u00e9rer vos informations, suivre vos commandes et profiter pleinement de votre exp\u00e9rience Tokyo Vaisselle.","robots":{"index":"index","follow":"follow","max-snippet":"max-snippet:-1","max-image-preview":"max-image-preview:large","max-video-preview":"max-video-preview:-1"},"canonical":"https:\/\/mde.techdeco.fr\/2024groupe222\/mon-compte-2\/","og_locale":"fr_FR","og_type":"article","og_title":"Mon compte | Boutique Tokyo Vaisselle Toulouse","og_description":"Acc\u00e9dez \u00e0 votre espace personnel pour g\u00e9rer vos informations, suivre vos commandes et profiter pleinement de votre exp\u00e9rience Tokyo Vaisselle.","og_url":"https:\/\/mde.techdeco.fr\/2024groupe222\/mon-compte-2\/","og_site_name":"Boutique Tokyo Vaisselle Toulouse","article_modified_time":"2024-11-25T10:32:07+00:00","og_image":[{"width":1200,"height":675,"url":"https:\/\/mde.techdeco.fr\/2024groupe222\/wp-content\/uploads\/2024\/10\/Tokyo-vaisselle.png","type":"image\/png"}],"twitter_card":"summary_large_image","twitter_misc":{"Dur\u00e9e de lecture estim\u00e9e":"1 minute"},"schema":{"@context":"https:\/\/schema.org","@graph":[{"@type":"WebPage","@id":"https:\/\/mde.techdeco.fr\/2024groupe222\/mon-compte-2\/","url":"https:\/\/mde.techdeco.fr\/2024groupe222\/mon-compte-2\/","name":"Mon compte | Boutique Tokyo Vaisselle Toulouse","isPartOf":{"@id":"https:\/\/mde.techdeco.fr\/2024groupe222\/#website"},"datePublished":"2024-04-02T11:09:04+00:00","dateModified":"2024-11-25T10:32:07+00:00","description":"Acc\u00e9dez \u00e0 votre espace personnel pour g\u00e9rer vos informations, suivre vos commandes et profiter pleinement de votre exp\u00e9rience Tokyo Vaisselle.","breadcrumb":{"@id":"https:\/\/mde.techdeco.fr\/2024groupe222\/mon-compte-2\/#breadcrumb"},"inLanguage":"fr-FR","potentialAction":[{"@type":"ReadAction","target":["https:\/\/mde.techdeco.fr\/2024groupe222\/mon-compte-2\/"]}]},{"@type":"BreadcrumbList","@id":"https:\/\/mde.techdeco.fr\/2024groupe222\/mon-compte-2\/#breadcrumb","itemListElement":[{"@type":"ListItem","position":1,"name":"Accueil","item":"https:\/\/mde.techdeco.fr\/2024groupe222\/"},{"@type":"ListItem","position":2,"name":"Mon compte"}]},{"@type":"WebSite","@id":"https:\/\/mde.techdeco.fr\/2024groupe222\/#website","url":"https:\/\/mde.techdeco.fr\/2024groupe222\/","name":"Tokyo Vaisselle : vaisselle japonaise toulouse","description":"","alternateName":"Tokyo Vaisselle","potentialAction":[{"@type":"SearchAction","target":{"@type":"EntryPoint","urlTemplate":"https:\/\/mde.techdeco.fr\/2024groupe222\/?s={search_term_string}"},"query-input":{"@type":"PropertyValueSpecification","valueRequired":true,"valueName":"search_term_string"}}],"inLanguage":"fr-FR"}]}},"_links":{"self":[{"href":"https:\/\/mde.techdeco.fr\/2024groupe222\/wp-json\/wp\/v2\/pages\/390","targetHints":{"allow":["GET"]}}],"collection":[{"href":"https:\/\/mde.techdeco.fr\/2024groupe222\/wp-json\/wp\/v2\/pages"}],"about":[{"href":"https:\/\/mde.techdeco.fr\/2024groupe222\/wp-json\/wp\/v2\/types\/page"}],"author":[{"embeddable":true,"href":"https:\/\/mde.techdeco.fr\/2024groupe222\/wp-json\/wp\/v2\/users\/1"}],"replies":[{"embeddable":true,"href":"https:\/\/mde.techdeco.fr\/2024groupe222\/wp-json\/wp\/v2\/comments?post=390"}],"version-history":[{"count":1,"href":"https:\/\/mde.techdeco.fr\/2024groupe222\/wp-json\/wp\/v2\/pages\/390\/revisions"}],"predecessor-version":[{"id":851,"href":"https:\/\/mde.techdeco.fr\/2024groupe222\/wp-json\/wp\/v2\/pages\/390\/revisions\/851"}],"wp:attachment":[{"href":"https:\/\/mde.techdeco.fr\/2024groupe222\/wp-json\/wp\/v2\/media?parent=390"}],"curies":[{"name":"wp","href":"https:\/\/api.w.org\/{rel}","templated":true}]}}