{"id":386,"date":"2024-04-02T13:09:04","date_gmt":"2024-04-02T11:09:04","guid":{"rendered":"https:\/\/mde.techdeco.fr\/2024groupe222\/panier\/"},"modified":"2024-11-25T11:35:25","modified_gmt":"2024-11-25T10:35:25","slug":"panier","status":"publish","type":"page","link":"https:\/\/mde.techdeco.fr\/2024groupe222\/panier\/","title":{"rendered":"Panier"},"content":{"rendered":"\n<div data-block-name=\"woocommerce\/cart\" class=\"wp-block-woocommerce-cart alignwide is-loading\">\n<div data-block-name=\"woocommerce\/filled-cart-block\" class=\"wp-block-woocommerce-filled-cart-block\">\n<div data-block-name=\"woocommerce\/cart-items-block\" class=\"wp-block-woocommerce-cart-items-block\">\n<div data-block-name=\"woocommerce\/cart-line-items-block\" class=\"wp-block-woocommerce-cart-line-items-block\"><\/div>\n\n\n\n<div data-block-name=\"woocommerce\/cart-cross-sells-block\" class=\"wp-block-woocommerce-cart-cross-sells-block\">\n<h2 class=\"wp-block-heading has-large-font-size\">\u00c7a peut vous int\u00e9resser&#8230;<\/h2>\n\n\n\n<div data-block-name=\"woocommerce\/cart-cross-sells-products-block\" class=\"wp-block-woocommerce-cart-cross-sells-products-block\"><\/div>\n<\/div>\n<\/div>\n\n\n\n<div data-block-name=\"woocommerce\/cart-totals-block\" class=\"wp-block-woocommerce-cart-totals-block\">\n<div data-block-name=\"woocommerce\/cart-order-summary-block\" class=\"wp-block-woocommerce-cart-order-summary-block\">\n<div data-block-name=\"woocommerce\/cart-order-summary-heading-block\" class=\"wp-block-woocommerce-cart-order-summary-heading-block\"><\/div><div data-block-name=\"woocommerce\/cart-order-summary-coupon-form-block\" class=\"wp-block-woocommerce-cart-order-summary-coupon-form-block\"><\/div><div data-block-name=\"woocommerce\/cart-order-summary-totals-block\" class=\"wp-block-woocommerce-cart-order-summary-totals-block\">\n<div data-block-name=\"woocommerce\/cart-order-summary-subtotal-block\" class=\"wp-block-woocommerce-cart-order-summary-subtotal-block\"><\/div>\n<div data-block-name=\"woocommerce\/cart-order-summary-discount-block\" class=\"wp-block-woocommerce-cart-order-summary-discount-block\"><\/div>\n<div data-block-name=\"woocommerce\/cart-order-summary-fee-block\" class=\"wp-block-woocommerce-cart-order-summary-fee-block\"><\/div>\n<div data-block-name=\"woocommerce\/cart-order-summary-shipping-block\" class=\"wp-block-woocommerce-cart-order-summary-shipping-block\"><\/div>\n<div data-block-name=\"woocommerce\/cart-order-summary-taxes-block\" class=\"wp-block-woocommerce-cart-order-summary-taxes-block\"><\/div><\/div>\n<\/div>\n\n\n\n<div data-block-name=\"woocommerce\/cart-express-payment-block\" class=\"wp-block-woocommerce-cart-express-payment-block\"><\/div>\n\n\n\n<div data-block-name=\"woocommerce\/proceed-to-checkout-block\" class=\"wp-block-woocommerce-proceed-to-checkout-block\"><\/div>\n\n\n\n<div data-block-name=\"woocommerce\/cart-accepted-payment-methods-block\" class=\"wp-block-woocommerce-cart-accepted-payment-methods-block\"><\/div>\n<\/div>\n<\/div>\n\n\n\n<div data-block-name=\"woocommerce\/empty-cart-block\" class=\"wp-block-woocommerce-empty-cart-block\">\n<h2 class=\"wp-block-heading has-text-align-center with-empty-cart-icon wc-block-cart__empty-cart__title\">Votre panier est actuellement vide\u00a0!<\/h2>\n\n\n\n<hr class=\"wp-block-separator has-alpha-channel-opacity is-style-dots\"\/>\n\n\n\n<h2 class=\"wp-block-heading has-text-align-center\">Nouveau dans la boutique<\/h2>\n\n\n<div data-block-name=\"woocommerce\/product-new\" data-columns=\"4\" data-rows=\"1\" class=\"wc-block-grid wp-block-product-new wp-block-woocommerce-product-new wc-block-product-new has-4-columns\"><ul class=\"wc-block-grid__products\"><li class=\"wc-block-grid__product\">\n\t\t\t\t<a href=\"https:\/\/mde.techdeco.fr\/2024groupe222\/produit\/decoration-chat-porte-bonheur-avec-une-tete-mobile-yeux-ouverts\/\" class=\"wc-block-grid__product-link\">\n\t\t\t\t\t\n\t\t\t\t\t<div class=\"wc-block-grid__product-image\"><img decoding=\"async\" width=\"208\" height=\"220\" src=\"https:\/\/mde.techdeco.fr\/2024groupe222\/wp-content\/uploads\/2024\/04\/IMG_0927.png\" class=\"attachment-woocommerce_thumbnail size-woocommerce_thumbnail\" alt=\"D\u00e9coration chat porte-bonheur avec une t\u00eate mobile - yeux ouverts\" \/><\/div>\n\t\t\t\t\t<div class=\"wc-block-grid__product-title\">D\u00e9coration chat porte-bonheur avec une t\u00eate mobile &#8211; yeux ouverts<\/div>\n\t\t\t\t<\/a>\n\t\t\t\t<div class=\"wc-block-grid__product-price price\"><span class=\"woocommerce-Price-amount amount\">12,00&nbsp;<span class=\"woocommerce-Price-currencySymbol\">&euro;<\/span><\/span><\/div>\n\t\t\t\t\n\t\t\t\t<div class=\"wp-block-button wc-block-grid__product-add-to-cart\"><a href=\"\/2024groupe222\/wp-json\/wp\/v2\/pages\/386?add-to-cart=1132\" aria-label=\"Ajouter au panier\u00a0: &ldquo;D\u00e9coration chat porte-bonheur avec une t\u00eate mobile - yeux ouverts&rdquo;\" data-quantity=\"1\" data-product_id=\"1132\" data-product_sku=\"\" data-price=\"12\" rel=\"nofollow\" class=\"wp-block-button__link  add_to_cart_button ajax_add_to_cart\">Ajouter au panier<\/a><\/div>\n\t\t\t<\/li><li class=\"wc-block-grid__product\">\n\t\t\t\t<a href=\"https:\/\/mde.techdeco.fr\/2024groupe222\/produit\/bol-a-riz-ou-a-the-vert-clair\/\" class=\"wc-block-grid__product-link\">\n\t\t\t\t\t\n\t\t\t\t\t<div class=\"wc-block-grid__product-image\"><img decoding=\"async\" width=\"220\" height=\"172\" src=\"https:\/\/mde.techdeco.fr\/2024groupe222\/wp-content\/uploads\/2024\/12\/IMG_0905.png\" class=\"attachment-woocommerce_thumbnail size-woocommerce_thumbnail\" alt=\"Bol \u00e0 riz ou \u00e0 th\u00e9 - vert clair\" \/><\/div>\n\t\t\t\t\t<div class=\"wc-block-grid__product-title\">Bol \u00e0 riz ou \u00e0 th\u00e9 &#8211; vert clair<\/div>\n\t\t\t\t<\/a>\n\t\t\t\t<div class=\"wc-block-grid__product-price price\"><\/div>\n\t\t\t\t\n\t\t\t\t<div class=\"wp-block-button wc-block-grid__product-add-to-cart\"><a href=\"https:\/\/mde.techdeco.fr\/2024groupe222\/produit\/bol-a-riz-ou-a-the-vert-clair\/\" aria-label=\"En savoir plus sur &ldquo;Bol \u00e0 riz ou \u00e0 th\u00e9 - vert clair&rdquo;\" data-quantity=\"1\" data-product_id=\"1105\" data-product_sku=\"\" data-price=\"0\" rel=\"nofollow\" class=\"wp-block-button__link  add_to_cart_button\">Lire la suite<\/a><\/div>\n\t\t\t<\/li><li class=\"wc-block-grid__product\">\n\t\t\t\t<a href=\"https:\/\/mde.techdeco.fr\/2024groupe222\/produit\/bol-a-riz-ou-a-the-fleurs-de-cerisier\/\" class=\"wc-block-grid__product-link\">\n\t\t\t\t\t\n\t\t\t\t\t<div class=\"wc-block-grid__product-image\"><img decoding=\"async\" width=\"220\" height=\"169\" src=\"https:\/\/mde.techdeco.fr\/2024groupe222\/wp-content\/uploads\/2024\/12\/IMG_0902.png\" class=\"attachment-woocommerce_thumbnail size-woocommerce_thumbnail\" alt=\"Bol \u00e0 riz ou \u00e0 th\u00e9 - fleurs de cerisier\" \/><\/div>\n\t\t\t\t\t<div class=\"wc-block-grid__product-title\">Bol \u00e0 riz ou \u00e0 th\u00e9 &#8211; fleurs de cerisier<\/div>\n\t\t\t\t<\/a>\n\t\t\t\t<div class=\"wc-block-grid__product-price price\"><\/div>\n\t\t\t\t\n\t\t\t\t<div class=\"wp-block-button wc-block-grid__product-add-to-cart\"><a href=\"https:\/\/mde.techdeco.fr\/2024groupe222\/produit\/bol-a-riz-ou-a-the-fleurs-de-cerisier\/\" aria-label=\"En savoir plus sur &ldquo;Bol \u00e0 riz ou \u00e0 th\u00e9 - fleurs de cerisier&rdquo;\" data-quantity=\"1\" data-product_id=\"1101\" data-product_sku=\"\" data-price=\"0\" rel=\"nofollow\" class=\"wp-block-button__link  add_to_cart_button\">Lire la suite<\/a><\/div>\n\t\t\t<\/li><li class=\"wc-block-grid__product\">\n\t\t\t\t<a href=\"https:\/\/mde.techdeco.fr\/2024groupe222\/produit\/bol-a-riz-ou-a-the-motif-gui\/\" class=\"wc-block-grid__product-link\">\n\t\t\t\t\t\n\t\t\t\t\t<div class=\"wc-block-grid__product-image\"><img loading=\"lazy\" decoding=\"async\" width=\"220\" height=\"185\" src=\"https:\/\/mde.techdeco.fr\/2024groupe222\/wp-content\/uploads\/2024\/12\/IMG_0900.png\" class=\"attachment-woocommerce_thumbnail size-woocommerce_thumbnail\" alt=\"Bol \u00e0 riz ou \u00e0 th\u00e9 - motif gui\" \/><\/div>\n\t\t\t\t\t<div class=\"wc-block-grid__product-title\">Bol \u00e0 riz ou \u00e0 th\u00e9 &#8211; motif gui<\/div>\n\t\t\t\t<\/a>\n\t\t\t\t<div class=\"wc-block-grid__product-price price\"><\/div>\n\t\t\t\t\n\t\t\t\t<div class=\"wp-block-button wc-block-grid__product-add-to-cart\"><a href=\"https:\/\/mde.techdeco.fr\/2024groupe222\/produit\/bol-a-riz-ou-a-the-motif-gui\/\" aria-label=\"En savoir plus sur &ldquo;Bol \u00e0 riz ou \u00e0 th\u00e9 - motif gui&rdquo;\" data-quantity=\"1\" data-product_id=\"1091\" data-product_sku=\"\" data-price=\"0\" rel=\"nofollow\" class=\"wp-block-button__link  add_to_cart_button\">Lire la suite<\/a><\/div>\n\t\t\t<\/li><\/ul><\/div><\/div>\n<\/div>\n","protected":false},"excerpt":{"rendered":"","protected":false},"author":1,"featured_media":0,"parent":0,"menu_order":0,"comment_status":"closed","ping_status":"closed","template":"","meta":{"footnotes":""},"class_list":["post-386","page","type-page","status-publish","hentry","entry","owp-thumbs-layout-horizontal","owp-btn-normal","owp-tabs-layout-horizontal","has-no-thumbnails","has-product-nav"],"yoast_head":"<!-- This site is optimized with the Yoast SEO plugin v27.3 - https:\/\/yoast.com\/product\/yoast-seo-wordpress\/ -->\n<title>Panier | Boutique Tokyo Vaisselle Toulouse<\/title>\n<meta name=\"description\" content=\"Consultez et modifiez le contenu de votre panier avant de finaliser votre commande. Ajoutez des pi\u00e8ces uniques d\u00e8s maintenant !\" \/>\n<meta name=\"robots\" content=\"index, follow, max-snippet:-1, max-image-preview:large, max-video-preview:-1\" \/>\n<link rel=\"canonical\" href=\"https:\/\/mde.techdeco.fr\/2024groupe222\/panier\/\" \/>\n<meta property=\"og:locale\" content=\"fr_FR\" \/>\n<meta property=\"og:type\" content=\"article\" \/>\n<meta property=\"og:title\" content=\"Panier | Boutique Tokyo Vaisselle Toulouse\" \/>\n<meta property=\"og:description\" content=\"Consultez et modifiez le contenu de votre panier avant de finaliser votre commande. Ajoutez des pi\u00e8ces uniques d\u00e8s maintenant !\" \/>\n<meta property=\"og:url\" content=\"https:\/\/mde.techdeco.fr\/2024groupe222\/panier\/\" \/>\n<meta property=\"og:site_name\" content=\"Boutique Tokyo Vaisselle Toulouse\" \/>\n<meta property=\"article:modified_time\" content=\"2024-11-25T10:35:25+00:00\" \/>\n<meta property=\"og:image\" content=\"https:\/\/mde.techdeco.fr\/2024groupe222\/wp-content\/uploads\/2024\/10\/Tokyo-vaisselle.png\" \/>\n\t<meta property=\"og:image:width\" content=\"1200\" \/>\n\t<meta property=\"og:image:height\" content=\"675\" \/>\n\t<meta property=\"og:image:type\" content=\"image\/png\" \/>\n<meta name=\"twitter:card\" content=\"summary_large_image\" \/>\n<meta name=\"twitter:label1\" content=\"Dur\u00e9e de lecture estim\u00e9e\" \/>\n\t<meta name=\"twitter:data1\" content=\"1 minute\" \/>\n<script type=\"application\/ld+json\" class=\"yoast-schema-graph\">{\"@context\":\"https:\\\/\\\/schema.org\",\"@graph\":[{\"@type\":\"WebPage\",\"@id\":\"https:\\\/\\\/mde.techdeco.fr\\\/2024groupe222\\\/panier\\\/\",\"url\":\"https:\\\/\\\/mde.techdeco.fr\\\/2024groupe222\\\/panier\\\/\",\"name\":\"Panier | Boutique Tokyo Vaisselle Toulouse\",\"isPartOf\":{\"@id\":\"https:\\\/\\\/mde.techdeco.fr\\\/2024groupe222\\\/#website\"},\"datePublished\":\"2024-04-02T11:09:04+00:00\",\"dateModified\":\"2024-11-25T10:35:25+00:00\",\"description\":\"Consultez et modifiez le contenu de votre panier avant de finaliser votre commande. Ajoutez des pi\u00e8ces uniques d\u00e8s maintenant !\",\"breadcrumb\":{\"@id\":\"https:\\\/\\\/mde.techdeco.fr\\\/2024groupe222\\\/panier\\\/#breadcrumb\"},\"inLanguage\":\"fr-FR\",\"potentialAction\":[{\"@type\":\"ReadAction\",\"target\":[\"https:\\\/\\\/mde.techdeco.fr\\\/2024groupe222\\\/panier\\\/\"]}]},{\"@type\":\"BreadcrumbList\",\"@id\":\"https:\\\/\\\/mde.techdeco.fr\\\/2024groupe222\\\/panier\\\/#breadcrumb\",\"itemListElement\":[{\"@type\":\"ListItem\",\"position\":1,\"name\":\"Accueil\",\"item\":\"https:\\\/\\\/mde.techdeco.fr\\\/2024groupe222\\\/\"},{\"@type\":\"ListItem\",\"position\":2,\"name\":\"Panier\"}]},{\"@type\":\"WebSite\",\"@id\":\"https:\\\/\\\/mde.techdeco.fr\\\/2024groupe222\\\/#website\",\"url\":\"https:\\\/\\\/mde.techdeco.fr\\\/2024groupe222\\\/\",\"name\":\"Tokyo Vaisselle : vaisselle japonaise toulouse\",\"description\":\"\",\"alternateName\":\"Tokyo Vaisselle\",\"potentialAction\":[{\"@type\":\"SearchAction\",\"target\":{\"@type\":\"EntryPoint\",\"urlTemplate\":\"https:\\\/\\\/mde.techdeco.fr\\\/2024groupe222\\\/?s={search_term_string}\"},\"query-input\":{\"@type\":\"PropertyValueSpecification\",\"valueRequired\":true,\"valueName\":\"search_term_string\"}}],\"inLanguage\":\"fr-FR\"}]}<\/script>\n<!-- \/ Yoast SEO plugin. -->","yoast_head_json":{"title":"Panier | Boutique Tokyo Vaisselle Toulouse","description":"Consultez et modifiez le contenu de votre panier avant de finaliser votre commande. Ajoutez des pi\u00e8ces uniques d\u00e8s maintenant !","robots":{"index":"index","follow":"follow","max-snippet":"max-snippet:-1","max-image-preview":"max-image-preview:large","max-video-preview":"max-video-preview:-1"},"canonical":"https:\/\/mde.techdeco.fr\/2024groupe222\/panier\/","og_locale":"fr_FR","og_type":"article","og_title":"Panier | Boutique Tokyo Vaisselle Toulouse","og_description":"Consultez et modifiez le contenu de votre panier avant de finaliser votre commande. Ajoutez des pi\u00e8ces uniques d\u00e8s maintenant !","og_url":"https:\/\/mde.techdeco.fr\/2024groupe222\/panier\/","og_site_name":"Boutique Tokyo Vaisselle Toulouse","article_modified_time":"2024-11-25T10:35:25+00:00","og_image":[{"width":1200,"height":675,"url":"https:\/\/mde.techdeco.fr\/2024groupe222\/wp-content\/uploads\/2024\/10\/Tokyo-vaisselle.png","type":"image\/png"}],"twitter_card":"summary_large_image","twitter_misc":{"Dur\u00e9e de lecture estim\u00e9e":"1 minute"},"schema":{"@context":"https:\/\/schema.org","@graph":[{"@type":"WebPage","@id":"https:\/\/mde.techdeco.fr\/2024groupe222\/panier\/","url":"https:\/\/mde.techdeco.fr\/2024groupe222\/panier\/","name":"Panier | Boutique Tokyo Vaisselle Toulouse","isPartOf":{"@id":"https:\/\/mde.techdeco.fr\/2024groupe222\/#website"},"datePublished":"2024-04-02T11:09:04+00:00","dateModified":"2024-11-25T10:35:25+00:00","description":"Consultez et modifiez le contenu de votre panier avant de finaliser votre commande. Ajoutez des pi\u00e8ces uniques d\u00e8s maintenant !","breadcrumb":{"@id":"https:\/\/mde.techdeco.fr\/2024groupe222\/panier\/#breadcrumb"},"inLanguage":"fr-FR","potentialAction":[{"@type":"ReadAction","target":["https:\/\/mde.techdeco.fr\/2024groupe222\/panier\/"]}]},{"@type":"BreadcrumbList","@id":"https:\/\/mde.techdeco.fr\/2024groupe222\/panier\/#breadcrumb","itemListElement":[{"@type":"ListItem","position":1,"name":"Accueil","item":"https:\/\/mde.techdeco.fr\/2024groupe222\/"},{"@type":"ListItem","position":2,"name":"Panier"}]},{"@type":"WebSite","@id":"https:\/\/mde.techdeco.fr\/2024groupe222\/#website","url":"https:\/\/mde.techdeco.fr\/2024groupe222\/","name":"Tokyo Vaisselle : vaisselle japonaise toulouse","description":"","alternateName":"Tokyo Vaisselle","potentialAction":[{"@type":"SearchAction","target":{"@type":"EntryPoint","urlTemplate":"https:\/\/mde.techdeco.fr\/2024groupe222\/?s={search_term_string}"},"query-input":{"@type":"PropertyValueSpecification","valueRequired":true,"valueName":"search_term_string"}}],"inLanguage":"fr-FR"}]}},"_links":{"self":[{"href":"https:\/\/mde.techdeco.fr\/2024groupe222\/wp-json\/wp\/v2\/pages\/386","targetHints":{"allow":["GET"]}}],"collection":[{"href":"https:\/\/mde.techdeco.fr\/2024groupe222\/wp-json\/wp\/v2\/pages"}],"about":[{"href":"https:\/\/mde.techdeco.fr\/2024groupe222\/wp-json\/wp\/v2\/types\/page"}],"author":[{"embeddable":true,"href":"https:\/\/mde.techdeco.fr\/2024groupe222\/wp-json\/wp\/v2\/users\/1"}],"replies":[{"embeddable":true,"href":"https:\/\/mde.techdeco.fr\/2024groupe222\/wp-json\/wp\/v2\/comments?post=386"}],"version-history":[{"count":1,"href":"https:\/\/mde.techdeco.fr\/2024groupe222\/wp-json\/wp\/v2\/pages\/386\/revisions"}],"predecessor-version":[{"id":1011,"href":"https:\/\/mde.techdeco.fr\/2024groupe222\/wp-json\/wp\/v2\/pages\/386\/revisions\/1011"}],"wp:attachment":[{"href":"https:\/\/mde.techdeco.fr\/2024groupe222\/wp-json\/wp\/v2\/media?parent=386"}],"curies":[{"name":"wp","href":"https:\/\/api.w.org\/{rel}","templated":true}]}}