{"id":322,"date":"2024-04-02T12:25:00","date_gmt":"2024-04-02T10:25:00","guid":{"rendered":"https:\/\/mde.techdeco.fr\/2024groupe222\/?page_id=322"},"modified":"2024-11-25T11:26:58","modified_gmt":"2024-11-25T10:26:58","slug":"nous-contacter","status":"publish","type":"page","link":"https:\/\/mde.techdeco.fr\/2024groupe222\/nous-contacter\/","title":{"rendered":"Nous contacter"},"content":{"rendered":"\t\t<div data-elementor-type=\"wp-page\" data-elementor-id=\"322\" class=\"elementor elementor-322\">\n\t\t\t\t<div class=\"elementor-element elementor-element-b5f90b5 e-flex e-con-boxed e-con e-parent\" data-id=\"b5f90b5\" data-element_type=\"container\" data-e-type=\"container\">\n\t\t\t\t\t<div class=\"e-con-inner\">\n\t\t\t\t<div class=\"elementor-element elementor-element-49bdd62 elementor-widget elementor-widget-heading\" data-id=\"49bdd62\" data-element_type=\"widget\" data-e-type=\"widget\" data-widget_type=\"heading.default\">\n\t\t\t\t<div class=\"elementor-widget-container\">\n\t\t\t\t\t<h2 class=\"elementor-heading-title elementor-size-default\">Nous contacter<\/h2>\t\t\t\t<\/div>\n\t\t\t\t<\/div>\n\t\t\t\t<div class=\"elementor-element elementor-element-733d9d3 elementor-widget elementor-widget-spacer\" data-id=\"733d9d3\" data-element_type=\"widget\" data-e-type=\"widget\" data-widget_type=\"spacer.default\">\n\t\t\t\t<div class=\"elementor-widget-container\">\n\t\t\t\t\t\t\t<div class=\"elementor-spacer\">\n\t\t\t<div class=\"elementor-spacer-inner\"><\/div>\n\t\t<\/div>\n\t\t\t\t\t\t<\/div>\n\t\t\t\t<\/div>\n\t\t\t\t\t<\/div>\n\t\t\t\t<\/div>\n\t\t<header class=\"elementor-element elementor-element-6a134116 e-con-full e-flex e-con e-parent\" data-id=\"6a134116\" data-element_type=\"container\" data-e-type=\"container\">\n\t\t\t\t<div class=\"elementor-element elementor-element-c066898 elementor-widget__width-initial elementor-widget elementor-widget-heading\" data-id=\"c066898\" data-element_type=\"widget\" data-e-type=\"widget\" data-widget_type=\"heading.default\">\n\t\t\t\t<div class=\"elementor-widget-container\">\n\t\t\t\t\t<h2 class=\"elementor-heading-title elementor-size-default\"><h2 style=\"margin: 0cm;background-image: initial;background-position: initial;background-size: initial;background-repeat: initial;background-attachment: initial\"><span style=\"font-size:14.0pt;,sans-serif;color:black\">Si vous avez besoin d'informations compl\u00e9mentaires ou si vous vous posez des questions, n'h\u00e9sitez pas \u00e0 nous contacter :<\/span><\/h2><br><h2 style=\"margin: 0cm;background-image: initial;background-position: initial;background-size: initial;background-repeat: initial;background-attachment: initial\"><span style=\"font-size:14.0pt;,sans-serif;color:black\">- Par mail : <\/span><span style=\"font-size: 14pt;font-family: Arial, sans-serif;color: black;border-width: 1pt;border-style: none;border-color: windowtext;padding: 0cm;font-weight: normal\"><a href=\"mailto:guybacalou@yahoo.fr\"><span><span>g<\/span><span>uybacalou@yahoo.fr<\/span><\/span><\/a><\/span><\/h2><br><h2 style=\"margin: 0cm;background-image: initial;background-position: initial;background-size: initial;background-repeat: initial;background-attachment: initial\"><span style=\"font-size:14.0pt;,sans-serif;color:black\">- Par t\u00e9l\u00e9phone : <\/span><span style=\"font-size: 14pt;font-family: Arial, sans-serif;color: black;border-width: 1pt;border-style: none;border-color: windowtext;padding: 0cm;font-weight: normal\">05 61 63 74 74<\/span><\/h2><br><h2 style=\"margin: 0cm;background-image: initial;background-position: initial;background-size: initial;background-repeat: initial;background-attachment: initial\"><span style=\"font-size:14.0pt;,sans-serif;color:black\">- Ou bien rendez vous directement dans notre boutique \u00e0 l'adresse suivante : <\/span><span style=\"font-size: 14pt;font-family: Arial, sans-serif;color: black;border-width: 1pt;border-style: none;border-color: windowtext;padding: 0cm;font-weight: normal\">9 bis Rue de la Colombette, 31000 Toulouse<\/span><\/h2><br><h2 style=\"margin: 0cm;background-image: initial;background-position: initial;background-size: initial;background-repeat: initial;background-attachment: initial\"><span style=\"font-size:14.0pt;,sans-serif;color:black\">Voici les horaires \u00e0 savoir : <\/span><span><span style=\"font-size: 14pt;font-family: Arial, sans-serif;color: black;border-width: 1pt;border-style: none;border-color: windowtext;padding: 0cm;font-weight: normal\">Lundi au samedi de 10h \u00e0 19h<\/span><\/span><\/h2><\/h2>\t\t\t\t<\/div>\n\t\t\t\t<\/div>\n\t\t<div class=\"elementor-element elementor-element-6ce26a2c e-con-full e-flex e-con e-child\" data-id=\"6ce26a2c\" data-element_type=\"container\" data-e-type=\"container\">\n\t\t\t\t<div class=\"elementor-element elementor-element-6c99e13 elementor-widget__width-initial elementor-widget elementor-widget-shortcode\" data-id=\"6c99e13\" data-element_type=\"widget\" data-e-type=\"widget\" data-widget_type=\"shortcode.default\">\n\t\t\t\t<div class=\"elementor-widget-container\">\n\t\t\t\t\t\t\t<div class=\"elementor-shortcode\">\n<div class=\"wpcf7 no-js\" id=\"wpcf7-f906-o1\" lang=\"fr-FR\" dir=\"ltr\" data-wpcf7-id=\"906\">\n<div class=\"screen-reader-response\"><p role=\"status\" aria-live=\"polite\" aria-atomic=\"true\"><\/p> <ul><\/ul><\/div>\n<form action=\"\/2024groupe222\/wp-json\/wp\/v2\/pages\/322#wpcf7-f906-o1\" method=\"post\" class=\"wpcf7-form init\" aria-label=\"Formulaire de contact\" novalidate=\"novalidate\" data-status=\"init\">\n<fieldset class=\"hidden-fields-container\"><input type=\"hidden\" name=\"_wpcf7\" value=\"906\" \/><input type=\"hidden\" name=\"_wpcf7_version\" value=\"6.1.5\" \/><input type=\"hidden\" name=\"_wpcf7_locale\" value=\"fr_FR\" \/><input type=\"hidden\" name=\"_wpcf7_unit_tag\" value=\"wpcf7-f906-o1\" \/><input type=\"hidden\" name=\"_wpcf7_container_post\" value=\"0\" \/><input type=\"hidden\" name=\"_wpcf7_posted_data_hash\" value=\"\" \/>\n<\/fieldset>\n<p><label> Votre nom<br \/>\n<span class=\"wpcf7-form-control-wrap\" data-name=\"your-name\"><input size=\"40\" maxlength=\"400\" class=\"wpcf7-form-control wpcf7-text wpcf7-validates-as-required\" autocomplete=\"name\" aria-required=\"true\" aria-invalid=\"false\" value=\"\" type=\"text\" name=\"your-name\" \/><\/span> <\/label>\n<\/p>\n<p><label> Votre e-mail<br \/>\n<span class=\"wpcf7-form-control-wrap\" data-name=\"your-email\"><input size=\"40\" maxlength=\"400\" class=\"wpcf7-form-control wpcf7-email wpcf7-validates-as-required wpcf7-text wpcf7-validates-as-email\" autocomplete=\"email\" aria-required=\"true\" aria-invalid=\"false\" value=\"\" type=\"email\" name=\"your-email\" \/><\/span> <\/label>\n<\/p>\n<p><label> Objet<br \/>\n<span class=\"wpcf7-form-control-wrap\" data-name=\"your-subject\"><input size=\"40\" maxlength=\"400\" class=\"wpcf7-form-control wpcf7-text wpcf7-validates-as-required\" aria-required=\"true\" aria-invalid=\"false\" value=\"\" type=\"text\" name=\"your-subject\" \/><\/span> <\/label>\n<\/p>\n<p><label> Votre message (facultatif)<br \/>\n<span class=\"wpcf7-form-control-wrap\" data-name=\"your-message\"><textarea cols=\"40\" rows=\"10\" maxlength=\"2000\" class=\"wpcf7-form-control wpcf7-textarea\" aria-invalid=\"false\" name=\"your-message\"><\/textarea><\/span> <\/label>\n<\/p>\n<p><input class=\"wpcf7-form-control wpcf7-submit has-spinner\" type=\"submit\" value=\"Envoyer\" \/>\n<\/p><div class=\"wpcf7-response-output\" aria-hidden=\"true\"><\/div>\n<\/form>\n<\/div>\n<\/div>\n\t\t\t\t\t\t<\/div>\n\t\t\t\t<\/div>\n\t\t\t\t<\/div>\n\t\t\t\t<\/header>\n\t\t\t\t<\/div>\n\t\t","protected":false},"excerpt":{"rendered":"<p>Nous contacter Si vous avez besoin d&rsquo;informations compl\u00e9mentaires ou si vous vous posez des questions, n&rsquo;h\u00e9sitez pas \u00e0 nous contacter : &#8211; Par mail : guybacalou@yahoo.fr &#8211; Par t\u00e9l\u00e9phone : 05 61 63 74 74 &#8211; Ou bien rendez vous directement dans notre boutique \u00e0 l&rsquo;adresse suivante : 9 bis Rue de la Colombette, 31000 [&hellip;]<\/p>\n","protected":false},"author":6,"featured_media":0,"parent":0,"menu_order":0,"comment_status":"closed","ping_status":"closed","template":"","meta":{"footnotes":""},"class_list":["post-322","page","type-page","status-publish","hentry","entry","owp-thumbs-layout-horizontal","owp-btn-normal","owp-tabs-layout-horizontal","has-no-thumbnails","has-product-nav"],"yoast_head":"<!-- This site is optimized with the Yoast SEO plugin v27.3 - https:\/\/yoast.com\/product\/yoast-seo-wordpress\/ -->\n<title>Contact | Tokyo Vaisselle | Boutique de vaisselles japonaises \u00e0 Toulouse<\/title>\n<meta name=\"description\" content=\"Une question ? Une requ\u00eate ? Un probl\u00e8me ? Ou juste besoin d&#039;assistance ? N&#039;h\u00e9sitez pas \u00e0 nous contacter, nous sommes l\u00e0 pour vous aider.\" \/>\n<meta name=\"robots\" content=\"index, follow, max-snippet:-1, max-image-preview:large, max-video-preview:-1\" \/>\n<link rel=\"canonical\" href=\"https:\/\/mde.techdeco.fr\/2024groupe222\/nous-contacter\/\" \/>\n<meta property=\"og:locale\" content=\"fr_FR\" \/>\n<meta property=\"og:type\" content=\"article\" \/>\n<meta property=\"og:title\" content=\"Contact | Tokyo Vaisselle | Boutique de vaisselles japonaises \u00e0 Toulouse\" \/>\n<meta property=\"og:description\" content=\"Une question ? Une requ\u00eate ? Un probl\u00e8me ? Ou juste besoin d&#039;assistance ? N&#039;h\u00e9sitez pas \u00e0 nous contacter, nous sommes l\u00e0 pour vous aider.\" \/>\n<meta property=\"og:url\" content=\"https:\/\/mde.techdeco.fr\/2024groupe222\/nous-contacter\/\" \/>\n<meta property=\"og:site_name\" content=\"Boutique Tokyo Vaisselle Toulouse\" \/>\n<meta property=\"article:modified_time\" content=\"2024-11-25T10:26:58+00:00\" \/>\n<meta property=\"og:image\" content=\"https:\/\/mde.techdeco.fr\/2024groupe222\/wp-content\/uploads\/2024\/10\/Tokyo-vaisselle.png\" \/>\n\t<meta property=\"og:image:width\" content=\"1200\" \/>\n\t<meta property=\"og:image:height\" content=\"675\" \/>\n\t<meta property=\"og:image:type\" content=\"image\/png\" \/>\n<meta name=\"twitter:card\" content=\"summary_large_image\" \/>\n<meta name=\"twitter:label1\" content=\"Dur\u00e9e de lecture estim\u00e9e\" \/>\n\t<meta name=\"twitter:data1\" content=\"1 minute\" \/>\n<script type=\"application\/ld+json\" class=\"yoast-schema-graph\">{\"@context\":\"https:\\\/\\\/schema.org\",\"@graph\":[{\"@type\":\"WebPage\",\"@id\":\"https:\\\/\\\/mde.techdeco.fr\\\/2024groupe222\\\/nous-contacter\\\/\",\"url\":\"https:\\\/\\\/mde.techdeco.fr\\\/2024groupe222\\\/nous-contacter\\\/\",\"name\":\"Contact | Tokyo Vaisselle | Boutique de vaisselles japonaises \u00e0 Toulouse\",\"isPartOf\":{\"@id\":\"https:\\\/\\\/mde.techdeco.fr\\\/2024groupe222\\\/#website\"},\"datePublished\":\"2024-04-02T10:25:00+00:00\",\"dateModified\":\"2024-11-25T10:26:58+00:00\",\"description\":\"Une question ? Une requ\u00eate ? Un probl\u00e8me ? Ou juste besoin d'assistance ? N'h\u00e9sitez pas \u00e0 nous contacter, nous sommes l\u00e0 pour vous aider.\",\"breadcrumb\":{\"@id\":\"https:\\\/\\\/mde.techdeco.fr\\\/2024groupe222\\\/nous-contacter\\\/#breadcrumb\"},\"inLanguage\":\"fr-FR\",\"potentialAction\":[{\"@type\":\"ReadAction\",\"target\":[\"https:\\\/\\\/mde.techdeco.fr\\\/2024groupe222\\\/nous-contacter\\\/\"]}]},{\"@type\":\"BreadcrumbList\",\"@id\":\"https:\\\/\\\/mde.techdeco.fr\\\/2024groupe222\\\/nous-contacter\\\/#breadcrumb\",\"itemListElement\":[{\"@type\":\"ListItem\",\"position\":1,\"name\":\"Accueil\",\"item\":\"https:\\\/\\\/mde.techdeco.fr\\\/2024groupe222\\\/\"},{\"@type\":\"ListItem\",\"position\":2,\"name\":\"Nous contacter\"}]},{\"@type\":\"WebSite\",\"@id\":\"https:\\\/\\\/mde.techdeco.fr\\\/2024groupe222\\\/#website\",\"url\":\"https:\\\/\\\/mde.techdeco.fr\\\/2024groupe222\\\/\",\"name\":\"Tokyo Vaisselle : vaisselle japonaise toulouse\",\"description\":\"\",\"alternateName\":\"Tokyo Vaisselle\",\"potentialAction\":[{\"@type\":\"SearchAction\",\"target\":{\"@type\":\"EntryPoint\",\"urlTemplate\":\"https:\\\/\\\/mde.techdeco.fr\\\/2024groupe222\\\/?s={search_term_string}\"},\"query-input\":{\"@type\":\"PropertyValueSpecification\",\"valueRequired\":true,\"valueName\":\"search_term_string\"}}],\"inLanguage\":\"fr-FR\"}]}<\/script>\n<!-- \/ Yoast SEO plugin. -->","yoast_head_json":{"title":"Contact | Tokyo Vaisselle | Boutique de vaisselles japonaises \u00e0 Toulouse","description":"Une question ? Une requ\u00eate ? Un probl\u00e8me ? Ou juste besoin d'assistance ? N'h\u00e9sitez pas \u00e0 nous contacter, nous sommes l\u00e0 pour vous aider.","robots":{"index":"index","follow":"follow","max-snippet":"max-snippet:-1","max-image-preview":"max-image-preview:large","max-video-preview":"max-video-preview:-1"},"canonical":"https:\/\/mde.techdeco.fr\/2024groupe222\/nous-contacter\/","og_locale":"fr_FR","og_type":"article","og_title":"Contact | Tokyo Vaisselle | Boutique de vaisselles japonaises \u00e0 Toulouse","og_description":"Une question ? Une requ\u00eate ? Un probl\u00e8me ? Ou juste besoin d'assistance ? N'h\u00e9sitez pas \u00e0 nous contacter, nous sommes l\u00e0 pour vous aider.","og_url":"https:\/\/mde.techdeco.fr\/2024groupe222\/nous-contacter\/","og_site_name":"Boutique Tokyo Vaisselle Toulouse","article_modified_time":"2024-11-25T10:26:58+00:00","og_image":[{"width":1200,"height":675,"url":"https:\/\/mde.techdeco.fr\/2024groupe222\/wp-content\/uploads\/2024\/10\/Tokyo-vaisselle.png","type":"image\/png"}],"twitter_card":"summary_large_image","twitter_misc":{"Dur\u00e9e de lecture estim\u00e9e":"1 minute"},"schema":{"@context":"https:\/\/schema.org","@graph":[{"@type":"WebPage","@id":"https:\/\/mde.techdeco.fr\/2024groupe222\/nous-contacter\/","url":"https:\/\/mde.techdeco.fr\/2024groupe222\/nous-contacter\/","name":"Contact | Tokyo Vaisselle | Boutique de vaisselles japonaises \u00e0 Toulouse","isPartOf":{"@id":"https:\/\/mde.techdeco.fr\/2024groupe222\/#website"},"datePublished":"2024-04-02T10:25:00+00:00","dateModified":"2024-11-25T10:26:58+00:00","description":"Une question ? Une requ\u00eate ? Un probl\u00e8me ? Ou juste besoin d'assistance ? N'h\u00e9sitez pas \u00e0 nous contacter, nous sommes l\u00e0 pour vous aider.","breadcrumb":{"@id":"https:\/\/mde.techdeco.fr\/2024groupe222\/nous-contacter\/#breadcrumb"},"inLanguage":"fr-FR","potentialAction":[{"@type":"ReadAction","target":["https:\/\/mde.techdeco.fr\/2024groupe222\/nous-contacter\/"]}]},{"@type":"BreadcrumbList","@id":"https:\/\/mde.techdeco.fr\/2024groupe222\/nous-contacter\/#breadcrumb","itemListElement":[{"@type":"ListItem","position":1,"name":"Accueil","item":"https:\/\/mde.techdeco.fr\/2024groupe222\/"},{"@type":"ListItem","position":2,"name":"Nous contacter"}]},{"@type":"WebSite","@id":"https:\/\/mde.techdeco.fr\/2024groupe222\/#website","url":"https:\/\/mde.techdeco.fr\/2024groupe222\/","name":"Tokyo Vaisselle : vaisselle japonaise toulouse","description":"","alternateName":"Tokyo Vaisselle","potentialAction":[{"@type":"SearchAction","target":{"@type":"EntryPoint","urlTemplate":"https:\/\/mde.techdeco.fr\/2024groupe222\/?s={search_term_string}"},"query-input":{"@type":"PropertyValueSpecification","valueRequired":true,"valueName":"search_term_string"}}],"inLanguage":"fr-FR"}]}},"_links":{"self":[{"href":"https:\/\/mde.techdeco.fr\/2024groupe222\/wp-json\/wp\/v2\/pages\/322","targetHints":{"allow":["GET"]}}],"collection":[{"href":"https:\/\/mde.techdeco.fr\/2024groupe222\/wp-json\/wp\/v2\/pages"}],"about":[{"href":"https:\/\/mde.techdeco.fr\/2024groupe222\/wp-json\/wp\/v2\/types\/page"}],"author":[{"embeddable":true,"href":"https:\/\/mde.techdeco.fr\/2024groupe222\/wp-json\/wp\/v2\/users\/6"}],"replies":[{"embeddable":true,"href":"https:\/\/mde.techdeco.fr\/2024groupe222\/wp-json\/wp\/v2\/comments?post=322"}],"version-history":[{"count":19,"href":"https:\/\/mde.techdeco.fr\/2024groupe222\/wp-json\/wp\/v2\/pages\/322\/revisions"}],"predecessor-version":[{"id":946,"href":"https:\/\/mde.techdeco.fr\/2024groupe222\/wp-json\/wp\/v2\/pages\/322\/revisions\/946"}],"wp:attachment":[{"href":"https:\/\/mde.techdeco.fr\/2024groupe222\/wp-json\/wp\/v2\/media?parent=322"}],"curies":[{"name":"wp","href":"https:\/\/api.w.org\/{rel}","templated":true}]}}