{"id":68,"date":"2024-03-06T16:22:49","date_gmt":"2024-03-06T15:22:49","guid":{"rendered":"https:\/\/mde.techdeco.fr\/2024groupe121\/?page_id=68"},"modified":"2025-01-13T16:48:04","modified_gmt":"2025-01-13T15:48:04","slug":"mentions-legales-hello-tea-toulouse","status":"publish","type":"page","link":"https:\/\/mde.techdeco.fr\/2024groupe121\/mentions-legales-hello-tea-toulouse\/","title":{"rendered":"Mentions l\u00e9gales"},"content":{"rendered":"\t\t<div data-elementor-type=\"wp-page\" data-elementor-id=\"68\" class=\"elementor elementor-68\">\n\t\t\t\t<div class=\"elementor-element elementor-element-43cebaf e-flex e-con-boxed e-con e-parent\" data-id=\"43cebaf\" data-element_type=\"container\">\n\t\t\t\t\t<div class=\"e-con-inner\">\n\t\t\t\t<div class=\"elementor-element elementor-element-05bb987 elementor-widget elementor-widget-text-editor\" data-id=\"05bb987\" data-element_type=\"widget\" data-widget_type=\"text-editor.default\">\n\t\t\t\t<div class=\"elementor-widget-container\">\n\t\t\t\t\t\t\t\t\t<h1>Mentions l\u00e9gales\u00a0<\/h1><h2><strong>Mentions l\u00e9gales Hello Tea<\/strong><\/h2><p><i><span style=\"font-weight: 400;\">Entreprise :\u00a0 Hello Tea<\/span><\/i><\/p><p><i><span style=\"font-weight: 400;\">Forme Juridique : SARL, soci\u00e9t\u00e9 \u00e0 responsabilit\u00e9 limit\u00e9\u00a0<\/span><\/i><\/p><p><i><span style=\"font-weight: 400;\">Num\u00e9ro de siret : 848 430 427 00015<\/span><\/i><\/p><p><i><span style=\"font-weight: 400;\">Identit\u00e9 : <\/span><\/i><span style=\"font-weight: 400;\">Ma\u00cf Huiying\u00a0<\/span><\/p><p><span style=\"font-weight: 400;\">Capital : 1500<\/span><\/p><h6><strong>Coordonn\u00e9es :\u00a0<\/strong><\/h6><p><span style=\"font-weight: 400;\"><a href=\"https:\/\/mde.techdeco.fr\/2024groupe121\/contact-hello-tea-toulouse\/\">3 rue Romigui\u00e8res, 31000 Toulouse<\/a><\/span><\/p><p><a href=\"mailto:Hellotea31@gmail.com\"><span style=\"font-weight: 400;\">Hellotea31@gmail.com<\/span><\/a><\/p><p><span style=\"font-weight: 400;\">09 80 41 58 43\u00a0<\/span><\/p><p><span style=\"font-weight: 400;\">Activit\u00e9s commerciales : <\/span><span style=\"font-weight: 400;\">INSCRIT <\/span><span style=\"font-weight: 400;\">\u00a0(au greffe de TOULOUSE , le 19\/02\/2019 )<\/span><\/p><p><span style=\"font-weight: 400;\">848 430 427 R.C.S. Toulouse<\/span><\/p><h6><b>H\u00e9bergeur :\u00a0<\/b><\/h6><p><span style=\"font-weight: 400;\">IUT Ponsan ( Techniques de Commercialisation )<\/span><\/p><p><span style=\"font-weight: 400;\">118 Route de Narbonne\u00a0<\/span><\/p><h5><b>CONDITIONS D&rsquo;UTILISATION<\/b><\/h5><p><span style=\"font-weight: 400;\">Ce site web (<\/span><a href=\"https:\/\/www.hellotea.com\/\"><span style=\"font-weight: 400;\">https:\/\/www.hellotea.com\/<\/span><\/a><span style=\"font-weight: 400;\">) est con\u00e7u sur WordPress afin d\u2019offrir une exp\u00e9rience utilisateur optimale et un design attrayant. Pour une navigation fluide, nous vous recommandons d&rsquo;utiliser des navigateurs modernes tels qu&rsquo;Internet Explorer, Safari, Firefox, Google Chrome, entre autres.<\/span><\/p><p><span style=\"font-weight: 400;\">HELLO TEA Toulouse s&rsquo;engage par ailleurs \u00e0 fournir des informations pr\u00e9cises et \u00e0 maintenir son site \u00e0 jour. N\u00e9anmoins, des erreurs ou omissions peuvent survenir. C\u2019est pourquoi les utilisateurs doivent v\u00e9rifier l&rsquo;exactitude des informations et signaler toute modification n\u00e9cessaire aux mentions l\u00e9gales d\u2019HELLO TEA. L&rsquo;entreprise n&rsquo;est pas responsable de l&rsquo;utilisation des informations fournies, ni des dommages directs ou indirects qui pourraient en r\u00e9sulter.<\/span><\/p><h5><b>LIENS HYPERTEXTES<\/b><\/h5><p><span style=\"font-weight: 400;\">HELLO TEA peut inclure des liens vers d&rsquo;autres sites web ou ressources en ligne. Cependant, l&rsquo;entreprise n&rsquo;a aucun contr\u00f4le sur ces sites et ne peut garantir leur disponibilit\u00e9 ou leur contenu. Ainsi, les utilisateurs acc\u00e8dent \u00e0 ces sites externes \u00e0 leurs propres risques et doivent se conformer \u00e0 leurs conditions d&rsquo;utilisation. De plus, tout hyperlien vers le site de HELLO TEA n\u00e9cessite une autorisation pr\u00e9alable de l&rsquo;entreprise.<\/span><\/p><p>Pour<span style=\"font-weight: 400;\"> toute demande, les hyperliens doivent \u00eatre adress\u00e9s \u00e0 HELLO TEA par email. L&rsquo;entreprise se r\u00e9serve en cons\u00e9quence le droit d&rsquo;accepter ou de refuser les demandes sans justification.<\/span><\/p><h5><b>DONN\u00c9ES PERSONNELLES<\/b><\/h5><p><span style=\"font-weight: 400;\">En r\u00e8gle g\u00e9n\u00e9rale, vous n&rsquo;\u00eates pas oblig\u00e9 de nous fournir vos donn\u00e9es personnelles lorsque vous visitez notre site web (<\/span><a href=\"https:\/\/www.hellotea.com\/\"><span style=\"font-weight: 400;\">https:\/\/www.hellotea.com\/<\/span><\/a><span style=\"font-weight: 400;\">).<\/span><\/p><p><span style=\"font-weight: 400;\">Toutefois, certaines exceptions s&rsquo;appliquent. En effet, pour certains services offerts sur notre site, comme la commande en ligne, il se peut que vous deviez nous fournir certaines informations telles que votre nom, pr\u00e9nom, adresse \u00e9lectronique et num\u00e9ro de t\u00e9l\u00e9phone.<\/span><\/p>\t\t\t\t\t\t\t\t<\/div>\n\t\t\t\t<\/div>\n\t\t\t\t\t<\/div>\n\t\t\t\t<\/div>\n\t\t\t\t<\/div>\n\t\t","protected":false},"excerpt":{"rendered":"<p>Mentions l\u00e9gales\u00a0 Mentions l\u00e9gales Hello Tea Entreprise :\u00a0 Hello Tea Forme Juridique : SARL, soci\u00e9t\u00e9 \u00e0 responsabilit\u00e9 limit\u00e9\u00a0 Num\u00e9ro de siret : 848 430 427 00015 Identit\u00e9 : Ma\u00cf Huiying\u00a0 Capital : 1500 Coordonn\u00e9es :\u00a0 3 rue Romigui\u00e8res, 31000 Toulouse Hellotea31@gmail.com 09 80 41 58 43\u00a0 Activit\u00e9s commerciales : INSCRIT \u00a0(au greffe de TOULOUSE , [&hellip;]<\/p>\n","protected":false},"author":4,"featured_media":1719,"parent":0,"menu_order":0,"comment_status":"closed","ping_status":"closed","template":"","meta":{"ocean_post_layout":"","ocean_both_sidebars_style":"","ocean_both_sidebars_content_width":0,"ocean_both_sidebars_sidebars_width":0,"ocean_sidebar":"","ocean_second_sidebar":"","ocean_disable_margins":"enable","ocean_add_body_class":"","ocean_shortcode_before_top_bar":"","ocean_shortcode_after_top_bar":"","ocean_shortcode_before_header":"","ocean_shortcode_after_header":"","ocean_has_shortcode":"","ocean_shortcode_after_title":"","ocean_shortcode_before_footer_widgets":"","ocean_shortcode_after_footer_widgets":"","ocean_shortcode_before_footer_bottom":"","ocean_shortcode_after_footer_bottom":"","ocean_display_top_bar":"default","ocean_display_header":"default","ocean_header_style":"","ocean_center_header_left_menu":"","ocean_custom_header_template":"","ocean_custom_logo":0,"ocean_custom_retina_logo":0,"ocean_custom_logo_max_width":0,"ocean_custom_logo_tablet_max_width":0,"ocean_custom_logo_mobile_max_width":0,"ocean_custom_logo_max_height":0,"ocean_custom_logo_tablet_max_height":0,"ocean_custom_logo_mobile_max_height":0,"ocean_header_custom_menu":"","ocean_menu_typo_font_family":"","ocean_menu_typo_font_subset":"","ocean_menu_typo_font_size":0,"ocean_menu_typo_font_size_tablet":0,"ocean_menu_typo_font_size_mobile":0,"ocean_menu_typo_font_size_unit":"px","ocean_menu_typo_font_weight":"","ocean_menu_typo_font_weight_tablet":"","ocean_menu_typo_font_weight_mobile":"","ocean_menu_typo_transform":"","ocean_menu_typo_transform_tablet":"","ocean_menu_typo_transform_mobile":"","ocean_menu_typo_line_height":0,"ocean_menu_typo_line_height_tablet":0,"ocean_menu_typo_line_height_mobile":0,"ocean_menu_typo_line_height_unit":"","ocean_menu_typo_spacing":0,"ocean_menu_typo_spacing_tablet":0,"ocean_menu_typo_spacing_mobile":0,"ocean_menu_typo_spacing_unit":"","ocean_menu_link_color":"","ocean_menu_link_color_hover":"","ocean_menu_link_color_active":"","ocean_menu_link_background":"","ocean_menu_link_hover_background":"","ocean_menu_link_active_background":"","ocean_menu_social_links_bg":"","ocean_menu_social_hover_links_bg":"","ocean_menu_social_links_color":"","ocean_menu_social_hover_links_color":"","ocean_disable_title":"default","ocean_disable_heading":"default","ocean_post_title":"","ocean_post_subheading":"","ocean_post_title_style":"","ocean_post_title_background_color":"","ocean_post_title_background":0,"ocean_post_title_bg_image_position":"","ocean_post_title_bg_image_attachment":"","ocean_post_title_bg_image_repeat":"","ocean_post_title_bg_image_size":"","ocean_post_title_height":0,"ocean_post_title_bg_overlay":0.5,"ocean_post_title_bg_overlay_color":"","ocean_disable_breadcrumbs":"default","ocean_breadcrumbs_color":"","ocean_breadcrumbs_separator_color":"","ocean_breadcrumbs_links_color":"","ocean_breadcrumbs_links_hover_color":"","ocean_display_footer_widgets":"default","ocean_display_footer_bottom":"default","ocean_custom_footer_template":"","footnotes":""},"class_list":["post-68","page","type-page","status-publish","has-post-thumbnail","hentry","entry","has-media"],"yoast_head":"<!-- This site is optimized with the Yoast SEO plugin v24.8.1 - https:\/\/yoast.com\/wordpress\/plugins\/seo\/ -->\n<title>Mentions l\u00e9gales Hello Tea<\/title>\n<meta name=\"description\" content=\"D\u00e9couvrez les mentions l\u00e9gales de Hello Tea, incluant les informations juridiques essentielles sur notre entreprise.\" \/>\n<meta name=\"robots\" content=\"index, follow, max-snippet:-1, max-image-preview:large, max-video-preview:-1\" \/>\n<link rel=\"canonical\" href=\"https:\/\/mde.techdeco.fr\/2024groupe121\/mentions-legales-hello-tea-toulouse\/\" \/>\n<meta property=\"og:locale\" content=\"fr_FR\" \/>\n<meta property=\"og:type\" content=\"article\" \/>\n<meta property=\"og:title\" content=\"Mentions l\u00e9gales Hello Tea\" \/>\n<meta property=\"og:description\" content=\"D\u00e9couvrez les mentions l\u00e9gales de Hello Tea, incluant les informations juridiques essentielles sur notre entreprise.\" \/>\n<meta property=\"og:url\" content=\"https:\/\/mde.techdeco.fr\/2024groupe121\/mentions-legales-hello-tea-toulouse\/\" \/>\n<meta property=\"article:modified_time\" content=\"2025-01-13T15:48:04+00:00\" \/>\n<meta property=\"og:image\" content=\"https:\/\/mde.techdeco.fr\/2024groupe121\/wp-content\/uploads\/2024\/03\/logooo-hello-tea-1.png\" \/>\n\t<meta property=\"og:image:width\" content=\"1563\" \/>\n\t<meta property=\"og:image:height\" content=\"1563\" \/>\n\t<meta property=\"og:image:type\" content=\"image\/png\" \/>\n<meta name=\"twitter:card\" content=\"summary_large_image\" \/>\n<meta name=\"twitter:label1\" content=\"Dur\u00e9e de lecture estim\u00e9e\" \/>\n\t<meta name=\"twitter:data1\" content=\"2 minutes\" \/>\n<script type=\"application\/ld+json\" class=\"yoast-schema-graph\">{\"@context\":\"https:\/\/schema.org\",\"@graph\":[{\"@type\":\"WebPage\",\"@id\":\"https:\/\/mde.techdeco.fr\/2024groupe121\/mentions-legales-hello-tea-toulouse\/\",\"url\":\"https:\/\/mde.techdeco.fr\/2024groupe121\/mentions-legales-hello-tea-toulouse\/\",\"name\":\"Mentions l\u00e9gales Hello Tea\",\"isPartOf\":{\"@id\":\"https:\/\/mde.techdeco.fr\/2024groupe121\/#website\"},\"primaryImageOfPage\":{\"@id\":\"https:\/\/mde.techdeco.fr\/2024groupe121\/mentions-legales-hello-tea-toulouse\/#primaryimage\"},\"image\":{\"@id\":\"https:\/\/mde.techdeco.fr\/2024groupe121\/mentions-legales-hello-tea-toulouse\/#primaryimage\"},\"thumbnailUrl\":\"https:\/\/mde.techdeco.fr\/2024groupe121\/wp-content\/uploads\/2024\/03\/logooo-hello-tea-1.png\",\"datePublished\":\"2024-03-06T15:22:49+00:00\",\"dateModified\":\"2025-01-13T15:48:04+00:00\",\"description\":\"D\u00e9couvrez les mentions l\u00e9gales de Hello Tea, incluant les informations juridiques essentielles sur notre entreprise.\",\"breadcrumb\":{\"@id\":\"https:\/\/mde.techdeco.fr\/2024groupe121\/mentions-legales-hello-tea-toulouse\/#breadcrumb\"},\"inLanguage\":\"fr-FR\",\"potentialAction\":[{\"@type\":\"ReadAction\",\"target\":[\"https:\/\/mde.techdeco.fr\/2024groupe121\/mentions-legales-hello-tea-toulouse\/\"]}]},{\"@type\":\"ImageObject\",\"inLanguage\":\"fr-FR\",\"@id\":\"https:\/\/mde.techdeco.fr\/2024groupe121\/mentions-legales-hello-tea-toulouse\/#primaryimage\",\"url\":\"https:\/\/mde.techdeco.fr\/2024groupe121\/wp-content\/uploads\/2024\/03\/logooo-hello-tea-1.png\",\"contentUrl\":\"https:\/\/mde.techdeco.fr\/2024groupe121\/wp-content\/uploads\/2024\/03\/logooo-hello-tea-1.png\",\"width\":1563,\"height\":1563,\"caption\":\"Logo Hello Tea Toulouse\"},{\"@type\":\"BreadcrumbList\",\"@id\":\"https:\/\/mde.techdeco.fr\/2024groupe121\/mentions-legales-hello-tea-toulouse\/#breadcrumb\",\"itemListElement\":[{\"@type\":\"ListItem\",\"position\":1,\"name\":\"Accueil\",\"item\":\"https:\/\/mde.techdeco.fr\/2024groupe121\/\"},{\"@type\":\"ListItem\",\"position\":2,\"name\":\"Mentions l\u00e9gales\"}]},{\"@type\":\"WebSite\",\"@id\":\"https:\/\/mde.techdeco.fr\/2024groupe121\/#website\",\"url\":\"https:\/\/mde.techdeco.fr\/2024groupe121\/\",\"name\":\"Hello Tea - Toulouse\",\"description\":\"\",\"publisher\":{\"@id\":\"https:\/\/mde.techdeco.fr\/2024groupe121\/#organization\"},\"potentialAction\":[{\"@type\":\"SearchAction\",\"target\":{\"@type\":\"EntryPoint\",\"urlTemplate\":\"https:\/\/mde.techdeco.fr\/2024groupe121\/?s={search_term_string}\"},\"query-input\":{\"@type\":\"PropertyValueSpecification\",\"valueRequired\":true,\"valueName\":\"search_term_string\"}}],\"inLanguage\":\"fr-FR\"},{\"@type\":\"Organization\",\"@id\":\"https:\/\/mde.techdeco.fr\/2024groupe121\/#organization\",\"name\":\"Hello Tea\",\"url\":\"https:\/\/mde.techdeco.fr\/2024groupe121\/\",\"logo\":{\"@type\":\"ImageObject\",\"inLanguage\":\"fr-FR\",\"@id\":\"https:\/\/mde.techdeco.fr\/2024groupe121\/#\/schema\/logo\/image\/\",\"url\":\"https:\/\/mde.techdeco.fr\/2024groupe121\/wp-content\/uploads\/2024\/03\/logooo-hello-tea.png\",\"contentUrl\":\"https:\/\/mde.techdeco.fr\/2024groupe121\/wp-content\/uploads\/2024\/03\/logooo-hello-tea.png\",\"width\":1563,\"height\":1563,\"caption\":\"Hello Tea\"},\"image\":{\"@id\":\"https:\/\/mde.techdeco.fr\/2024groupe121\/#\/schema\/logo\/image\/\"},\"sameAs\":[\"https:\/\/www.instagram.com\/helloteatoulouse\/\"]}]}<\/script>\n<!-- \/ Yoast SEO plugin. -->","yoast_head_json":{"title":"Mentions l\u00e9gales Hello Tea","description":"D\u00e9couvrez les mentions l\u00e9gales de Hello Tea, incluant les informations juridiques essentielles sur notre entreprise.","robots":{"index":"index","follow":"follow","max-snippet":"max-snippet:-1","max-image-preview":"max-image-preview:large","max-video-preview":"max-video-preview:-1"},"canonical":"https:\/\/mde.techdeco.fr\/2024groupe121\/mentions-legales-hello-tea-toulouse\/","og_locale":"fr_FR","og_type":"article","og_title":"Mentions l\u00e9gales Hello Tea","og_description":"D\u00e9couvrez les mentions l\u00e9gales de Hello Tea, incluant les informations juridiques essentielles sur notre entreprise.","og_url":"https:\/\/mde.techdeco.fr\/2024groupe121\/mentions-legales-hello-tea-toulouse\/","article_modified_time":"2025-01-13T15:48:04+00:00","og_image":[{"width":1563,"height":1563,"url":"https:\/\/mde.techdeco.fr\/2024groupe121\/wp-content\/uploads\/2024\/03\/logooo-hello-tea-1.png","type":"image\/png"}],"twitter_card":"summary_large_image","twitter_misc":{"Dur\u00e9e de lecture estim\u00e9e":"2 minutes"},"schema":{"@context":"https:\/\/schema.org","@graph":[{"@type":"WebPage","@id":"https:\/\/mde.techdeco.fr\/2024groupe121\/mentions-legales-hello-tea-toulouse\/","url":"https:\/\/mde.techdeco.fr\/2024groupe121\/mentions-legales-hello-tea-toulouse\/","name":"Mentions l\u00e9gales Hello Tea","isPartOf":{"@id":"https:\/\/mde.techdeco.fr\/2024groupe121\/#website"},"primaryImageOfPage":{"@id":"https:\/\/mde.techdeco.fr\/2024groupe121\/mentions-legales-hello-tea-toulouse\/#primaryimage"},"image":{"@id":"https:\/\/mde.techdeco.fr\/2024groupe121\/mentions-legales-hello-tea-toulouse\/#primaryimage"},"thumbnailUrl":"https:\/\/mde.techdeco.fr\/2024groupe121\/wp-content\/uploads\/2024\/03\/logooo-hello-tea-1.png","datePublished":"2024-03-06T15:22:49+00:00","dateModified":"2025-01-13T15:48:04+00:00","description":"D\u00e9couvrez les mentions l\u00e9gales de Hello Tea, incluant les informations juridiques essentielles sur notre entreprise.","breadcrumb":{"@id":"https:\/\/mde.techdeco.fr\/2024groupe121\/mentions-legales-hello-tea-toulouse\/#breadcrumb"},"inLanguage":"fr-FR","potentialAction":[{"@type":"ReadAction","target":["https:\/\/mde.techdeco.fr\/2024groupe121\/mentions-legales-hello-tea-toulouse\/"]}]},{"@type":"ImageObject","inLanguage":"fr-FR","@id":"https:\/\/mde.techdeco.fr\/2024groupe121\/mentions-legales-hello-tea-toulouse\/#primaryimage","url":"https:\/\/mde.techdeco.fr\/2024groupe121\/wp-content\/uploads\/2024\/03\/logooo-hello-tea-1.png","contentUrl":"https:\/\/mde.techdeco.fr\/2024groupe121\/wp-content\/uploads\/2024\/03\/logooo-hello-tea-1.png","width":1563,"height":1563,"caption":"Logo Hello Tea Toulouse"},{"@type":"BreadcrumbList","@id":"https:\/\/mde.techdeco.fr\/2024groupe121\/mentions-legales-hello-tea-toulouse\/#breadcrumb","itemListElement":[{"@type":"ListItem","position":1,"name":"Accueil","item":"https:\/\/mde.techdeco.fr\/2024groupe121\/"},{"@type":"ListItem","position":2,"name":"Mentions l\u00e9gales"}]},{"@type":"WebSite","@id":"https:\/\/mde.techdeco.fr\/2024groupe121\/#website","url":"https:\/\/mde.techdeco.fr\/2024groupe121\/","name":"Hello Tea - Toulouse","description":"","publisher":{"@id":"https:\/\/mde.techdeco.fr\/2024groupe121\/#organization"},"potentialAction":[{"@type":"SearchAction","target":{"@type":"EntryPoint","urlTemplate":"https:\/\/mde.techdeco.fr\/2024groupe121\/?s={search_term_string}"},"query-input":{"@type":"PropertyValueSpecification","valueRequired":true,"valueName":"search_term_string"}}],"inLanguage":"fr-FR"},{"@type":"Organization","@id":"https:\/\/mde.techdeco.fr\/2024groupe121\/#organization","name":"Hello Tea","url":"https:\/\/mde.techdeco.fr\/2024groupe121\/","logo":{"@type":"ImageObject","inLanguage":"fr-FR","@id":"https:\/\/mde.techdeco.fr\/2024groupe121\/#\/schema\/logo\/image\/","url":"https:\/\/mde.techdeco.fr\/2024groupe121\/wp-content\/uploads\/2024\/03\/logooo-hello-tea.png","contentUrl":"https:\/\/mde.techdeco.fr\/2024groupe121\/wp-content\/uploads\/2024\/03\/logooo-hello-tea.png","width":1563,"height":1563,"caption":"Hello Tea"},"image":{"@id":"https:\/\/mde.techdeco.fr\/2024groupe121\/#\/schema\/logo\/image\/"},"sameAs":["https:\/\/www.instagram.com\/helloteatoulouse\/"]}]}},"_links":{"self":[{"href":"https:\/\/mde.techdeco.fr\/2024groupe121\/wp-json\/wp\/v2\/pages\/68","targetHints":{"allow":["GET"]}}],"collection":[{"href":"https:\/\/mde.techdeco.fr\/2024groupe121\/wp-json\/wp\/v2\/pages"}],"about":[{"href":"https:\/\/mde.techdeco.fr\/2024groupe121\/wp-json\/wp\/v2\/types\/page"}],"author":[{"embeddable":true,"href":"https:\/\/mde.techdeco.fr\/2024groupe121\/wp-json\/wp\/v2\/users\/4"}],"replies":[{"embeddable":true,"href":"https:\/\/mde.techdeco.fr\/2024groupe121\/wp-json\/wp\/v2\/comments?post=68"}],"version-history":[{"count":60,"href":"https:\/\/mde.techdeco.fr\/2024groupe121\/wp-json\/wp\/v2\/pages\/68\/revisions"}],"predecessor-version":[{"id":2479,"href":"https:\/\/mde.techdeco.fr\/2024groupe121\/wp-json\/wp\/v2\/pages\/68\/revisions\/2479"}],"wp:featuredmedia":[{"embeddable":true,"href":"https:\/\/mde.techdeco.fr\/2024groupe121\/wp-json\/wp\/v2\/media\/1719"}],"wp:attachment":[{"href":"https:\/\/mde.techdeco.fr\/2024groupe121\/wp-json\/wp\/v2\/media?parent=68"}],"curies":[{"name":"wp","href":"https:\/\/api.w.org\/{rel}","templated":true}]}}